{"id":71193,"date":"2021-07-05T09:39:37","date_gmt":"2021-07-05T09:39:37","guid":{"rendered":"https:\/\/abrmedia.org\/?page_id=71193"},"modified":"2021-07-05T12:58:25","modified_gmt":"2021-07-05T12:58:25","slug":"accueil","status":"publish","type":"page","link":"https:\/\/abrmedia.org\/fr\/","title":{"rendered":"Home (French)"},"content":{"rendered":"<p>[vc_row type=&#8221;full_page_width&#8221; padding_top=&#8221;&#8221; padding_bottom=&#8221;&#8221; css=&#8221;.vc_custom_1451747024312{margin-bottom: 12px !important;}&#8221;][vc_column css=&#8221;.vc_custom_1451675335363{margin-bottom: -35px !important;padding-right: 0px !important;padding-left: 0px !important;}&#8221;][layerslider_vc id=&#8221;2&#8243;][\/vc_column][\/vc_row][vc_row type=&#8221;container&#8221; padding_top=&#8221;&#8221; padding_bottom=&#8221;&#8221; css=&#8221;.vc_custom_1451747032411{margin-bottom: 12px !important;}&#8221;][vc_column][vc_column_text]<\/p>\n<h3 style=\"text-align: center;\">Les m\u00e9dias sont un moyen essentiel pour influencer la soci\u00e9t\u00e9 et transmettre des connaissances et une motivation pour permettre le progr\u00e8s \u00e0 la fois pour l\u2019individu et la soci\u00e9t\u00e9 dans son ensemble.<\/h3>\n<p>[\/vc_column_text][\/vc_column][\/vc_row][vc_row type=&#8221;container&#8221; padding_top=&#8221;&#8221; padding_bottom=&#8221;&#8221; css=&#8221;.vc_custom_1451746433787{margin-bottom: 15px !important;}&#8221;][vc_column width=&#8221;1\/3&#8243;][vc_single_image image=&#8221;71149&#8243; img_size=&#8221;large&#8221; onclick=&#8221;custom_link&#8221; link=&#8221;https:\/\/abrmedia.org\/vision\/&#8221; el_class=&#8221;zoom&#8221; css=&#8221;.vc_custom_1621608554336{margin-bottom: -10px !important;}&#8221;][vc_column_text]<\/p>\n<h4 class=\"feature\"><a href=\"https:\/\/abrmedia.org\/fr\/notre-vision\/\">Notre Vision<\/a><\/h4>\n<p><span style=\"color: #999999;\">Que chaque homme, femme et enfant en Afrique entende l&#8217;\u00c9vangile de J\u00e9sus-Christ.<\/span>[\/vc_column_text][\/vc_column][vc_column width=&#8221;1\/3&#8243;][vc_single_image image=&#8221;71148&#8243; img_size=&#8221;large&#8221; onclick=&#8221;custom_link&#8221; link=&#8221;https:\/\/abrmedia.org\/training\/&#8221; el_class=&#8221;zoom&#8221; css=&#8221;.vc_custom_1621608563082{margin-bottom: -10px !important;}&#8221;][vc_column_text]<\/p>\n<h4 class=\"feature\"><a href=\"https:\/\/abrmedia.org\/fr\/training\/\">Formation en M\u00e9dias<\/a><\/h4>\n<p><span style=\"color: #999999;\">Nous encourageons et facilitons la formation et le d\u00e9veloppement dans divers endroits.<\/span>[\/vc_column_text][\/vc_column][vc_column width=&#8221;1\/3&#8243;][vc_single_image image=&#8221;71147&#8243; img_size=&#8221;large&#8221; onclick=&#8221;custom_link&#8221; link=&#8221;https:\/\/abrmedia.org\/category\/conferences\/&#8221; el_class=&#8221;zoom&#8221; css=&#8221;.vc_custom_1621608571572{margin-bottom: -10px !important;}&#8221;][vc_column_text]<\/p>\n<h4 class=\"feature\"><a href=\"#\">Conf\u00e9rences<\/a><\/h4>\n<p><span style=\"color: #999999;\">Nous organisons des conf\u00e9rences pour \u00e9quiper ceux qui ont un fardeau pour atteindre les perdus en utilisant les m\u00e9dias.<\/span>[\/vc_column_text][\/vc_column][\/vc_row][vc_row type=&#8221;container&#8221; padding_top=&#8221;&#8221; padding_bottom=&#8221;&#8221; css=&#8221;.vc_custom_1444833000148{margin-bottom: 15px !important;}&#8221;][vc_column][vc_separator color=&#8221;#eeeeee&#8221; type=&#8221;normal&#8221; thickness=&#8221;1&#8243; up=&#8221;&#8221; down=&#8221;&#8221;][\/vc_column][\/vc_row][vc_row type=&#8221;container&#8221; padding_top=&#8221;&#8221; padding_bottom=&#8221;&#8221; css=&#8221;.vc_custom_1451746323872{margin-bottom: 35px !important;padding-top: 30px !important;}&#8221;][vc_column width=&#8221;1\/3&#8243; css=&#8221;.vc_custom_1451773427166{margin-bottom: 0px !important;}&#8221;][vc_column_text css=&#8221;.vc_custom_1625483611280{margin-bottom: 0px !important;}&#8221;]<\/p>\n<h2 style=\"margin-top: 22px;\">\u00c0 Propos d&#8217;AbR M\u00e9dia<\/h2>\n<p>[\/vc_column_text][\/vc_column][vc_column width=&#8221;2\/3&#8243;][vc_column_text]<\/p>\n<h5>AbR Media est un r\u00e9seau de partenaires associ\u00e9s \u00e9galement, qui reconna\u00eet le travail des organes m\u00e9diatiques locaux, r\u00e9gionaux et internationaux qui travaillent pr\u00e9sentement en Afrique subsaharienne.<\/h5>\n<h5>AbR Media s&#8217;efforce d&#8217;\u00eatre aussi inclusif que possible de toutes ces organisations afin qu&#8217;ensemble nous puissions soutenir la propagation de l&#8217;\u00c9vangile de J\u00e9sus-Christ \u00e0 travers l&#8217;Afrique subsaharienne.<\/h5>\n<p>[\/vc_column_text][\/vc_column][\/vc_row][vc_row type=&#8221;container&#8221; padding_top=&#8221;&#8221; padding_bottom=&#8221;&#8221; css=&#8221;.vc_custom_1449270557833{margin-bottom: 75px !important;}&#8221;][vc_column]        \n\t<script type=\"text\/javascript\">\n\n\tjQuery(document).ready(function($) {\n\n\t\t$(\"#owlslider_1914155440\").owlCarousel({\n\t\t\tautoPlay: 4000, \n\t\t\titems : 5,\n\t\t\tpagination : false,\n\t\t\tstopOnHover : true,\n\t\t\titemsDesktop : [1199,4],\n\t\t\titemsDesktopSmall : [979,3]\n\t\t}); \n\t});\n\n\t<\/script>\n\n<div class=\"cg-logos\">\n\t<div class=\"row\">\n\t\t<div id=\"owlslider_1914155440\" class=\"owl-carousel\">\n\t\t\t\t\t\t\t\n\t\t\t\t\n\t\t\t\t<div class=\"item\">\n\t\t\t\t\t<a href=\"\">\n\t\t\t\t\t\t<img decoding=\"async\" alt=\"logo\" src=\"https:\/\/abrmedia.org\/wp-content\/uploads\/2021\/05\/13-theovision-new-2.jpg\">\n\t\t\t\t\t<\/a>\n\t\t\t\t<\/div>\n\n\t\t\t\n\t\t\t\t\n\t\t\t\t<div class=\"item\">\n\t\t\t\t\t<a href=\"\">\n\t\t\t\t\t\t<img decoding=\"async\" alt=\"logo\" src=\"https:\/\/abrmedia.org\/wp-content\/uploads\/2021\/05\/12-sim-new.jpg\">\n\t\t\t\t\t<\/a>\n\t\t\t\t<\/div>\n\n\t\t\t\n\t\t\t\t\n\t\t\t\t<div class=\"item\">\n\t\t\t\t\t<a href=\"\">\n\t\t\t\t\t\t<img decoding=\"async\" alt=\"logo\" src=\"https:\/\/abrmedia.org\/wp-content\/uploads\/2021\/05\/11-praise-live-new.jpg\">\n\t\t\t\t\t<\/a>\n\t\t\t\t<\/div>\n\n\t\t\t\n\t\t\t\t\n\t\t\t\t<div class=\"item\">\n\t\t\t\t\t<a href=\"\">\n\t\t\t\t\t\t<img decoding=\"async\" alt=\"logo\" src=\"https:\/\/abrmedia.org\/wp-content\/uploads\/2021\/05\/10-new-life-africa-new.jpg\">\n\t\t\t\t\t<\/a>\n\t\t\t\t<\/div>\n\n\t\t\t\n\t\t\t\t\n\t\t\t\t<div class=\"item\">\n\t\t\t\t\t<a href=\"\">\n\t\t\t\t\t\t<img decoding=\"async\" alt=\"logo\" src=\"https:\/\/abrmedia.org\/wp-content\/uploads\/2021\/05\/09-diguna-new.jpg\">\n\t\t\t\t\t<\/a>\n\t\t\t\t<\/div>\n\n\t\t\t\n\t\t\t\t\n\t\t\t\t<div class=\"item\">\n\t\t\t\t\t<a href=\"\">\n\t\t\t\t\t\t<img decoding=\"async\" alt=\"logo\" src=\"https:\/\/abrmedia.org\/wp-content\/uploads\/2021\/05\/08-christianity-works-new.jpg\">\n\t\t\t\t\t<\/a>\n\t\t\t\t<\/div>\n\n\t\t\t\n\t\t\t\t\n\t\t\t\t<div class=\"item\">\n\t\t\t\t\t<a href=\"\">\n\t\t\t\t\t\t<img decoding=\"async\" alt=\"logo\" src=\"https:\/\/abrmedia.org\/wp-content\/uploads\/2021\/05\/07-ucb-new.jpg\">\n\t\t\t\t\t<\/a>\n\t\t\t\t<\/div>\n\n\t\t\t\n\t\t\t\t\n\t\t\t\t<div class=\"item\">\n\t\t\t\t\t<a href=\"\">\n\t\t\t\t\t\t<img decoding=\"async\" alt=\"logo\" src=\"https:\/\/abrmedia.org\/wp-content\/uploads\/2021\/05\/06-twr-new.jpg\">\n\t\t\t\t\t<\/a>\n\t\t\t\t<\/div>\n\n\t\t\t\n\t\t\t\t\n\t\t\t\t<div class=\"item\">\n\t\t\t\t\t<a href=\"\">\n\t\t\t\t\t\t<img decoding=\"async\" alt=\"logo\" src=\"https:\/\/abrmedia.org\/wp-content\/uploads\/2021\/05\/05-ran-new.jpg\">\n\t\t\t\t\t<\/a>\n\t\t\t\t<\/div>\n\n\t\t\t\n\t\t\t\t\n\t\t\t\t<div class=\"item\">\n\t\t\t\t\t<a href=\"\">\n\t\t\t\t\t\t<img decoding=\"async\" alt=\"logo\" src=\"https:\/\/abrmedia.org\/wp-content\/uploads\/2021\/05\/04-ibra-new.jpg\">\n\t\t\t\t\t<\/a>\n\t\t\t\t<\/div>\n\n\t\t\t\n\t\t\t\t\n\t\t\t\t<div class=\"item\">\n\t\t\t\t\t<a href=\"\">\n\t\t\t\t\t\t<img decoding=\"async\" alt=\"logo\" src=\"https:\/\/abrmedia.org\/wp-content\/uploads\/2021\/05\/03-reach-beyond-new.jpg\">\n\t\t\t\t\t<\/a>\n\t\t\t\t<\/div>\n\n\t\t\t\n\t\t\t\t\n\t\t\t\t<div class=\"item\">\n\t\t\t\t\t<a href=\"\">\n\t\t\t\t\t\t<img decoding=\"async\" alt=\"logo\" src=\"https:\/\/abrmedia.org\/wp-content\/uploads\/2021\/05\/02-galcom-new.jpg\">\n\t\t\t\t\t<\/a>\n\t\t\t\t<\/div>\n\n\t\t\t\n\t\t\t\t\n\t\t\t\t<div class=\"item\">\n\t\t\t\t\t<a href=\"\">\n\t\t\t\t\t\t<img decoding=\"async\" alt=\"logo\" src=\"https:\/\/abrmedia.org\/wp-content\/uploads\/2021\/05\/01-feba-new.jpg\">\n\t\t\t\t\t<\/a>\n\t\t\t\t<\/div>\n\n\t\t\t\t\t\t\n\t\t\t\n\t\t<\/div>\n\t<\/div>\n<\/div>\n\n[\/vc_column][\/vc_row][vc_row type=&#8221;full_page_width_inner_container&#8221; padding_top=&#8221;&#8221; padding_bottom=&#8221;&#8221; css=&#8221;.vc_custom_1619876370349{margin-bottom: 55px !important;padding-top: 15px !important;padding-bottom: 15px !important;background-color: #1d961d !important;}&#8221;][vc_column width=&#8221;1\/6&#8243;][\/vc_column][vc_column width=&#8221;2\/3&#8243;][vc_column_text]<\/p>\n<h3 style=\"text-align: center; color: white;\"><em><span class=\"quote\">\u201c<\/span>Notre vision est de voir chaque homme, femme et enfant en Afrique avoir la possibilit\u00e9 d&#8217;allumer une radio et d&#8217;entendre l&#8217;\u00c9vangile de J\u00e9sus-Christ d&#8217;une mani\u00e8re et dans une langue qu&#8217;ils peuvent comprendre.<span class=\"quote\">\u201d<\/span><\/em><\/h3>\n<p>[\/vc_column_text][\/vc_column][vc_column width=&#8221;1\/6&#8243;][\/vc_column][\/vc_row][vc_row type=&#8221;container&#8221; padding_top=&#8221;&#8221; padding_bottom=&#8221;&#8221; css=&#8221;.vc_custom_1451746675472{margin-bottom: 30px !important;}&#8221;][vc_column width=&#8221;1\/3&#8243; css=&#8221;.vc_custom_1451773467212{margin-bottom: 0px !important;}&#8221;][vc_column_text css=&#8221;.vc_custom_1625483705354{margin-bottom: 0px !important;}&#8221;]<\/p>\n<h2 style=\"margin-top: 0.65em;\">Contactez-Nous<\/h2>\n<p>[\/vc_column_text][\/vc_column][vc_column width=&#8221;2\/3&#8243;][vc_column_text]<\/p>\n<h5><span style=\"color: #666666;\">Nous sommes toujours int\u00e9ress\u00e9s par des nouveaux projets, petits ou grands. N&#8217;h\u00e9sitez pas \u00e0 nous contacter.<br \/>\n<\/span><\/h5>\n<p><span style=\"color: #666666;\">Si vous souhaitez nous contacter pour tout probl\u00e8me, appelez <span style=\"color: #000000;\">(+27 21 7854200)<\/span>, ou contactez-nous via notre\u00a0<a href=\"https:\/\/abrmedia.org\/fr\/contactez\/\">page de contact<\/a><br \/>\n<\/span>[\/vc_column_text][\/vc_column][\/vc_row]<\/p>\n","protected":false},"excerpt":{"rendered":"<p>[vc_row type=&#8221;full_page_width&#8221; padding_top=&#8221;&#8221; padding_bottom=&#8221;&#8221; css=&#8221;.vc_custom_1451747024312{margin-bottom: 12px !important;}&#8221;][vc_column css=&#8221;.vc_custom_1451675335363{margin-bottom: -35px !important;padding-right: 0px !important;padding-left: 0px !important;}&#8221;][layerslider_vc id=&#8221;2&#8243;][\/vc_column][\/vc_row][vc_row type=&#8221;container&#8221; padding_top=&#8221;&#8221; padding_bottom=&#8221;&#8221; css=&#8221;.vc_custom_1451747032411{margin-bottom: 12px !important;}&#8221;][vc_column][vc_column_text] Les m\u00e9dias sont un moyen essentiel pour influencer la soci\u00e9t\u00e9 et transmettre des connaissances et une motivation pour permettre le progr\u00e8s \u00e0 la fois pour l\u2019individu et la soci\u00e9t\u00e9 dans son ensemble. [\/vc_column_text][\/vc_column][\/vc_row][vc_row type=&#8221;container&#8221; [&hellip;]<\/p>\n","protected":false},"author":1,"featured_media":0,"parent":0,"menu_order":0,"comment_status":"closed","ping_status":"closed","template":"page-full-width.php","meta":{"footnotes":""},"class_list":["post-71193","page","type-page","status-publish","hentry"],"acf":[],"yoast_head":"<!-- This site is optimized with the Yoast SEO plugin v19.11 - https:\/\/yoast.com\/wordpress\/plugins\/seo\/ -->\n<title>Home (French) - AbR Media<\/title>\n<meta name=\"robots\" content=\"index, follow, max-snippet:-1, max-image-preview:large, max-video-preview:-1\" \/>\n<link rel=\"canonical\" href=\"https:\/\/abrmedia.org\/fr\/\" \/>\n<meta property=\"og:locale\" content=\"fr_FR\" \/>\n<meta property=\"og:type\" content=\"article\" \/>\n<meta property=\"og:title\" content=\"Home (French) - AbR Media\" \/>\n<meta property=\"og:description\" content=\"[vc_row type=&#8221;full_page_width&#8221; padding_top=&#8221;&#8221; padding_bottom=&#8221;&#8221; css=&#8221;.vc_custom_1451747024312{margin-bottom: 12px !important;}&#8221;][vc_column css=&#8221;.vc_custom_1451675335363{margin-bottom: -35px !important;padding-right: 0px !important;padding-left: 0px !important;}&#8221;][layerslider_vc id=&#8221;2&#8243;][\/vc_column][\/vc_row][vc_row type=&#8221;container&#8221; padding_top=&#8221;&#8221; padding_bottom=&#8221;&#8221; css=&#8221;.vc_custom_1451747032411{margin-bottom: 12px !important;}&#8221;][vc_column][vc_column_text] Les m\u00e9dias sont un moyen essentiel pour influencer la soci\u00e9t\u00e9 et transmettre des connaissances et une motivation pour permettre le progr\u00e8s \u00e0 la fois pour l\u2019individu et la soci\u00e9t\u00e9 dans son ensemble. [\/vc_column_text][\/vc_column][\/vc_row][vc_row type=&#8221;container&#8221; [&hellip;]\" \/>\n<meta property=\"og:url\" content=\"https:\/\/abrmedia.org\/fr\/\" \/>\n<meta property=\"og:site_name\" content=\"AbR Media\" \/>\n<meta property=\"article:modified_time\" content=\"2021-07-05T12:58:25+00:00\" \/>\n<meta name=\"twitter:card\" content=\"summary_large_image\" \/>\n<meta name=\"twitter:label1\" content=\"Dur\u00e9e de lecture estim\u00e9e\" \/>\n\t<meta name=\"twitter:data1\" content=\"2 minutes\" \/>\n<script type=\"application\/ld+json\" class=\"yoast-schema-graph\">{\"@context\":\"https:\/\/schema.org\",\"@graph\":[{\"@type\":\"WebPage\",\"@id\":\"https:\/\/abrmedia.org\/fr\/\",\"url\":\"https:\/\/abrmedia.org\/fr\/\",\"name\":\"Home (French) - AbR Media\",\"isPartOf\":{\"@id\":\"https:\/\/abrmedia.org\/#website\"},\"datePublished\":\"2021-07-05T09:39:37+00:00\",\"dateModified\":\"2021-07-05T12:58:25+00:00\",\"breadcrumb\":{\"@id\":\"https:\/\/abrmedia.org\/fr\/#breadcrumb\"},\"inLanguage\":\"fr-FR\",\"potentialAction\":[{\"@type\":\"ReadAction\",\"target\":[\"https:\/\/abrmedia.org\/fr\/\"]}]},{\"@type\":\"BreadcrumbList\",\"@id\":\"https:\/\/abrmedia.org\/fr\/#breadcrumb\",\"itemListElement\":[{\"@type\":\"ListItem\",\"position\":1,\"name\":\"Home\",\"item\":\"https:\/\/abrmedia.org\/fr\/\"},{\"@type\":\"ListItem\",\"position\":2,\"name\":\"Accueil\"}]},{\"@type\":\"WebSite\",\"@id\":\"https:\/\/abrmedia.org\/#website\",\"url\":\"https:\/\/abrmedia.org\/\",\"name\":\"AbR Media\",\"description\":\"This is a tagline\",\"potentialAction\":[{\"@type\":\"SearchAction\",\"target\":{\"@type\":\"EntryPoint\",\"urlTemplate\":\"https:\/\/abrmedia.org\/?s={search_term_string}\"},\"query-input\":\"required name=search_term_string\"}],\"inLanguage\":\"fr-FR\"}]}<\/script>\n<!-- \/ Yoast SEO plugin. -->","yoast_head_json":{"title":"Home (French) - AbR Media","robots":{"index":"index","follow":"follow","max-snippet":"max-snippet:-1","max-image-preview":"max-image-preview:large","max-video-preview":"max-video-preview:-1"},"canonical":"https:\/\/abrmedia.org\/fr\/","og_locale":"fr_FR","og_type":"article","og_title":"Home (French) - AbR Media","og_description":"[vc_row type=&#8221;full_page_width&#8221; padding_top=&#8221;&#8221; padding_bottom=&#8221;&#8221; css=&#8221;.vc_custom_1451747024312{margin-bottom: 12px !important;}&#8221;][vc_column css=&#8221;.vc_custom_1451675335363{margin-bottom: -35px !important;padding-right: 0px !important;padding-left: 0px !important;}&#8221;][layerslider_vc id=&#8221;2&#8243;][\/vc_column][\/vc_row][vc_row type=&#8221;container&#8221; padding_top=&#8221;&#8221; padding_bottom=&#8221;&#8221; css=&#8221;.vc_custom_1451747032411{margin-bottom: 12px !important;}&#8221;][vc_column][vc_column_text] Les m\u00e9dias sont un moyen essentiel pour influencer la soci\u00e9t\u00e9 et transmettre des connaissances et une motivation pour permettre le progr\u00e8s \u00e0 la fois pour l\u2019individu et la soci\u00e9t\u00e9 dans son ensemble. [\/vc_column_text][\/vc_column][\/vc_row][vc_row type=&#8221;container&#8221; [&hellip;]","og_url":"https:\/\/abrmedia.org\/fr\/","og_site_name":"AbR Media","article_modified_time":"2021-07-05T12:58:25+00:00","twitter_card":"summary_large_image","twitter_misc":{"Dur\u00e9e de lecture estim\u00e9e":"2 minutes"},"schema":{"@context":"https:\/\/schema.org","@graph":[{"@type":"WebPage","@id":"https:\/\/abrmedia.org\/fr\/","url":"https:\/\/abrmedia.org\/fr\/","name":"Home (French) - AbR Media","isPartOf":{"@id":"https:\/\/abrmedia.org\/#website"},"datePublished":"2021-07-05T09:39:37+00:00","dateModified":"2021-07-05T12:58:25+00:00","breadcrumb":{"@id":"https:\/\/abrmedia.org\/fr\/#breadcrumb"},"inLanguage":"fr-FR","potentialAction":[{"@type":"ReadAction","target":["https:\/\/abrmedia.org\/fr\/"]}]},{"@type":"BreadcrumbList","@id":"https:\/\/abrmedia.org\/fr\/#breadcrumb","itemListElement":[{"@type":"ListItem","position":1,"name":"Home","item":"https:\/\/abrmedia.org\/fr\/"},{"@type":"ListItem","position":2,"name":"Accueil"}]},{"@type":"WebSite","@id":"https:\/\/abrmedia.org\/#website","url":"https:\/\/abrmedia.org\/","name":"AbR Media","description":"This is a tagline","potentialAction":[{"@type":"SearchAction","target":{"@type":"EntryPoint","urlTemplate":"https:\/\/abrmedia.org\/?s={search_term_string}"},"query-input":"required name=search_term_string"}],"inLanguage":"fr-FR"}]}},"_links":{"self":[{"href":"https:\/\/abrmedia.org\/fr\/wp-json\/wp\/v2\/pages\/71193","targetHints":{"allow":["GET"]}}],"collection":[{"href":"https:\/\/abrmedia.org\/fr\/wp-json\/wp\/v2\/pages"}],"about":[{"href":"https:\/\/abrmedia.org\/fr\/wp-json\/wp\/v2\/types\/page"}],"author":[{"embeddable":true,"href":"https:\/\/abrmedia.org\/fr\/wp-json\/wp\/v2\/users\/1"}],"replies":[{"embeddable":true,"href":"https:\/\/abrmedia.org\/fr\/wp-json\/wp\/v2\/comments?post=71193"}],"version-history":[{"count":20,"href":"https:\/\/abrmedia.org\/fr\/wp-json\/wp\/v2\/pages\/71193\/revisions"}],"predecessor-version":[{"id":71357,"href":"https:\/\/abrmedia.org\/fr\/wp-json\/wp\/v2\/pages\/71193\/revisions\/71357"}],"wp:attachment":[{"href":"https:\/\/abrmedia.org\/fr\/wp-json\/wp\/v2\/media?parent=71193"}],"curies":[{"name":"wp","href":"https:\/\/api.w.org\/{rel}","templated":true}]}}