{"id":71206,"date":"2021-07-05T10:21:46","date_gmt":"2021-07-05T10:21:46","guid":{"rendered":"https:\/\/abrmedia.org\/?page_id=71206"},"modified":"2021-07-05T10:47:17","modified_gmt":"2021-07-05T10:47:17","slug":"about","status":"publish","type":"page","link":"https:\/\/abrmedia.org\/fr\/about\/","title":{"rendered":"\u00c0 Propos"},"content":{"rendered":"<p>[vc_row type=&#8221;container&#8221; padding_top=&#8221;&#8221; padding_bottom=&#8221;&#8221; css=&#8221;.vc_custom_1619870489800{padding-top: 50px !important;}&#8221;][vc_column width=&#8221;1\/2&#8243; css=&#8221;.vc_custom_1449147431196{margin-bottom: 35px !important;}&#8221;][vc_column_text css=&#8221;.vc_custom_1621586478439{padding-right: 10px !important;}&#8221;]<\/p>\n<h2 style=\"margin-top: 0px;\">Qui Nous Sommes<\/h2>\n<p>AbR Media est un r\u00e9seau d&#8217;associ\u00e9s qui reconna\u00eet le travail des organes m\u00e9diatiques locaux, r\u00e9gionaux et internationaux qui travaillent pr\u00e9sentement en Afrique. Par cons\u00e9quent, des m\u00e9canismes ont \u00e9t\u00e9 mis en place qui permettent \u00e0 AbR Media d&#8217;\u00eatre aussi inclusif que possible de toutes ces organisations afin qu&#8217;ensemble nous puissions soutenir la diffusion de l&#8217;\u00c9vangile de J\u00e9sus-Christ \u00e0 travers l&#8217;Afrique.<\/p>\n<h3 style=\"margin-top: 0px;\">Pourquoi AbR Media?<\/h3>\n<p>Lors d&#8217;une r\u00e9union au Burkina Faso en juillet\/ao\u00fbt 2004, un forum de divers radiodiffuseurs chr\u00e9tiens qui travaillent \u00e0 travers l&#8217;Afrique a \u00e9t\u00e9 invit\u00e9 \u00e0 r\u00e9fl\u00e9chir pour une nouvelle mani\u00e8re et strat\u00e9gie pour l\u2019Afrique. Gr\u00e2ce \u00e0 la discussion, ils s\u2019accord\u00e8rent \u00e1 coop\u00e9rer et de travailler ensemble de mani\u00e8re proactive afin que, avec l&#8217;aide de Dieu, le minist\u00e8re des m\u00e9dias soit maximis\u00e9 \u00e0 tous les niveaux.<\/p>\n<h3 style=\"margin-top: 0px;\">Code de Pratique Professionnelle<\/h3>\n<p>Il est largement reconnu que les m\u00e9dias sont un moyen essentiel d&#8217;influencer la soci\u00e9t\u00e9, de transmettre des connaissances, de motiver et de permettre le progr\u00e8s tant pour les individus que pour la soci\u00e9t\u00e9 dans son ensemble. Le divertissement m\u00e9diatique doit \u00e9galement \u00eatre \u00e9thiquement et moralement solide et pertinent car il a une grande influence sur l&#8217;orientation de la soci\u00e9t\u00e9.<\/p>\n<h3 style=\"margin-top: 0px;\">Comment Nous Fonctionnons<\/h3>\n<p>Les lignes directrices concernant les activit\u00e9s d&#8217;AbR Media sont \u00e9nonc\u00e9es dans le protocole d&#8217;accord d&#8217;AbR Media.<\/p>\n<h3 style=\"margin-top: 0px;\">L&#8217;Alliance de Lausanne<\/h3>\n<p>AbR Media souscrit au Pacte de Lausanne en tant que d\u00e9claration de foi.<\/p>\n<p>[\/vc_column_text][\/vc_column][vc_column width=&#8221;1\/2&#8243; css=&#8221;.vc_custom_1451760818909{padding-top: 14px !important;}&#8221;][vc_single_image image=&#8221;71151&#8243; img_size=&#8221;full&#8221;][vc_row_inner css=&#8221;.vc_custom_1449574756848{margin-bottom: 0px !important;}&#8221;][vc_column_inner width=&#8221;1\/2&#8243;][vc_single_image image=&#8221;71157&#8243; img_size=&#8221;full&#8221;][vc_single_image image=&#8221;71154&#8243; img_size=&#8221;full&#8221;][\/vc_column_inner][vc_column_inner width=&#8221;1\/2&#8243; css=&#8221;.vc_custom_1449574764907{margin-bottom: 35px !important;}&#8221;][vc_single_image image=&#8221;71155&#8243; img_size=&#8221;full&#8221;][vc_single_image image=&#8221;71156&#8243; img_size=&#8221;full&#8221;][\/vc_column_inner][\/vc_row_inner][\/vc_column][\/vc_row][vc_row type=&#8221;full_page_width_inner_container&#8221; padding_top=&#8221;&#8221; padding_bottom=&#8221;&#8221; css=&#8221;.vc_custom_1619855350329{margin-bottom: 0px !important;padding-top: 20px !important;padding-bottom: 20px !important;background-color: #1d961d !important;}&#8221;][vc_column width=&#8221;1\/6&#8243;][\/vc_column][vc_column width=&#8221;2\/3&#8243;][vc_column_text]<\/p>\n<h3 style=\"text-align: center; color: white;\"><em><span class=\"quote\">\u201c<\/span>Notre vision est de voir chaque homme, femme et enfant en Afrique avoir la possibilit\u00e9 d&#8217;allumer une radio et entendre l&#8217;\u00c9vangile de J\u00e9sus-Christ d&#8217;une mani\u00e8re et dans une langue qu&#8217;ils puissent comprendre.<span class=\"quote\">\u201d<\/span><\/em><\/h3>\n<p>[\/vc_column_text][\/vc_column][vc_column width=&#8221;1\/6&#8243;][\/vc_column][\/vc_row][vc_row type=&#8221;full_page_width_inner_container&#8221; padding_top=&#8221;&#8221; padding_bottom=&#8221;&#8221; css=&#8221;.vc_custom_1619883867911{padding-top: 40px !important;padding-bottom: 20px !important;background-position: center !important;background-repeat: no-repeat !important;background-size: cover !important;}&#8221;][vc_column css=&#8221;.vc_custom_1445098522820{margin-bottom: 35px !important;}&#8221;][vc_row_inner][vc_column_inner][vc_column_text]<\/p>\n<h3 style=\"text-align: center; color: #000000;\">Nos Fondateurs<\/h3>\n<p>[\/vc_column_text]        \n\t<script type=\"text\/javascript\">\n\n\tjQuery(document).ready(function($) {\n\n\t\t$(\"#owlslider_1962313829\").owlCarousel({\n\t\t\tautoPlay: 4000, \n\t\t\titems : 5,\n\t\t\tpagination : false,\n\t\t\tstopOnHover : true,\n\t\t\titemsDesktop : [1199,4],\n\t\t\titemsDesktopSmall : [979,3]\n\t\t}); \n\t});\n\n\t<\/script>\n\n<div class=\"cg-logos\">\n\t<div class=\"row\">\n\t\t<div id=\"owlslider_1962313829\" class=\"owl-carousel\">\n\t\t\t\t\t\t\t\n\t\t\t\t\n\t\t\t\t<div class=\"item\">\n\t\t\t\t\t<a href=\"\">\n\t\t\t\t\t\t<img decoding=\"async\" alt=\"logo\" src=\"https:\/\/abrmedia.org\/wp-content\/uploads\/2021\/05\/13-theovision-new-2.jpg\">\n\t\t\t\t\t<\/a>\n\t\t\t\t<\/div>\n\n\t\t\t\n\t\t\t\t\n\t\t\t\t<div class=\"item\">\n\t\t\t\t\t<a href=\"\">\n\t\t\t\t\t\t<img decoding=\"async\" alt=\"logo\" src=\"https:\/\/abrmedia.org\/wp-content\/uploads\/2021\/05\/12-sim-new.jpg\">\n\t\t\t\t\t<\/a>\n\t\t\t\t<\/div>\n\n\t\t\t\n\t\t\t\t\n\t\t\t\t<div class=\"item\">\n\t\t\t\t\t<a href=\"\">\n\t\t\t\t\t\t<img decoding=\"async\" alt=\"logo\" src=\"https:\/\/abrmedia.org\/wp-content\/uploads\/2021\/05\/11-praise-live-new.jpg\">\n\t\t\t\t\t<\/a>\n\t\t\t\t<\/div>\n\n\t\t\t\n\t\t\t\t\n\t\t\t\t<div class=\"item\">\n\t\t\t\t\t<a href=\"\">\n\t\t\t\t\t\t<img decoding=\"async\" alt=\"logo\" src=\"https:\/\/abrmedia.org\/wp-content\/uploads\/2021\/05\/10-new-life-africa-new.jpg\">\n\t\t\t\t\t<\/a>\n\t\t\t\t<\/div>\n\n\t\t\t\n\t\t\t\t\n\t\t\t\t<div class=\"item\">\n\t\t\t\t\t<a href=\"\">\n\t\t\t\t\t\t<img decoding=\"async\" alt=\"logo\" src=\"https:\/\/abrmedia.org\/wp-content\/uploads\/2021\/05\/09-diguna-new.jpg\">\n\t\t\t\t\t<\/a>\n\t\t\t\t<\/div>\n\n\t\t\t\n\t\t\t\t\n\t\t\t\t<div class=\"item\">\n\t\t\t\t\t<a href=\"\">\n\t\t\t\t\t\t<img decoding=\"async\" alt=\"logo\" src=\"https:\/\/abrmedia.org\/wp-content\/uploads\/2021\/05\/08-christianity-works-new.jpg\">\n\t\t\t\t\t<\/a>\n\t\t\t\t<\/div>\n\n\t\t\t\n\t\t\t\t\n\t\t\t\t<div class=\"item\">\n\t\t\t\t\t<a href=\"\">\n\t\t\t\t\t\t<img decoding=\"async\" alt=\"logo\" src=\"https:\/\/abrmedia.org\/wp-content\/uploads\/2021\/05\/07-ucb-new.jpg\">\n\t\t\t\t\t<\/a>\n\t\t\t\t<\/div>\n\n\t\t\t\n\t\t\t\t\n\t\t\t\t<div class=\"item\">\n\t\t\t\t\t<a href=\"\">\n\t\t\t\t\t\t<img decoding=\"async\" alt=\"logo\" src=\"https:\/\/abrmedia.org\/wp-content\/uploads\/2021\/05\/06-twr-new.jpg\">\n\t\t\t\t\t<\/a>\n\t\t\t\t<\/div>\n\n\t\t\t\n\t\t\t\t\n\t\t\t\t<div class=\"item\">\n\t\t\t\t\t<a href=\"\">\n\t\t\t\t\t\t<img decoding=\"async\" alt=\"logo\" src=\"https:\/\/abrmedia.org\/wp-content\/uploads\/2021\/05\/05-ran-new.jpg\">\n\t\t\t\t\t<\/a>\n\t\t\t\t<\/div>\n\n\t\t\t\n\t\t\t\t\n\t\t\t\t<div class=\"item\">\n\t\t\t\t\t<a href=\"\">\n\t\t\t\t\t\t<img decoding=\"async\" alt=\"logo\" src=\"https:\/\/abrmedia.org\/wp-content\/uploads\/2021\/05\/04-ibra-new.jpg\">\n\t\t\t\t\t<\/a>\n\t\t\t\t<\/div>\n\n\t\t\t\n\t\t\t\t\n\t\t\t\t<div class=\"item\">\n\t\t\t\t\t<a href=\"\">\n\t\t\t\t\t\t<img decoding=\"async\" alt=\"logo\" src=\"https:\/\/abrmedia.org\/wp-content\/uploads\/2021\/05\/03-reach-beyond-new.jpg\">\n\t\t\t\t\t<\/a>\n\t\t\t\t<\/div>\n\n\t\t\t\n\t\t\t\t\n\t\t\t\t<div class=\"item\">\n\t\t\t\t\t<a href=\"\">\n\t\t\t\t\t\t<img decoding=\"async\" alt=\"logo\" src=\"https:\/\/abrmedia.org\/wp-content\/uploads\/2021\/05\/02-galcom-new.jpg\">\n\t\t\t\t\t<\/a>\n\t\t\t\t<\/div>\n\n\t\t\t\n\t\t\t\t\n\t\t\t\t<div class=\"item\">\n\t\t\t\t\t<a href=\"\">\n\t\t\t\t\t\t<img decoding=\"async\" alt=\"logo\" src=\"https:\/\/abrmedia.org\/wp-content\/uploads\/2021\/05\/01-feba-new.jpg\">\n\t\t\t\t\t<\/a>\n\t\t\t\t<\/div>\n\n\t\t\t\t\t\t\n\t\t\t\n\t\t<\/div>\n\t<\/div>\n<\/div>\n\n[\/vc_column_inner][\/vc_row_inner][\/vc_column][\/vc_row]<\/p>\n","protected":false},"excerpt":{"rendered":"<p>[vc_row type=&#8221;container&#8221; padding_top=&#8221;&#8221; padding_bottom=&#8221;&#8221; css=&#8221;.vc_custom_1619870489800{padding-top: 50px !important;}&#8221;][vc_column width=&#8221;1\/2&#8243; css=&#8221;.vc_custom_1449147431196{margin-bottom: 35px !important;}&#8221;][vc_column_text css=&#8221;.vc_custom_1621586478439{padding-right: 10px !important;}&#8221;] Qui Nous Sommes AbR Media est un r\u00e9seau d&#8217;associ\u00e9s qui reconna\u00eet le travail des organes m\u00e9diatiques locaux, r\u00e9gionaux et internationaux qui travaillent pr\u00e9sentement en Afrique. Par cons\u00e9quent, des m\u00e9canismes ont \u00e9t\u00e9 mis en place qui permettent \u00e0 AbR Media d&#8217;\u00eatre aussi [&hellip;]<\/p>\n","protected":false},"author":1,"featured_media":0,"parent":0,"menu_order":0,"comment_status":"closed","ping_status":"closed","template":"page-full-width.php","meta":{"footnotes":""},"class_list":["post-71206","page","type-page","status-publish","hentry"],"acf":[],"yoast_head":"<!-- This site is optimized with the Yoast SEO plugin v19.11 - https:\/\/yoast.com\/wordpress\/plugins\/seo\/ -->\n<title>\u00c0 Propos - AbR Media<\/title>\n<meta name=\"description\" content=\"We work on the cusp of innovation and technology to take products from an idea all the way to the end consumer.\" \/>\n<meta name=\"robots\" content=\"index, follow, max-snippet:-1, max-image-preview:large, max-video-preview:-1\" \/>\n<link rel=\"canonical\" href=\"https:\/\/abrmedia.org\/fr\/about\/\" \/>\n<meta property=\"og:locale\" content=\"fr_FR\" \/>\n<meta property=\"og:type\" content=\"article\" \/>\n<meta property=\"og:title\" content=\"\u00c0 Propos - AbR Media\" \/>\n<meta property=\"og:description\" content=\"We work on the cusp of innovation and technology to take products from an idea all the way to the end consumer.\" \/>\n<meta property=\"og:url\" content=\"https:\/\/abrmedia.org\/fr\/about\/\" \/>\n<meta property=\"og:site_name\" content=\"AbR Media\" \/>\n<meta property=\"article:modified_time\" content=\"2021-07-05T10:47:17+00:00\" \/>\n<meta name=\"twitter:card\" content=\"summary_large_image\" \/>\n<meta name=\"twitter:label1\" content=\"Dur\u00e9e de lecture estim\u00e9e\" \/>\n\t<meta name=\"twitter:data1\" content=\"2 minutes\" \/>\n<script type=\"application\/ld+json\" class=\"yoast-schema-graph\">{\"@context\":\"https:\/\/schema.org\",\"@graph\":[{\"@type\":\"WebPage\",\"@id\":\"https:\/\/abrmedia.org\/fr\/about\/\",\"url\":\"https:\/\/abrmedia.org\/fr\/about\/\",\"name\":\"\u00c0 Propos - AbR Media\",\"isPartOf\":{\"@id\":\"https:\/\/abrmedia.org\/#website\"},\"datePublished\":\"2021-07-05T10:21:46+00:00\",\"dateModified\":\"2021-07-05T10:47:17+00:00\",\"description\":\"We work on the cusp of innovation and technology to take products from an idea all the way to the end consumer.\",\"breadcrumb\":{\"@id\":\"https:\/\/abrmedia.org\/fr\/about\/#breadcrumb\"},\"inLanguage\":\"fr-FR\",\"potentialAction\":[{\"@type\":\"ReadAction\",\"target\":[\"https:\/\/abrmedia.org\/fr\/about\/\"]}]},{\"@type\":\"BreadcrumbList\",\"@id\":\"https:\/\/abrmedia.org\/fr\/about\/#breadcrumb\",\"itemListElement\":[{\"@type\":\"ListItem\",\"position\":1,\"name\":\"Home\",\"item\":\"https:\/\/abrmedia.org\/fr\/\"},{\"@type\":\"ListItem\",\"position\":2,\"name\":\"\u00c0 Propos\"}]},{\"@type\":\"WebSite\",\"@id\":\"https:\/\/abrmedia.org\/#website\",\"url\":\"https:\/\/abrmedia.org\/\",\"name\":\"AbR Media\",\"description\":\"This is a tagline\",\"potentialAction\":[{\"@type\":\"SearchAction\",\"target\":{\"@type\":\"EntryPoint\",\"urlTemplate\":\"https:\/\/abrmedia.org\/?s={search_term_string}\"},\"query-input\":\"required name=search_term_string\"}],\"inLanguage\":\"fr-FR\"}]}<\/script>\n<!-- \/ Yoast SEO plugin. -->","yoast_head_json":{"title":"\u00c0 Propos - AbR Media","description":"We work on the cusp of innovation and technology to take products from an idea all the way to the end consumer.","robots":{"index":"index","follow":"follow","max-snippet":"max-snippet:-1","max-image-preview":"max-image-preview:large","max-video-preview":"max-video-preview:-1"},"canonical":"https:\/\/abrmedia.org\/fr\/about\/","og_locale":"fr_FR","og_type":"article","og_title":"\u00c0 Propos - AbR Media","og_description":"We work on the cusp of innovation and technology to take products from an idea all the way to the end consumer.","og_url":"https:\/\/abrmedia.org\/fr\/about\/","og_site_name":"AbR Media","article_modified_time":"2021-07-05T10:47:17+00:00","twitter_card":"summary_large_image","twitter_misc":{"Dur\u00e9e de lecture estim\u00e9e":"2 minutes"},"schema":{"@context":"https:\/\/schema.org","@graph":[{"@type":"WebPage","@id":"https:\/\/abrmedia.org\/fr\/about\/","url":"https:\/\/abrmedia.org\/fr\/about\/","name":"\u00c0 Propos - AbR Media","isPartOf":{"@id":"https:\/\/abrmedia.org\/#website"},"datePublished":"2021-07-05T10:21:46+00:00","dateModified":"2021-07-05T10:47:17+00:00","description":"We work on the cusp of innovation and technology to take products from an idea all the way to the end consumer.","breadcrumb":{"@id":"https:\/\/abrmedia.org\/fr\/about\/#breadcrumb"},"inLanguage":"fr-FR","potentialAction":[{"@type":"ReadAction","target":["https:\/\/abrmedia.org\/fr\/about\/"]}]},{"@type":"BreadcrumbList","@id":"https:\/\/abrmedia.org\/fr\/about\/#breadcrumb","itemListElement":[{"@type":"ListItem","position":1,"name":"Home","item":"https:\/\/abrmedia.org\/fr\/"},{"@type":"ListItem","position":2,"name":"\u00c0 Propos"}]},{"@type":"WebSite","@id":"https:\/\/abrmedia.org\/#website","url":"https:\/\/abrmedia.org\/","name":"AbR Media","description":"This is a tagline","potentialAction":[{"@type":"SearchAction","target":{"@type":"EntryPoint","urlTemplate":"https:\/\/abrmedia.org\/?s={search_term_string}"},"query-input":"required name=search_term_string"}],"inLanguage":"fr-FR"}]}},"_links":{"self":[{"href":"https:\/\/abrmedia.org\/fr\/wp-json\/wp\/v2\/pages\/71206","targetHints":{"allow":["GET"]}}],"collection":[{"href":"https:\/\/abrmedia.org\/fr\/wp-json\/wp\/v2\/pages"}],"about":[{"href":"https:\/\/abrmedia.org\/fr\/wp-json\/wp\/v2\/types\/page"}],"author":[{"embeddable":true,"href":"https:\/\/abrmedia.org\/fr\/wp-json\/wp\/v2\/users\/1"}],"replies":[{"embeddable":true,"href":"https:\/\/abrmedia.org\/fr\/wp-json\/wp\/v2\/comments?post=71206"}],"version-history":[{"count":17,"href":"https:\/\/abrmedia.org\/fr\/wp-json\/wp\/v2\/pages\/71206\/revisions"}],"predecessor-version":[{"id":71255,"href":"https:\/\/abrmedia.org\/fr\/wp-json\/wp\/v2\/pages\/71206\/revisions\/71255"}],"wp:attachment":[{"href":"https:\/\/abrmedia.org\/fr\/wp-json\/wp\/v2\/media?parent=71206"}],"curies":[{"name":"wp","href":"https:\/\/api.w.org\/{rel}","templated":true}]}}