{"id":71261,"date":"2021-07-05T11:26:00","date_gmt":"2021-07-05T11:26:00","guid":{"rendered":"https:\/\/abrmedia.org\/notre-vision\/"},"modified":"2021-07-05T11:39:05","modified_gmt":"2021-07-05T11:39:05","slug":"notre-vision","status":"publish","type":"page","link":"https:\/\/abrmedia.org\/fr\/notre-vision\/","title":{"rendered":"Notre Vision"},"content":{"rendered":"<p>[vc_row type=&#8221;container&#8221; padding_top=&#8221;&#8221; padding_bottom=&#8221;&#8221;][vc_column][vc_column_text]<\/p>\n<h2>Notre Vision<\/h2>\n<p>AbR Media est un groupe de professionnels des m\u00e9dias chr\u00e9tiens unifi\u00e9s par une strat\u00e9gie convenue, soutenant le plan de Dieu pour l&#8217;Afrique.<\/p>\n<p>Nous nous engageons \u00e0 faire en sorte que chaque homme, femme et enfant en Afrique ait la possibilit\u00e9 d&#8217;entendre l&#8217;\u00c9vangile de J\u00e9sus-Christ \u00e0 travers un moyen auquel il peut acc\u00e9der, dans une langue qu&#8217;il peut comprendre, afin qu&#8217;il puisse devenir disciple de J\u00e9sus.[\/vc_column_text][\/vc_column][\/vc_row][vc_row type=&#8221;container&#8221; padding_top=&#8221;&#8221; padding_bottom=&#8221;&#8221; css=&#8221;.vc_custom_1449063285344{margin-bottom: 50px !important;}&#8221;][vc_column][vc_tta_tabs style=&#8221;flat&#8221; active_section=&#8221;1&#8243;][vc_tta_section title=&#8221;\u00c9nonc\u00e9 de Mission&#8221; tab_id=&#8221;1444300654474-2bfb86dc-fd3a&#8221;][vc_column_text]<\/p>\n<ul>\n<li>Soutenir un cadre strat\u00e9gique pour les radiodiffuseurs chr\u00e9tiens africains en vue d&#8217;\u00e9viter la duplication des efforts, en encourageant la coop\u00e9ration dans la proclamation de l&#8217;\u00c9vangile de J\u00e9sus-Christ aux Africains subsahariens.<\/li>\n<li>Promouvoir la coordination sur les questions de radiodiffusion de nature strat\u00e9gique.<\/li>\n<li>Promouvoir les opportunit\u00e9s de r\u00e9seautage continental, r\u00e9gional et local pour les radiodiffuseurs chr\u00e9tiens.<\/li>\n<li>Encourager et soutenir la recherche strat\u00e9gique qui soutiendra la vision d&#8217;AbR Media.<\/li>\n<li>Maintenir une vaste base de donn\u00e9es pour responsabiliser les minist\u00e8res des m\u00e9dias nouveaux et existants.<\/li>\n<li>Promouvoir et unifier les efforts pour proclamer l&#8217;\u00c9vangile de J\u00e9sus-Christ \u00e0 travers les m\u00e9dias en Afrique subsaharienne.<\/li>\n<li>Encourager le d\u00e9veloppement de m\u00e9dias cibl\u00e9s pour des groupes d&#8217;auditeurs sp\u00e9cifiques de nature strat\u00e9gique.<\/li>\n<li>\uf0a7\tPromouvoir la formation et le d\u00e9veloppement des radiodiffuseurs chr\u00e9tiens, en reconnaissant le r\u00f4le du r\u00e9seau \u00ab Africa Media Trainers. \u00bb<\/li>\n<\/ul>\n<p>[\/vc_column_text][\/vc_tta_section][vc_tta_section title=&#8221;D\u00e9claration de Foi&#8221; tab_id=&#8221;1444300654691-e081e086-5ad3&#8243;][vc_column_text]Nous croyons :<\/p>\n<ul>\n<li>Que la Bible, telle que donn\u00e9e par Dieu, est divinement inspir\u00e9e, infaillible et l&#8217;autorit\u00e9 supr\u00eame dans tous les domaines de la foi et de la pratique.<\/li>\n<li>En un seul Dieu, existant \u00e9ternellement en trois personnes, P\u00e8re, Fils et Saint-Esprit.<\/li>\n<li>En notre Seigneur J\u00e9sus-Christ, Dieu manifest\u00e9 dans la chair, Sa naissance virginale, Sa vie sans p\u00e9ch\u00e9, Ses miracles et Sa mort expiatoire.<\/li>\n<li>Dans la r\u00e9surrection corporelle de J\u00e9sus-Christ d&#8217;entre les morts et son retour personnel.<\/li>\n<li>Que tous ont p\u00e9ch\u00e9 et sont justement soumis au jugement de Dieu.<\/li>\n<li>Cette r\u00e9demption du p\u00e9ch\u00e9 n&#8217;est possible que par la mort, le sang vers\u00e9 et la r\u00e9surrection de J\u00e9sus-Christ.<\/li>\n<li>Dans la n\u00e9cessit\u00e9 de l&#8217;\u0153uvre du Saint-Esprit pour rendre effective la mort du Christ pour le p\u00e9cheur individuel, accordant la repentance envers Dieu et la foi en notre Seigneur J\u00e9sus-Christ, permettant au croyant de vivre une vie sainte et de t\u00e9moigner et de travailler pour Lui.<\/li>\n<li>Dans la r\u00e9surrection du corps, la r\u00e9compense \u00e9ternelle des justes, et la peine \u00e9ternelle des injustes.<\/li>\n<li>Que chaque croyant soit baptis\u00e9 dans le corps de Christ par le Saint-Esprit. Les croyants sont donc membres les uns des autres, charg\u00e9s de garder l&#8217;unit\u00e9 de l&#8217;Esprit et le lien de la paix, s&#8217;aimant avec ferveur d&#8217;un c\u0153ur pur.<\/li>\n<\/ul>\n<p>[\/vc_column_text][\/vc_tta_section][vc_tta_section title=&#8221;Enjeux Strat\u00e9giques&#8221; tab_id=&#8221;1444412836340-fe4dda89-2f8e&#8221;][vc_column_text]Actions sur les enjeux strat\u00e9giques :<\/p>\n<ul>\n<li>Le Code de pratique professionnelle\n<ul>\n<li>(Objectif) Promouvoir un niveau \u00e9lev\u00e9 de professionnalisme des m\u00e9dias et de conduite \u00e9thique parmi les associ\u00e9s d&#8217;AbR Media en encourageant l&#8217;adoption et la mise en \u0153uvre du code de conduite professionnelle.\n<ul>\n<li>(Action) Le Code de pratique professionnelle doit \u00eatre inclus en pi\u00e8ce jointe avec la premi\u00e8re introduction d&#8217;AbR Media.<\/li>\n<li>(Action) Faire du Code de pratique professionnelle une consid\u00e9ration de formation lorsque nous planifions des \u00e9v\u00e9nements de formation.<\/li>\n<\/ul>\n<\/li>\n<\/ul>\n<\/li>\n<li>Emplacement cl\u00e9\n<ul>\n<li>(Objectif) Identifier les endroits cl\u00e9s en Afrique et maintenir une base de donn\u00e9es des endroits o\u00f9 les minist\u00e8res des m\u00e9dias chr\u00e9tiens existent et o\u00f9 ils doivent \u00eatre renforc\u00e9s ou initi\u00e9s.\n<ul>\n<li>(Action) Les membres du comit\u00e9 directeur doivent revoir la liste d\u2019AbR Media des stations existantes sur une base r\u00e9guli\u00e8re et fournir des mises \u00e0 jour au secr\u00e9tariat pour maintenir l&#8217;exactitude de la base de donn\u00e9es.<\/li>\n<li>(Action) Le sujet sera un point \u00e0 l&#8217;ordre du jour de chaque r\u00e9union du comit\u00e9 directeur d&#8217;AbR Media.<\/li>\n<\/ul>\n<\/li>\n<li>(Objectif) Faciliter le partage de programmes, d&#8217;id\u00e9es et de strat\u00e9gies de programmation ainsi que de concepts adapt\u00e9s aux citadins.\n<ul>\n<li>(Action) Les membres du comit\u00e9 directeur partageront les nouvelles informations lorsqu&#8217;elles seront disponibles avec le r\u00e9seau AbR Media.<\/li>\n<li>(Action) Mener des recherches \u00e0 long terme pour identifier les probl\u00e8mes propres aux zones urbaines afin d&#8217;\u00e9quiper les associ\u00e9s pour les aborder dans leur contexte, par exemple les probl\u00e8mes environnementaux des villes sont diff\u00e9rents des probl\u00e8mes ruraux.<\/li>\n<\/ul>\n<\/li>\n<li>(Objectif) Identifier les opportunit\u00e9s d&#8217;\u00e9tablir des stations de radio dans les villes cl\u00e9s.\n<ul>\n<li>(Action) AbR Media agira comme un catalyseur pour responsabiliser et \u00e9quiper l&#8217;\u00c9glise locale et d&#8217;autres partenaires pour r\u00e9aliser leur vision.<\/li>\n<\/ul>\n<\/li>\n<\/ul>\n<\/li>\n<li>\u00ab G\u00e9ants \u00bb d&#8217;Afrique : Pauvret\u00e9\/ch\u00f4mage, VIH\/SIDA, sexisme, tribalisme, violence, famille en crise, crime et corruption, cupidit\u00e9 et l\u2019environnement.\n<ul>\n<li>(Objectif) Encourager les associ\u00e9s d&#8217;AbR Media \u00e0 s&#8217;attaquer \u00e0 ces probl\u00e8mes sociaux en d\u00e9veloppant des programmes pertinents et en partageant des strat\u00e9gies efficaces.\n<ul>\n<li>(Action) Encourager toutes les stations et maisons de production \u00e0 produire des programmes plus pertinents et \u00e0 partager leurs exp\u00e9riences et strat\u00e9gies face \u00e0 ces g\u00e9ants, y compris des programmes qui traitent de mani\u00e8re pertinente les probl\u00e8mes sociaux.<\/li>\n<\/ul>\n<\/li>\n<\/ul>\n<\/li>\n<li>Le R\u00e9seau de Pri\u00e8re\n<ul>\n<li>(Objectif) Stimuler le partage des besoins de pri\u00e8re au sein du r\u00e9seau AbR Media.\n<ul>\n<li>(Action) Les membres du comit\u00e9 directeur et les associ\u00e9s d&#8217;AbR Media soumettront leurs pr\u00e9occupations de pri\u00e8re au secr\u00e9tariat. Un bulletin de pri\u00e8re sera distribu\u00e9 tous les trimestres \u00e0 tous les membres du Comit\u00e9 directeur et aux adresses des associ\u00e9s disponibles.<\/li>\n<\/ul>\n<\/li>\n<\/ul>\n<\/li>\n<li>La Formation\n<ul>\n<li>(Objectif) Promouvoir et faciliter la formation et le d\u00e9veloppement qui m\u00e8neront \u00e0 un nouveau niveau d&#8217;excellence en radiodiffusion. Nous reconnaissons Africa Media Trainers (AMT) comme un facilitateur majeur.\n<ul>\n<li>(Action) Promouvoir la n\u00e9cessit\u00e9 de la formation pour avancer vers l&#8217;excellence en radiodiffusion. (Tous les membres du comit\u00e9 directeur)<br \/>\nii. Impliquer directement les prestataires de formation cr\u00e9dible (e.g. Africa Media Trainers dans les domaines o\u00f9 nous reconnaissons des besoins de Formation.\n<\/li>\n<\/ul>\n<\/li>\n<\/ul>\n<\/li>\n<li>Planification conjointe\n<ul>\n<li>\u00a0(Objectif) Discuter des questions strat\u00e9giques et formuler un cadre strat\u00e9gique pour l&#8217;Afrique et le mettre \u00e0 jour sur une base annuelle.\n<ul>\n<li>(Action) Mettre en \u0153uvre ce que nous avons fait jusqu&#8217;\u00e0 pr\u00e9sent. (Tous les membres du comit\u00e9 directeur)<\/li>\n<\/ul>\n<\/li>\n<li>(Objectif) Faciliter le partage d&#8217;informations op\u00e9rationnelles pertinentes afin d&#8217;\u00e9viter la duplication du travail et promouvoir la coop\u00e9ration et la coordination.\n<ul>\n<li>(Action) Se pr\u00e9parer \u00e0 partager des informations lors des r\u00e9unions annuelles du comit\u00e9 directeur d&#8217;AbR Media. (Tous les membres du comit\u00e9 directeur)<\/li>\n<\/ul>\n<\/li>\n<li>(Objectif) Encourager la coop\u00e9ration et la coordination aux niveaux r\u00e9gional et local.\n<ul>\n<li>(Action) Planifiez des r\u00e9unions o\u00f9 et quand cela est appropri\u00e9. Gardez une communication continue par email. (Tous les membres du comit\u00e9 directeur)<\/li>\n<\/ul>\n<\/li>\n<li>(Objectif) Aider les associ\u00e9s \u00e0 identifier les \u00e9l\u00e9ments cl\u00e9s d&#8217;un plan ou d\u2019un projet efficace.\n<ul>\n<li>(Action) D\u00e9finir les caract\u00e9ristiques des r\u00e9sultats, des extrants et des livrables n\u00e9cessaires pour \u00e9valuer des projets efficacement.<\/li>\n<li>(Action) Partager des exp\u00e9riences avec les associ\u00e9s et les doter d&#8217;outils de planification pour maximiser l&#8217;efficacit\u00e9 de la r\u00e9alisation de leurs projets.<\/li>\n<\/ul>\n<\/li>\n<\/ul>\n<\/li>\n<li>Groupes de personnes non atteintes\n<ul>\n<li>\u00a0(Objectif) Rechercher et v\u00e9rifier des informations sur des groupes de personnes non atteintes par les m\u00e9dias chr\u00e9tiens.\n<ul>\n<li>(Action) Les membres du comit\u00e9 directeur doivent revoir la liste AbR Media des stations existantes sur une base r\u00e9guli\u00e8re et fournir des mises \u00e0 jour au secr\u00e9tariat pour maintenir l&#8217;exactitude de la base de donn\u00e9es.\n<li>(Action) Le sujet sera un point \u00e0 l&#8217;ordre du jour de chaque r\u00e9union du comit\u00e9 directeur d&#8217;AbR Media.<\/li>\n<\/ul>\n<\/li>\n<li>(Objectif) Encourager les principaux partenaires internationaux \u00e0 se concentrer sur les langues non encore atteintes en Afrique et \u00e0 d\u00e9velopper une strat\u00e9gie de coop\u00e9ration pour terminer la t\u00e2che.\n<ul>\n<li>(Action) Prioriser en fonction des informations disponibles.<\/li>\n<\/ul>\n<\/li>\n<\/ul>\n<\/li>\n<li>Veille strat\u00e9gique et action\n<ul>\n<li>(Objectif) Surveiller et \u00eatre attentif aux contextes en constante \u00e9volution des minist\u00e8res en Afrique afin de d\u00e9velopper des strat\u00e9gies pertinentes.\n<ul>\n<li>(Action) Les membres du Comit\u00e9 de pilotage resteront en contact et s&#8217;informeront lorsqu&#8217;ils auront connaissance de tout changement critique sur le continent.<\/li>\n<li>(Action) Discuter au sujet d&#8217;\u00e9ventuels partenariats ensemble pour mettre en \u0153uvre des strat\u00e9gies r\u00e9vis\u00e9es.<\/li>\n<\/ul>\n<\/li>\n<\/ul>\n<\/li>\n<li>Communication ABR\n<ul>\n<li>(Objectif) Standardiser la documentation sur AbR Media et la diffuser \u00e0 tous nos contacts existants.\n<ul>\n<li>(Action) D\u00e9velopper et mettre en \u0153uvre un formatage coh\u00e9rent des documents qui les identifie comme communication officielle d&#8217;AbR Media.<\/li>\n<\/ul>\n<\/li>\n<li>(Objectif) Utiliser les forums r\u00e9gionaux et locaux existants pour promouvoir la participation \u00e0 AbR Media.\n<ul>\n<li>(Action) Les membres du Comit\u00e9 directeur assumeront la responsabilit\u00e9 de promouvoir AbR Media dans tous les forums r\u00e9gionaux ou locaux pertinents auxquels ils participent ou dont ils ont connaissance.<\/li>\n<\/ul>\n<\/li>\n<\/ul>\n<\/li>\n<li>M\u00e9dias et \u00c9glise \/Mission\n<ul>\n<li>(Objectif) Agir en tant que catalyseur pour que l&#8217;\u00c9glise s&#8217;engage et s&#8217;int\u00e8gre aux communaut\u00e9s qui l&#8217;entourent, en utilisant les m\u00e9dias pour remplir son mandat de faire des disciples.\n<ul>\n<li>(Action) Former les dirigeants d&#8217;\u00e9glise et les missionnaires (associ\u00e9s) sur la fa\u00e7on d&#8217;utiliser les m\u00e9dias pour les aider \u00e0 atteindre ceux qui ne connaissent pas J\u00e9sus.<\/li>\n<li>(Action) Fournir un centre d&#8217;\u00e9change d&#8217;opportunit\u00e9s de formation pour les minist\u00e8res int\u00e9ress\u00e9s \u00e0 utiliser les m\u00e9dias dans le cadre de leur strat\u00e9gie de sensibilisation.<\/li>\n<li>(Action) Lier les associ\u00e9s aux membres d&#8217;AbR Media ayant une expertise dans le minist\u00e8re des m\u00e9dias afin que les associ\u00e9s soient en mesure de livrer les r\u00e9sultats de leurs projets m\u00e9diatiques.<\/li>\n<\/ul>\n<\/li>\n<\/ul>\n<\/li>\n<\/ul>\n<p>[\/vc_column_text][\/vc_tta_section][\/vc_tta_tabs][\/vc_column][\/vc_row]<\/p>\n","protected":false},"excerpt":{"rendered":"<p>[vc_row type=&#8221;container&#8221; padding_top=&#8221;&#8221; padding_bottom=&#8221;&#8221;][vc_column][vc_column_text] Notre Vision AbR Media est un groupe de professionnels des m\u00e9dias chr\u00e9tiens unifi\u00e9s par une strat\u00e9gie convenue, soutenant le plan de Dieu pour l&#8217;Afrique. Nous nous engageons \u00e0 faire en sorte que chaque homme, femme et enfant en Afrique ait la possibilit\u00e9 d&#8217;entendre l&#8217;\u00c9vangile de J\u00e9sus-Christ \u00e0 travers un moyen auquel [&hellip;]<\/p>\n","protected":false},"author":1,"featured_media":0,"parent":0,"menu_order":1,"comment_status":"closed","ping_status":"closed","template":"page-full-width.php","meta":{"footnotes":""},"class_list":["post-71261","page","type-page","status-publish","hentry"],"acf":[],"yoast_head":"<!-- This site is optimized with the Yoast SEO plugin v19.11 - https:\/\/yoast.com\/wordpress\/plugins\/seo\/ -->\n<title>Notre Vision - AbR Media<\/title>\n<meta name=\"description\" content=\"Agricultural science is a broad multidisciplinary field of biology that encompasses the parts of exact, natural, economic and social sciences that are used in the practice and understanding of agriculture.\" \/>\n<meta name=\"robots\" content=\"index, follow, max-snippet:-1, max-image-preview:large, max-video-preview:-1\" \/>\n<link rel=\"canonical\" href=\"https:\/\/abrmedia.org\/fr\/notre-vision\/\" \/>\n<meta property=\"og:locale\" content=\"fr_FR\" \/>\n<meta property=\"og:type\" content=\"article\" \/>\n<meta property=\"og:title\" content=\"Notre Vision - AbR Media\" \/>\n<meta property=\"og:description\" content=\"Agricultural science is a broad multidisciplinary field of biology that encompasses the parts of exact, natural, economic and social sciences that are used in the practice and understanding of agriculture.\" \/>\n<meta property=\"og:url\" content=\"https:\/\/abrmedia.org\/fr\/notre-vision\/\" \/>\n<meta property=\"og:site_name\" content=\"AbR Media\" \/>\n<meta property=\"article:modified_time\" content=\"2021-07-05T11:39:05+00:00\" \/>\n<meta name=\"twitter:card\" content=\"summary_large_image\" \/>\n<meta name=\"twitter:label1\" content=\"Dur\u00e9e de lecture estim\u00e9e\" \/>\n\t<meta name=\"twitter:data1\" content=\"8 minutes\" \/>\n<script type=\"application\/ld+json\" class=\"yoast-schema-graph\">{\"@context\":\"https:\/\/schema.org\",\"@graph\":[{\"@type\":\"WebPage\",\"@id\":\"https:\/\/abrmedia.org\/fr\/notre-vision\/\",\"url\":\"https:\/\/abrmedia.org\/fr\/notre-vision\/\",\"name\":\"Notre Vision - AbR Media\",\"isPartOf\":{\"@id\":\"https:\/\/abrmedia.org\/#website\"},\"datePublished\":\"2021-07-05T11:26:00+00:00\",\"dateModified\":\"2021-07-05T11:39:05+00:00\",\"description\":\"Agricultural science is a broad multidisciplinary field of biology that encompasses the parts of exact, natural, economic and social sciences that are used in the practice and understanding of agriculture.\",\"breadcrumb\":{\"@id\":\"https:\/\/abrmedia.org\/fr\/notre-vision\/#breadcrumb\"},\"inLanguage\":\"fr-FR\",\"potentialAction\":[{\"@type\":\"ReadAction\",\"target\":[\"https:\/\/abrmedia.org\/fr\/notre-vision\/\"]}]},{\"@type\":\"BreadcrumbList\",\"@id\":\"https:\/\/abrmedia.org\/fr\/notre-vision\/#breadcrumb\",\"itemListElement\":[{\"@type\":\"ListItem\",\"position\":1,\"name\":\"Home\",\"item\":\"https:\/\/abrmedia.org\/fr\/\"},{\"@type\":\"ListItem\",\"position\":2,\"name\":\"Notre Vision\"}]},{\"@type\":\"WebSite\",\"@id\":\"https:\/\/abrmedia.org\/#website\",\"url\":\"https:\/\/abrmedia.org\/\",\"name\":\"AbR Media\",\"description\":\"This is a tagline\",\"potentialAction\":[{\"@type\":\"SearchAction\",\"target\":{\"@type\":\"EntryPoint\",\"urlTemplate\":\"https:\/\/abrmedia.org\/?s={search_term_string}\"},\"query-input\":\"required name=search_term_string\"}],\"inLanguage\":\"fr-FR\"}]}<\/script>\n<!-- \/ Yoast SEO plugin. -->","yoast_head_json":{"title":"Notre Vision - AbR Media","description":"Agricultural science is a broad multidisciplinary field of biology that encompasses the parts of exact, natural, economic and social sciences that are used in the practice and understanding of agriculture.","robots":{"index":"index","follow":"follow","max-snippet":"max-snippet:-1","max-image-preview":"max-image-preview:large","max-video-preview":"max-video-preview:-1"},"canonical":"https:\/\/abrmedia.org\/fr\/notre-vision\/","og_locale":"fr_FR","og_type":"article","og_title":"Notre Vision - AbR Media","og_description":"Agricultural science is a broad multidisciplinary field of biology that encompasses the parts of exact, natural, economic and social sciences that are used in the practice and understanding of agriculture.","og_url":"https:\/\/abrmedia.org\/fr\/notre-vision\/","og_site_name":"AbR Media","article_modified_time":"2021-07-05T11:39:05+00:00","twitter_card":"summary_large_image","twitter_misc":{"Dur\u00e9e de lecture estim\u00e9e":"8 minutes"},"schema":{"@context":"https:\/\/schema.org","@graph":[{"@type":"WebPage","@id":"https:\/\/abrmedia.org\/fr\/notre-vision\/","url":"https:\/\/abrmedia.org\/fr\/notre-vision\/","name":"Notre Vision - AbR Media","isPartOf":{"@id":"https:\/\/abrmedia.org\/#website"},"datePublished":"2021-07-05T11:26:00+00:00","dateModified":"2021-07-05T11:39:05+00:00","description":"Agricultural science is a broad multidisciplinary field of biology that encompasses the parts of exact, natural, economic and social sciences that are used in the practice and understanding of agriculture.","breadcrumb":{"@id":"https:\/\/abrmedia.org\/fr\/notre-vision\/#breadcrumb"},"inLanguage":"fr-FR","potentialAction":[{"@type":"ReadAction","target":["https:\/\/abrmedia.org\/fr\/notre-vision\/"]}]},{"@type":"BreadcrumbList","@id":"https:\/\/abrmedia.org\/fr\/notre-vision\/#breadcrumb","itemListElement":[{"@type":"ListItem","position":1,"name":"Home","item":"https:\/\/abrmedia.org\/fr\/"},{"@type":"ListItem","position":2,"name":"Notre Vision"}]},{"@type":"WebSite","@id":"https:\/\/abrmedia.org\/#website","url":"https:\/\/abrmedia.org\/","name":"AbR Media","description":"This is a tagline","potentialAction":[{"@type":"SearchAction","target":{"@type":"EntryPoint","urlTemplate":"https:\/\/abrmedia.org\/?s={search_term_string}"},"query-input":"required name=search_term_string"}],"inLanguage":"fr-FR"}]}},"_links":{"self":[{"href":"https:\/\/abrmedia.org\/fr\/wp-json\/wp\/v2\/pages\/71261","targetHints":{"allow":["GET"]}}],"collection":[{"href":"https:\/\/abrmedia.org\/fr\/wp-json\/wp\/v2\/pages"}],"about":[{"href":"https:\/\/abrmedia.org\/fr\/wp-json\/wp\/v2\/types\/page"}],"author":[{"embeddable":true,"href":"https:\/\/abrmedia.org\/fr\/wp-json\/wp\/v2\/users\/1"}],"replies":[{"embeddable":true,"href":"https:\/\/abrmedia.org\/fr\/wp-json\/wp\/v2\/comments?post=71261"}],"version-history":[{"count":11,"href":"https:\/\/abrmedia.org\/fr\/wp-json\/wp\/v2\/pages\/71261\/revisions"}],"predecessor-version":[{"id":71276,"href":"https:\/\/abrmedia.org\/fr\/wp-json\/wp\/v2\/pages\/71261\/revisions\/71276"}],"wp:attachment":[{"href":"https:\/\/abrmedia.org\/fr\/wp-json\/wp\/v2\/media?parent=71261"}],"curies":[{"name":"wp","href":"https:\/\/api.w.org\/{rel}","templated":true}]}}