{"id":71277,"date":"2021-07-05T11:40:40","date_gmt":"2021-07-05T11:40:40","guid":{"rendered":"https:\/\/abrmedia.org\/training\/"},"modified":"2021-07-05T15:23:11","modified_gmt":"2021-07-05T15:23:11","slug":"training","status":"publish","type":"page","link":"https:\/\/abrmedia.org\/fr\/training\/","title":{"rendered":"La Formation"},"content":{"rendered":"<p>[vc_row type=&#8221;container&#8221;][vc_column][vc_column_text]<\/p>\n<h2>La Formation<\/h2>\n<p>AbR Media s&#8217;efforce de promouvoir et de faciliter des \u00e9v\u00e9nements et des opportunit\u00e9s de d\u00e9veloppement de la formation qui am\u00e9lioreront les m\u00e9dias chr\u00e9tiens. \u00ab Africa Media Trainers \u00bb (AMT) est reconnu comme un forum pour les personnes directement impliqu\u00e9es dans la formation chr\u00e9tienne dans les m\u00e9dias en Afrique subsaharienne.<\/p>\n<p>La formation est r\u00e9alis\u00e9e gr\u00e2ce \u00e0 des partenariats avec diverses installations et individus bas\u00e9s \u00e0 l&#8217;int\u00e9rieur et \u00e0 l&#8217;ext\u00e9rieur de l&#8217;Afrique subsaharienne.<\/p>\n<p>[\/vc_column_text][\/vc_column][\/vc_row][vc_row type=&#8221;container&#8221; padding_top=&#8221;&#8221; padding_bottom=&#8221;&#8221; css=&#8221;.vc_custom_1447263760697{margin-bottom: 0px !important;padding-top: 50px !important;}&#8221;][vc_column width=&#8221;1\/3&#8243; css=&#8221;.vc_custom_1451766735451{margin-bottom: 35px !important;}&#8221;][vc_single_image image=&#8221;71285&#8243; img_size=&#8221;large&#8221; onclick=&#8221;custom_link&#8221; css_animation=&#8221;bottom-to-top&#8221; link=&#8221;https:\/\/abrmedia.org\/fr\/training\/les-formateurs-en-medias\/&#8221; css=&#8221;.vc_custom_1625498550326{border-bottom-width: 0px !important;}&#8221;][vc_column_text css=&#8221;.vc_custom_1625498584356{margin-top: -15px !important;margin-bottom: 20px !important;padding-right: 5px !important;}&#8221;]<\/p>\n<h4><a href=\"https:\/\/abrmedia.org\/fr\/training\/les-formateurs-en-medias\/\">Les Formateurs en M\u00e9dias<\/a><\/h4>\n<h6>\u00ab Africa Media Trainers and forum \u00bb est la branche de formation reconnue d&#8217;AbR Media. AMT est un r\u00e9seau de formateurs en m\u00e9dias chr\u00e9tiens actif en Afrique comprenant divers organismes de formation et des formateurs individuels.<\/h6>\n<p><a class=\"more-link\" href=\"https:\/\/abrmedia.org\/fr\/training\/les-formateurs-en-medias\/\">Lire la suite<\/a>[\/vc_column_text][\/vc_column][vc_column width=&#8221;1\/3&#8243; css=&#8221;.vc_custom_1451766709466{margin-bottom: 35px !important;}&#8221;][vc_single_image image=&#8221;71282&#8243; img_size=&#8221;large&#8221; onclick=&#8221;custom_link&#8221; css_animation=&#8221;bottom-to-top&#8221; link=&#8221;https:\/\/abrmedia.org\/fr\/training\/partenaires-de-formation\/&#8221; css=&#8221;.vc_custom_1625498567639{border-bottom-width: 0px !important;}&#8221;][vc_column_text css=&#8221;.vc_custom_1619864954924{margin-top: -15px !important;margin-bottom: 20px !important;padding-right: 5px !important;}&#8221;]<\/p>\n<h4><a href=\"https:\/\/abrmedia.org\/fr\/training\/partenaires-de-formation\/\">Partenaires de Formation<\/a><\/h4>\n<h6>AbR Media travaille en r\u00e9seau avec plusieurs organismes de formation et individus et cherche continuellement \u00e0 identifier des formateurs chr\u00e9tiens travaillant \u00e0 travers l&#8217;Afrique.<\/h6>\n<p><a class=\"more-link\" href=\"https:\/\/abrmedia.org\/fr\/training\/partenaires-de-formation\/\">Lire la suite<\/a>[\/vc_column_text][\/vc_column][vc_column width=&#8221;1\/3&#8243; css=&#8221;.vc_custom_1451766722338{margin-bottom: 35px !important;}&#8221;][vc_single_image image=&#8221;71279&#8243; img_size=&#8221;large&#8221; onclick=&#8221;custom_link&#8221; css_animation=&#8221;bottom-to-top&#8221; link=&#8221;https:\/\/abrmedia.org\/fr\/training\/dautres-ressources-de-formation\/&#8221; css=&#8221;.vc_custom_1625498578372{border-bottom-width: 0px !important;}&#8221;][vc_column_text css=&#8221;.vc_custom_1619864982904{margin-top: -15px !important;margin-bottom: 20px !important;padding-right: 0px !important;}&#8221;]<\/p>\n<h4><a href=\"https:\/\/abrmedia.org\/fr\/training\/dautres-ressources-de-formation\/\">D\u2019Autres Ressources de Formation<\/a><\/h4>\n<h6>AbR Media cherche \u00e0 partager des ressources pour aider nos associ\u00e9s. Nous avons inclus ici quelques ressources de formation et vous invitons \u00e0 nous informer si vous en connaissez d&#8217;autres.<\/h6>\n<p><a class=\"more-link\" href=\"https:\/\/abrmedia.org\/fr\/training\/dautres-ressources-de-formation\/\">Lire la suite<\/a>[\/vc_column_text][\/vc_column][\/vc_row]<\/p>\n","protected":false},"excerpt":{"rendered":"<p>[vc_row type=&#8221;container&#8221;][vc_column][vc_column_text] La Formation AbR Media s&#8217;efforce de promouvoir et de faciliter des \u00e9v\u00e9nements et des opportunit\u00e9s de d\u00e9veloppement de la formation qui am\u00e9lioreront les m\u00e9dias chr\u00e9tiens. \u00ab Africa Media Trainers \u00bb (AMT) est reconnu comme un forum pour les personnes directement impliqu\u00e9es dans la formation chr\u00e9tienne dans les m\u00e9dias en Afrique subsaharienne. La formation [&hellip;]<\/p>\n","protected":false},"author":1,"featured_media":0,"parent":0,"menu_order":0,"comment_status":"closed","ping_status":"closed","template":"page-full-width.php","meta":{"footnotes":""},"class_list":["post-71277","page","type-page","status-publish","hentry"],"acf":[],"yoast_head":"<!-- This site is optimized with the Yoast SEO plugin v19.11 - https:\/\/yoast.com\/wordpress\/plugins\/seo\/ -->\n<title>Training - AbR Media<\/title>\n<meta name=\"description\" content=\"Discover our solutions\" \/>\n<meta name=\"robots\" content=\"index, follow, max-snippet:-1, max-image-preview:large, max-video-preview:-1\" \/>\n<link rel=\"canonical\" href=\"https:\/\/abrmedia.org\/fr\/training\/\" \/>\n<meta property=\"og:locale\" content=\"fr_FR\" \/>\n<meta property=\"og:type\" content=\"article\" \/>\n<meta property=\"og:title\" content=\"Training - AbR Media\" \/>\n<meta property=\"og:description\" content=\"Discover our solutions\" \/>\n<meta property=\"og:url\" content=\"https:\/\/abrmedia.org\/fr\/training\/\" \/>\n<meta property=\"og:site_name\" content=\"AbR Media\" \/>\n<meta property=\"article:modified_time\" content=\"2021-07-05T15:23:11+00:00\" \/>\n<meta name=\"twitter:card\" content=\"summary_large_image\" \/>\n<meta name=\"twitter:label1\" content=\"Dur\u00e9e de lecture estim\u00e9e\" \/>\n\t<meta name=\"twitter:data1\" content=\"2 minutes\" \/>\n<script type=\"application\/ld+json\" class=\"yoast-schema-graph\">{\"@context\":\"https:\/\/schema.org\",\"@graph\":[{\"@type\":\"WebPage\",\"@id\":\"https:\/\/abrmedia.org\/fr\/training\/\",\"url\":\"https:\/\/abrmedia.org\/fr\/training\/\",\"name\":\"Training - AbR Media\",\"isPartOf\":{\"@id\":\"https:\/\/abrmedia.org\/#website\"},\"datePublished\":\"2021-07-05T11:40:40+00:00\",\"dateModified\":\"2021-07-05T15:23:11+00:00\",\"description\":\"Discover our solutions\",\"breadcrumb\":{\"@id\":\"https:\/\/abrmedia.org\/fr\/training\/#breadcrumb\"},\"inLanguage\":\"fr-FR\",\"potentialAction\":[{\"@type\":\"ReadAction\",\"target\":[\"https:\/\/abrmedia.org\/fr\/training\/\"]}]},{\"@type\":\"BreadcrumbList\",\"@id\":\"https:\/\/abrmedia.org\/fr\/training\/#breadcrumb\",\"itemListElement\":[{\"@type\":\"ListItem\",\"position\":1,\"name\":\"Home\",\"item\":\"https:\/\/abrmedia.org\/fr\/\"},{\"@type\":\"ListItem\",\"position\":2,\"name\":\"La Formation\"}]},{\"@type\":\"WebSite\",\"@id\":\"https:\/\/abrmedia.org\/#website\",\"url\":\"https:\/\/abrmedia.org\/\",\"name\":\"AbR Media\",\"description\":\"This is a tagline\",\"potentialAction\":[{\"@type\":\"SearchAction\",\"target\":{\"@type\":\"EntryPoint\",\"urlTemplate\":\"https:\/\/abrmedia.org\/?s={search_term_string}\"},\"query-input\":\"required name=search_term_string\"}],\"inLanguage\":\"fr-FR\"}]}<\/script>\n<!-- \/ Yoast SEO plugin. -->","yoast_head_json":{"title":"Training - AbR Media","description":"Discover our solutions","robots":{"index":"index","follow":"follow","max-snippet":"max-snippet:-1","max-image-preview":"max-image-preview:large","max-video-preview":"max-video-preview:-1"},"canonical":"https:\/\/abrmedia.org\/fr\/training\/","og_locale":"fr_FR","og_type":"article","og_title":"Training - AbR Media","og_description":"Discover our solutions","og_url":"https:\/\/abrmedia.org\/fr\/training\/","og_site_name":"AbR Media","article_modified_time":"2021-07-05T15:23:11+00:00","twitter_card":"summary_large_image","twitter_misc":{"Dur\u00e9e de lecture estim\u00e9e":"2 minutes"},"schema":{"@context":"https:\/\/schema.org","@graph":[{"@type":"WebPage","@id":"https:\/\/abrmedia.org\/fr\/training\/","url":"https:\/\/abrmedia.org\/fr\/training\/","name":"Training - AbR Media","isPartOf":{"@id":"https:\/\/abrmedia.org\/#website"},"datePublished":"2021-07-05T11:40:40+00:00","dateModified":"2021-07-05T15:23:11+00:00","description":"Discover our solutions","breadcrumb":{"@id":"https:\/\/abrmedia.org\/fr\/training\/#breadcrumb"},"inLanguage":"fr-FR","potentialAction":[{"@type":"ReadAction","target":["https:\/\/abrmedia.org\/fr\/training\/"]}]},{"@type":"BreadcrumbList","@id":"https:\/\/abrmedia.org\/fr\/training\/#breadcrumb","itemListElement":[{"@type":"ListItem","position":1,"name":"Home","item":"https:\/\/abrmedia.org\/fr\/"},{"@type":"ListItem","position":2,"name":"La Formation"}]},{"@type":"WebSite","@id":"https:\/\/abrmedia.org\/#website","url":"https:\/\/abrmedia.org\/","name":"AbR Media","description":"This is a tagline","potentialAction":[{"@type":"SearchAction","target":{"@type":"EntryPoint","urlTemplate":"https:\/\/abrmedia.org\/?s={search_term_string}"},"query-input":"required name=search_term_string"}],"inLanguage":"fr-FR"}]}},"_links":{"self":[{"href":"https:\/\/abrmedia.org\/fr\/wp-json\/wp\/v2\/pages\/71277","targetHints":{"allow":["GET"]}}],"collection":[{"href":"https:\/\/abrmedia.org\/fr\/wp-json\/wp\/v2\/pages"}],"about":[{"href":"https:\/\/abrmedia.org\/fr\/wp-json\/wp\/v2\/types\/page"}],"author":[{"embeddable":true,"href":"https:\/\/abrmedia.org\/fr\/wp-json\/wp\/v2\/users\/1"}],"replies":[{"embeddable":true,"href":"https:\/\/abrmedia.org\/fr\/wp-json\/wp\/v2\/comments?post=71277"}],"version-history":[{"count":26,"href":"https:\/\/abrmedia.org\/fr\/wp-json\/wp\/v2\/pages\/71277\/revisions"}],"predecessor-version":[{"id":71493,"href":"https:\/\/abrmedia.org\/fr\/wp-json\/wp\/v2\/pages\/71277\/revisions\/71493"}],"wp:attachment":[{"href":"https:\/\/abrmedia.org\/fr\/wp-json\/wp\/v2\/media?parent=71277"}],"curies":[{"name":"wp","href":"https:\/\/api.w.org\/{rel}","templated":true}]}}