{"id":71322,"date":"2021-07-05T12:04:16","date_gmt":"2021-07-05T12:04:16","guid":{"rendered":"https:\/\/abrmedia.org\/training\/les-formateurs-en-medias\/"},"modified":"2021-07-05T12:04:16","modified_gmt":"2021-07-05T12:04:16","slug":"les-formateurs-en-medias","status":"publish","type":"page","link":"https:\/\/abrmedia.org\/fr\/training\/les-formateurs-en-medias\/","title":{"rendered":"Les Formateurs en M\u00e9dias"},"content":{"rendered":"<p>[vc_row type=&#8221;container&#8221; padding_top=&#8221;&#8221; padding_bottom=&#8221;&#8221; css=&#8221;.vc_custom_1449063077218{margin-bottom: 20px !important;}&#8221;][vc_column width=&#8221;1\/2&#8243;][vc_column_text]\u00ab Africa Media Trainers and forum \u00bb est la branche de formation reconnue d&#8217;AbR Media. AMT est un r\u00e9seau de formateurs en m\u00e9dias chr\u00e9tiens actif en Afrique comprenant divers organismes de formation et des formateurs individuels. L&#8217;AMT promeut et coordonne une formation de qualit\u00e9 bas\u00e9e sur l&#8217;\u00e9thique chr\u00e9tienne. AMT soutient le d\u00e9veloppement de formateurs locaux et de participants aux cours selon des programmes convenus.[\/vc_column_text][\/vc_column][vc_column width=&#8221;1\/2&#8243;][vc_single_image image=&#8221;71285&#8243; img_size=&#8221;full&#8221; add_caption=&#8221;yes&#8221; onclick=&#8221;link_image&#8221;][\/vc_column][\/vc_row][vc_row type=&#8221;container&#8221; padding_top=&#8221;&#8221; padding_bottom=&#8221;&#8221; css=&#8221;.vc_custom_1444504420319{margin-bottom: 0px !important;}&#8221;][vc_column][vc_separator color=&#8221;#e2e2e2&#8243; type=&#8221;normal&#8221; thickness=&#8221;1&#8243; up=&#8221;&#8221; down=&#8221;&#8221; el_class=&#8221;dotted&#8221;][\/vc_column][\/vc_row]<\/p>\n","protected":false},"excerpt":{"rendered":"<p>[vc_row type=&#8221;container&#8221; padding_top=&#8221;&#8221; padding_bottom=&#8221;&#8221; css=&#8221;.vc_custom_1449063077218{margin-bottom: 20px !important;}&#8221;][vc_column width=&#8221;1\/2&#8243;][vc_column_text]\u00ab Africa Media Trainers and forum \u00bb est la branche de formation reconnue d&#8217;AbR Media. AMT est un r\u00e9seau de formateurs en m\u00e9dias chr\u00e9tiens actif en Afrique comprenant divers organismes de formation et des formateurs individuels. L&#8217;AMT promeut et coordonne une formation de qualit\u00e9 bas\u00e9e sur l&#8217;\u00e9thique chr\u00e9tienne. [&hellip;]<\/p>\n","protected":false},"author":1,"featured_media":0,"parent":71277,"menu_order":2,"comment_status":"closed","ping_status":"closed","template":"","meta":{"footnotes":""},"class_list":["post-71322","page","type-page","status-publish","hentry"],"acf":[],"yoast_head":"<!-- This site is optimized with the Yoast SEO plugin v19.11 - https:\/\/yoast.com\/wordpress\/plugins\/seo\/ -->\n<title>Les Formateurs en M\u00e9dias - AbR Media<\/title>\n<meta name=\"description\" content=\"Chemical engineers design large-scale processes that convert chemicals, raw materials, living cells, microorganisms and energy into useful forms.\" \/>\n<meta name=\"robots\" content=\"index, follow, max-snippet:-1, max-image-preview:large, max-video-preview:-1\" \/>\n<link rel=\"canonical\" href=\"https:\/\/abrmedia.org\/fr\/training\/les-formateurs-en-medias\/\" \/>\n<meta property=\"og:locale\" content=\"fr_FR\" \/>\n<meta property=\"og:type\" content=\"article\" \/>\n<meta property=\"og:title\" content=\"Les Formateurs en M\u00e9dias - AbR Media\" \/>\n<meta property=\"og:description\" content=\"Chemical engineers design large-scale processes that convert chemicals, raw materials, living cells, microorganisms and energy into useful forms.\" \/>\n<meta property=\"og:url\" content=\"https:\/\/abrmedia.org\/fr\/training\/les-formateurs-en-medias\/\" \/>\n<meta property=\"og:site_name\" content=\"AbR Media\" \/>\n<meta name=\"twitter:card\" content=\"summary_large_image\" \/>\n<meta name=\"twitter:label1\" content=\"Dur\u00e9e de lecture estim\u00e9e\" \/>\n\t<meta name=\"twitter:data1\" content=\"1 minute\" \/>\n<script type=\"application\/ld+json\" class=\"yoast-schema-graph\">{\"@context\":\"https:\/\/schema.org\",\"@graph\":[{\"@type\":\"WebPage\",\"@id\":\"https:\/\/abrmedia.org\/fr\/training\/les-formateurs-en-medias\/\",\"url\":\"https:\/\/abrmedia.org\/fr\/training\/les-formateurs-en-medias\/\",\"name\":\"Les Formateurs en M\u00e9dias - AbR Media\",\"isPartOf\":{\"@id\":\"https:\/\/abrmedia.org\/#website\"},\"datePublished\":\"2021-07-05T12:04:16+00:00\",\"dateModified\":\"2021-07-05T12:04:16+00:00\",\"description\":\"Chemical engineers design large-scale processes that convert chemicals, raw materials, living cells, microorganisms and energy into useful forms.\",\"breadcrumb\":{\"@id\":\"https:\/\/abrmedia.org\/fr\/training\/les-formateurs-en-medias\/#breadcrumb\"},\"inLanguage\":\"fr-FR\",\"potentialAction\":[{\"@type\":\"ReadAction\",\"target\":[\"https:\/\/abrmedia.org\/fr\/training\/les-formateurs-en-medias\/\"]}]},{\"@type\":\"BreadcrumbList\",\"@id\":\"https:\/\/abrmedia.org\/fr\/training\/les-formateurs-en-medias\/#breadcrumb\",\"itemListElement\":[{\"@type\":\"ListItem\",\"position\":1,\"name\":\"Home\",\"item\":\"https:\/\/abrmedia.org\/fr\/\"},{\"@type\":\"ListItem\",\"position\":2,\"name\":\"La Formation\",\"item\":\"https:\/\/abrmedia.org\/fr\/training\/\"},{\"@type\":\"ListItem\",\"position\":3,\"name\":\"Les Formateurs en M\u00e9dias\"}]},{\"@type\":\"WebSite\",\"@id\":\"https:\/\/abrmedia.org\/#website\",\"url\":\"https:\/\/abrmedia.org\/\",\"name\":\"AbR Media\",\"description\":\"This is a tagline\",\"potentialAction\":[{\"@type\":\"SearchAction\",\"target\":{\"@type\":\"EntryPoint\",\"urlTemplate\":\"https:\/\/abrmedia.org\/?s={search_term_string}\"},\"query-input\":\"required name=search_term_string\"}],\"inLanguage\":\"fr-FR\"}]}<\/script>\n<!-- \/ Yoast SEO plugin. -->","yoast_head_json":{"title":"Les Formateurs en M\u00e9dias - AbR Media","description":"Chemical engineers design large-scale processes that convert chemicals, raw materials, living cells, microorganisms and energy into useful forms.","robots":{"index":"index","follow":"follow","max-snippet":"max-snippet:-1","max-image-preview":"max-image-preview:large","max-video-preview":"max-video-preview:-1"},"canonical":"https:\/\/abrmedia.org\/fr\/training\/les-formateurs-en-medias\/","og_locale":"fr_FR","og_type":"article","og_title":"Les Formateurs en M\u00e9dias - AbR Media","og_description":"Chemical engineers design large-scale processes that convert chemicals, raw materials, living cells, microorganisms and energy into useful forms.","og_url":"https:\/\/abrmedia.org\/fr\/training\/les-formateurs-en-medias\/","og_site_name":"AbR Media","twitter_card":"summary_large_image","twitter_misc":{"Dur\u00e9e de lecture estim\u00e9e":"1 minute"},"schema":{"@context":"https:\/\/schema.org","@graph":[{"@type":"WebPage","@id":"https:\/\/abrmedia.org\/fr\/training\/les-formateurs-en-medias\/","url":"https:\/\/abrmedia.org\/fr\/training\/les-formateurs-en-medias\/","name":"Les Formateurs en M\u00e9dias - AbR Media","isPartOf":{"@id":"https:\/\/abrmedia.org\/#website"},"datePublished":"2021-07-05T12:04:16+00:00","dateModified":"2021-07-05T12:04:16+00:00","description":"Chemical engineers design large-scale processes that convert chemicals, raw materials, living cells, microorganisms and energy into useful forms.","breadcrumb":{"@id":"https:\/\/abrmedia.org\/fr\/training\/les-formateurs-en-medias\/#breadcrumb"},"inLanguage":"fr-FR","potentialAction":[{"@type":"ReadAction","target":["https:\/\/abrmedia.org\/fr\/training\/les-formateurs-en-medias\/"]}]},{"@type":"BreadcrumbList","@id":"https:\/\/abrmedia.org\/fr\/training\/les-formateurs-en-medias\/#breadcrumb","itemListElement":[{"@type":"ListItem","position":1,"name":"Home","item":"https:\/\/abrmedia.org\/fr\/"},{"@type":"ListItem","position":2,"name":"La Formation","item":"https:\/\/abrmedia.org\/fr\/training\/"},{"@type":"ListItem","position":3,"name":"Les Formateurs en M\u00e9dias"}]},{"@type":"WebSite","@id":"https:\/\/abrmedia.org\/#website","url":"https:\/\/abrmedia.org\/","name":"AbR Media","description":"This is a tagline","potentialAction":[{"@type":"SearchAction","target":{"@type":"EntryPoint","urlTemplate":"https:\/\/abrmedia.org\/?s={search_term_string}"},"query-input":"required name=search_term_string"}],"inLanguage":"fr-FR"}]}},"_links":{"self":[{"href":"https:\/\/abrmedia.org\/fr\/wp-json\/wp\/v2\/pages\/71322","targetHints":{"allow":["GET"]}}],"collection":[{"href":"https:\/\/abrmedia.org\/fr\/wp-json\/wp\/v2\/pages"}],"about":[{"href":"https:\/\/abrmedia.org\/fr\/wp-json\/wp\/v2\/types\/page"}],"author":[{"embeddable":true,"href":"https:\/\/abrmedia.org\/fr\/wp-json\/wp\/v2\/users\/1"}],"replies":[{"embeddable":true,"href":"https:\/\/abrmedia.org\/fr\/wp-json\/wp\/v2\/comments?post=71322"}],"version-history":[{"count":2,"href":"https:\/\/abrmedia.org\/fr\/wp-json\/wp\/v2\/pages\/71322\/revisions"}],"predecessor-version":[{"id":71330,"href":"https:\/\/abrmedia.org\/fr\/wp-json\/wp\/v2\/pages\/71322\/revisions\/71330"}],"up":[{"embeddable":true,"href":"https:\/\/abrmedia.org\/fr\/wp-json\/wp\/v2\/pages\/71277"}],"wp:attachment":[{"href":"https:\/\/abrmedia.org\/fr\/wp-json\/wp\/v2\/media?parent=71322"}],"curies":[{"name":"wp","href":"https:\/\/api.w.org\/{rel}","templated":true}]}}