{"id":71331,"date":"2021-07-05T12:12:44","date_gmt":"2021-07-05T12:12:44","guid":{"rendered":"https:\/\/abrmedia.org\/training\/partenaires-de-formation\/"},"modified":"2021-07-05T12:12:44","modified_gmt":"2021-07-05T12:12:44","slug":"partenaires-de-formation","status":"publish","type":"page","link":"https:\/\/abrmedia.org\/fr\/training\/partenaires-de-formation\/","title":{"rendered":"Partenaires de Formation"},"content":{"rendered":"<p>[vc_row type=&#8221;container&#8221; padding_top=&#8221;&#8221; padding_bottom=&#8221;&#8221; css=&#8221;.vc_custom_1449062960012{margin-bottom: 20px !important;}&#8221;][vc_column width=&#8221;1\/2&#8243;][vc_column_text]AbR Media travaille en r\u00e9seau avec plusieurs organismes de formation et individus et cherche continuellement \u00e0 identifier des formateurs chr\u00e9tiens travaillant \u00e0 travers l&#8217;Afrique.<\/p>\n<p>Certains partenaires existants sont :<\/p>\n<ul>\n<li>Institut international de formation en communication (ICTI)<\/li>\n<li>M\u00e9dias \u00e0 distance<\/li>\n<li>M\u00e9diAfrique<\/li>\n<li>Coll\u00e8ge Habari Maalum<\/li>\n<li>Radio Dans le Monde<\/li>\n<li>Formation de formateurs individuels dans diverses capacit\u00e9s et langues<\/li>\n<\/ul>\n<p>Ces formateurs offrent une vari\u00e9t\u00e9 de comp\u00e9tences et de cours de formation dans certaines des langues d&#8217;Afrique.[\/vc_column_text][\/vc_column][vc_column width=&#8221;1\/2&#8243;][vc_single_image image=&#8221;71282&#8243; img_size=&#8221;full&#8221; add_caption=&#8221;yes&#8221; onclick=&#8221;link_image&#8221;][\/vc_column][\/vc_row][vc_row type=&#8221;container&#8221; padding_top=&#8221;&#8221; padding_bottom=&#8221;&#8221; css=&#8221;.vc_custom_1449062969962{margin-bottom: 50px !important;}&#8221;][vc_column][vc_tta_tabs style=&#8221;flat&#8221; active_section=&#8221;1&#8243;][vc_tta_section title=&#8221;ICTI&#8221; tab_id=&#8221;1444300654474-2bfb86dc-fd3a&#8221;][vc_column_text]L&#8217;Institut international de formation \u00e0 la communication (ICTI) est l&#8217;initiative d&#8217;\u00e9ducation et de formation aux m\u00e9dias de la CICM. L&#8217;ICTI fonctionne comme un partenariat autor\u00e9gul\u00e9 d&#8217;agences et d&#8217;individus engag\u00e9s \u00e0 am\u00e9liorer la qualit\u00e9 de l&#8217;\u00e9ducation et de l&#8217;apprentissage des m\u00e9dias pour les chr\u00e9tiens.[\/vc_column_text][\/vc_tta_section][vc_tta_section title=&#8221;Distancem\u00e9dia&#8221; tab_id=&#8221;1444300654691-e081e086-5ad3&#8243;][vc_column_text]Distancem\u00e9diaest un institut de formation aux m\u00e9dias en ligne g\u00e9r\u00e9 par IBRA media et Radio Worldwide. Il propose des cours en ligne depuis plus de 10 ans avec des \u00e9tudiants dans la plupart des r\u00e9gions du monde. \u00c0 partir de 2014, le programme de formation est mis \u00e0 niveau et \u00e9tendu largement en utilisant les nouvelles opportunit\u00e9s m\u00e9diatiques, d&#8217;o\u00f9 Distancemedia 2.0. Un nouvel ensemble de cours est propos\u00e9 dans le domaine des m\u00e9dias en ligne, y compris les comp\u00e9tences en journalisme pour le texte, les images fixes, l&#8217;audio, la vid\u00e9o et faire des disciples. Une autre partie, Professional Media, propose un large \u00e9ventail de cours pour les professionnels des m\u00e9dias partageant la bonne nouvelle. Les \u00e9tudes peuvent conduire \u00e0 un dipl\u00f4me DM en production m\u00e9diatique. Pour plus d&#8217;informations, consultez <a href=\"http:\/\/www.distancemedia.net\/\">www.distancemedia.net<\/a> ou contactez  <a href=\"mailto:info@distancemedia.net\">info@distancemedia.net<\/a>[\/vc_column_text][\/vc_tta_section][vc_tta_section title=&#8221;M\u00e9diAfrique&#8221; tab_id=&#8221;1447253859257-00754f03-0b93&#8243;][vc_column_text]M\u00e9diAfrique est un centre de formation aux m\u00e9dias cr\u00e9\u00e9 conjointement par Radio Worldwide et IBRA \u00e0 Lom\u00e9, au Togo. Leur cours de formation offre aux chr\u00e9tiens francophones de toute l&#8217;Afrique la possibilit\u00e9 de d\u00e9velopper des comp\u00e9tences de production radio et de produire des programmes m\u00e9diatiques, qui pr\u00e9sentent un message clair mais passionn\u00e9 de l&#8217;\u00c9vangile \u00e0 ceux qui l&#8217;entendent. Les cours sont con\u00e7us pour r\u00e9pondre aux besoins actuels d\u2019une formation dans les m\u00e9dias en Afrique francophone. MediAfrique propose une formation certifi\u00e9e de huit mois. Pour plus d&#8217;informations, visitez <a href=\"http:\/\/www.mediafrique.org\/\">www.mediafrique.org<\/a> L&#8217;information est disponible en fran\u00e7ais.[\/vc_column_text][\/vc_tta_section][vc_tta_section title=&#8221;Coll\u00e8ge Habari Maalum&#8221; tab_id=&#8221;1619866629136-902841f7-aac7&#8243;][vc_column_text]Le Habari Maalum College (HMC) est situ\u00e9 \u00e0 Arusha, en Tanzanie et est accr\u00e9dit\u00e9 \u00e0 la fois par le Conseil national de l&#8217;enseignement technique et par l&#8217;ICTI. La vision du coll\u00e8ge est de fournir une \u00e9ducation de haute qualit\u00e9 afin de d\u00e9velopper des personnes comp\u00e9tentes, et transform\u00e9es, capables de d\u00e9montrer l&#8217;excellence dans leur profession et leur pratique. Leurs facult\u00e9s offrent des certificats et des dipl\u00f4mes en m\u00e9dias et communication, ou en leadership et gestion. Pour plus d&#8217;informations, visitez <a href=\"http:\/\/www.hmcollege.org\/\">www.hmcollege.org<\/a>[\/vc_column_text][\/vc_tta_section][vc_tta_section title=&#8221;Radio Dans le Monde&#8221; tab_id=&#8221;1619866663594-eb878ebc-0616&#8243;][vc_column_text]Radio Worldwide (RWW) est un minist\u00e8re de WEC International, une agence de mission chr\u00e9tienne engag\u00e9e \u00e0 faire connaitre, aimer, et adorer J\u00e9sus-Christ parmi ceux qui n&#8217;ont pas encore entendu l&#8217;\u00c9vangile. RWW facilite et forme des chr\u00e9tiens du monde entier \u00e0 devenir des meilleurs communicateurs et \u00e0 utiliser la radio pour atteindre ceux qui les entourent \u00e0 travers :<\/p>\n<ul>\n<li>La programmation cr\u00e9ative \u2013 La production de programmes principalement pour un public non chr\u00e9tien, qui seront diffus\u00e9s dans le monde entier.<\/li>\n<li>La formation efficace \u2013Ils fournissent une formation aux \u00e9tudiants qui souhaitent acqu\u00e9rir des comp\u00e9tences en radiodiffusion et une exp\u00e9rience pratique.<\/li>\n<li>\uf0a7\tLes Partenariats strat\u00e9giques \u2013Ils souhaitent travailler a c\u00f4t\u00e9s des organisations m\u00e9diatiques chr\u00e9tiennes du monde entier.<\/li>\n<\/ul>\n<p>Pour plus d&#8217;informations, visitez <a href=\"http:\/\/www.radioworldwide.org\/\">www.radioworldwide.org<\/a>[\/vc_column_text][\/vc_tta_section][\/vc_tta_tabs][\/vc_column][\/vc_row]<\/p>\n","protected":false},"excerpt":{"rendered":"<p>[vc_row type=&#8221;container&#8221; padding_top=&#8221;&#8221; padding_bottom=&#8221;&#8221; css=&#8221;.vc_custom_1449062960012{margin-bottom: 20px !important;}&#8221;][vc_column width=&#8221;1\/2&#8243;][vc_column_text]AbR Media travaille en r\u00e9seau avec plusieurs organismes de formation et individus et cherche continuellement \u00e0 identifier des formateurs chr\u00e9tiens travaillant \u00e0 travers l&#8217;Afrique. Certains partenaires existants sont : Institut international de formation en communication (ICTI) M\u00e9dias \u00e0 distance M\u00e9diAfrique Coll\u00e8ge Habari Maalum Radio Dans le Monde Formation [&hellip;]<\/p>\n","protected":false},"author":1,"featured_media":0,"parent":71277,"menu_order":3,"comment_status":"closed","ping_status":"closed","template":"","meta":{"footnotes":""},"class_list":["post-71331","page","type-page","status-publish","hentry"],"acf":[],"yoast_head":"<!-- This site is optimized with the Yoast SEO plugin v19.11 - https:\/\/yoast.com\/wordpress\/plugins\/seo\/ -->\n<title>Partenaires de Formation - AbR Media<\/title>\n<meta name=\"description\" content=\"The discovery and design of new materials, with an emphasis on solids.\" \/>\n<meta name=\"robots\" content=\"index, follow, max-snippet:-1, max-image-preview:large, max-video-preview:-1\" \/>\n<link rel=\"canonical\" href=\"https:\/\/abrmedia.org\/fr\/training\/partenaires-de-formation\/\" \/>\n<meta property=\"og:locale\" content=\"fr_FR\" \/>\n<meta property=\"og:type\" content=\"article\" \/>\n<meta property=\"og:title\" content=\"Partenaires de Formation - AbR Media\" \/>\n<meta property=\"og:description\" content=\"The discovery and design of new materials, with an emphasis on solids.\" \/>\n<meta property=\"og:url\" content=\"https:\/\/abrmedia.org\/fr\/training\/partenaires-de-formation\/\" \/>\n<meta property=\"og:site_name\" content=\"AbR Media\" \/>\n<meta name=\"twitter:card\" content=\"summary_large_image\" \/>\n<meta name=\"twitter:label1\" content=\"Dur\u00e9e de lecture estim\u00e9e\" \/>\n\t<meta name=\"twitter:data1\" content=\"4 minutes\" \/>\n<script type=\"application\/ld+json\" class=\"yoast-schema-graph\">{\"@context\":\"https:\/\/schema.org\",\"@graph\":[{\"@type\":\"WebPage\",\"@id\":\"https:\/\/abrmedia.org\/fr\/training\/partenaires-de-formation\/\",\"url\":\"https:\/\/abrmedia.org\/fr\/training\/partenaires-de-formation\/\",\"name\":\"Partenaires de Formation - AbR Media\",\"isPartOf\":{\"@id\":\"https:\/\/abrmedia.org\/#website\"},\"datePublished\":\"2021-07-05T12:12:44+00:00\",\"dateModified\":\"2021-07-05T12:12:44+00:00\",\"description\":\"The discovery and design of new materials, with an emphasis on solids.\",\"breadcrumb\":{\"@id\":\"https:\/\/abrmedia.org\/fr\/training\/partenaires-de-formation\/#breadcrumb\"},\"inLanguage\":\"fr-FR\",\"potentialAction\":[{\"@type\":\"ReadAction\",\"target\":[\"https:\/\/abrmedia.org\/fr\/training\/partenaires-de-formation\/\"]}]},{\"@type\":\"BreadcrumbList\",\"@id\":\"https:\/\/abrmedia.org\/fr\/training\/partenaires-de-formation\/#breadcrumb\",\"itemListElement\":[{\"@type\":\"ListItem\",\"position\":1,\"name\":\"Home\",\"item\":\"https:\/\/abrmedia.org\/fr\/\"},{\"@type\":\"ListItem\",\"position\":2,\"name\":\"La Formation\",\"item\":\"https:\/\/abrmedia.org\/fr\/training\/\"},{\"@type\":\"ListItem\",\"position\":3,\"name\":\"Partenaires de Formation\"}]},{\"@type\":\"WebSite\",\"@id\":\"https:\/\/abrmedia.org\/#website\",\"url\":\"https:\/\/abrmedia.org\/\",\"name\":\"AbR Media\",\"description\":\"This is a tagline\",\"potentialAction\":[{\"@type\":\"SearchAction\",\"target\":{\"@type\":\"EntryPoint\",\"urlTemplate\":\"https:\/\/abrmedia.org\/?s={search_term_string}\"},\"query-input\":\"required name=search_term_string\"}],\"inLanguage\":\"fr-FR\"}]}<\/script>\n<!-- \/ Yoast SEO plugin. -->","yoast_head_json":{"title":"Partenaires de Formation - AbR Media","description":"The discovery and design of new materials, with an emphasis on solids.","robots":{"index":"index","follow":"follow","max-snippet":"max-snippet:-1","max-image-preview":"max-image-preview:large","max-video-preview":"max-video-preview:-1"},"canonical":"https:\/\/abrmedia.org\/fr\/training\/partenaires-de-formation\/","og_locale":"fr_FR","og_type":"article","og_title":"Partenaires de Formation - AbR Media","og_description":"The discovery and design of new materials, with an emphasis on solids.","og_url":"https:\/\/abrmedia.org\/fr\/training\/partenaires-de-formation\/","og_site_name":"AbR Media","twitter_card":"summary_large_image","twitter_misc":{"Dur\u00e9e de lecture estim\u00e9e":"4 minutes"},"schema":{"@context":"https:\/\/schema.org","@graph":[{"@type":"WebPage","@id":"https:\/\/abrmedia.org\/fr\/training\/partenaires-de-formation\/","url":"https:\/\/abrmedia.org\/fr\/training\/partenaires-de-formation\/","name":"Partenaires de Formation - AbR Media","isPartOf":{"@id":"https:\/\/abrmedia.org\/#website"},"datePublished":"2021-07-05T12:12:44+00:00","dateModified":"2021-07-05T12:12:44+00:00","description":"The discovery and design of new materials, with an emphasis on solids.","breadcrumb":{"@id":"https:\/\/abrmedia.org\/fr\/training\/partenaires-de-formation\/#breadcrumb"},"inLanguage":"fr-FR","potentialAction":[{"@type":"ReadAction","target":["https:\/\/abrmedia.org\/fr\/training\/partenaires-de-formation\/"]}]},{"@type":"BreadcrumbList","@id":"https:\/\/abrmedia.org\/fr\/training\/partenaires-de-formation\/#breadcrumb","itemListElement":[{"@type":"ListItem","position":1,"name":"Home","item":"https:\/\/abrmedia.org\/fr\/"},{"@type":"ListItem","position":2,"name":"La Formation","item":"https:\/\/abrmedia.org\/fr\/training\/"},{"@type":"ListItem","position":3,"name":"Partenaires de Formation"}]},{"@type":"WebSite","@id":"https:\/\/abrmedia.org\/#website","url":"https:\/\/abrmedia.org\/","name":"AbR Media","description":"This is a tagline","potentialAction":[{"@type":"SearchAction","target":{"@type":"EntryPoint","urlTemplate":"https:\/\/abrmedia.org\/?s={search_term_string}"},"query-input":"required name=search_term_string"}],"inLanguage":"fr-FR"}]}},"_links":{"self":[{"href":"https:\/\/abrmedia.org\/fr\/wp-json\/wp\/v2\/pages\/71331","targetHints":{"allow":["GET"]}}],"collection":[{"href":"https:\/\/abrmedia.org\/fr\/wp-json\/wp\/v2\/pages"}],"about":[{"href":"https:\/\/abrmedia.org\/fr\/wp-json\/wp\/v2\/types\/page"}],"author":[{"embeddable":true,"href":"https:\/\/abrmedia.org\/fr\/wp-json\/wp\/v2\/users\/1"}],"replies":[{"embeddable":true,"href":"https:\/\/abrmedia.org\/fr\/wp-json\/wp\/v2\/comments?post=71331"}],"version-history":[{"count":2,"href":"https:\/\/abrmedia.org\/fr\/wp-json\/wp\/v2\/pages\/71331\/revisions"}],"predecessor-version":[{"id":71336,"href":"https:\/\/abrmedia.org\/fr\/wp-json\/wp\/v2\/pages\/71331\/revisions\/71336"}],"up":[{"embeddable":true,"href":"https:\/\/abrmedia.org\/fr\/wp-json\/wp\/v2\/pages\/71277"}],"wp:attachment":[{"href":"https:\/\/abrmedia.org\/fr\/wp-json\/wp\/v2\/media?parent=71331"}],"curies":[{"name":"wp","href":"https:\/\/api.w.org\/{rel}","templated":true}]}}