{"id":71337,"date":"2021-07-05T12:15:23","date_gmt":"2021-07-05T12:15:23","guid":{"rendered":"https:\/\/abrmedia.org\/training\/dautres-ressources-de-formation\/"},"modified":"2021-07-05T12:44:46","modified_gmt":"2021-07-05T12:44:46","slug":"dautres-ressources-de-formation","status":"publish","type":"page","link":"https:\/\/abrmedia.org\/fr\/training\/dautres-ressources-de-formation\/","title":{"rendered":"D\u2019autres Ressources de Formation"},"content":{"rendered":"<p>[vc_row type=&#8221;container&#8221; padding_top=&#8221;&#8221; padding_bottom=&#8221;&#8221; css=&#8221;.vc_custom_1445095550748{margin-bottom: 0px !important;}&#8221;][vc_column width=&#8221;1\/2&#8243;][vc_column_text]AbR Media cherche \u00e0 partager des ressources pour aider nos associ\u00e9s. Nous avons inclus ici quelques ressources de formation et vous invitons \u00e0 nous informer si vous en connaissez d&#8217;autres.<\/p>\n<p><strong>Vid\u00e9o de formation et techniques d\u2019entrevue<\/strong><br \/>\nChris Singh, un consultant en formation dans les m\u00e9dias, a produit une vid\u00e9o sur l&#8217;apprentissage des techniques d&#8217;entrevue. Celui-ci est d\u00e9sormais disponible sur You tube et il l&#8217;a propos\u00e9 en t\u00e9l\u00e9chargement gratuit. Si vous avez des id\u00e9es pour des vid\u00e9os de formation que vous souhaiteriez voir r\u00e9alis\u00e9es, Chris vous invite \u00e0 le contacter par e-mail, <a href=\"mailto:chrisrww@gmail.com\">chrisrww@gmail.com<\/a>[\/vc_column_text][\/vc_column][vc_column width=&#8221;1\/2&#8243;][vc_single_image image=&#8221;71279&#8243; img_size=&#8221;full&#8221; add_caption=&#8221;yes&#8221; onclick=&#8221;link_image&#8221;][\/vc_column][\/vc_row]<\/p>\n","protected":false},"excerpt":{"rendered":"<p>[vc_row type=&#8221;container&#8221; padding_top=&#8221;&#8221; padding_bottom=&#8221;&#8221; css=&#8221;.vc_custom_1445095550748{margin-bottom: 0px !important;}&#8221;][vc_column width=&#8221;1\/2&#8243;][vc_column_text]AbR Media cherche \u00e0 partager des ressources pour aider nos associ\u00e9s. Nous avons inclus ici quelques ressources de formation et vous invitons \u00e0 nous informer si vous en connaissez d&#8217;autres. Vid\u00e9o de formation et techniques d\u2019entrevue Chris Singh, un consultant en formation dans les m\u00e9dias, a produit une [&hellip;]<\/p>\n","protected":false},"author":1,"featured_media":0,"parent":71277,"menu_order":4,"comment_status":"closed","ping_status":"closed","template":"","meta":{"footnotes":""},"class_list":["post-71337","page","type-page","status-publish","hentry"],"acf":[],"yoast_head":"<!-- This site is optimized with the Yoast SEO plugin v19.11 - https:\/\/yoast.com\/wordpress\/plugins\/seo\/ -->\n<title>D\u2019autres Ressources de Formation - AbR Media<\/title>\n<meta name=\"description\" content=\"It involves the design, production, and operation of machinery.\" \/>\n<meta name=\"robots\" content=\"index, follow, max-snippet:-1, max-image-preview:large, max-video-preview:-1\" \/>\n<link rel=\"canonical\" href=\"https:\/\/abrmedia.org\/fr\/training\/dautres-ressources-de-formation\/\" \/>\n<meta property=\"og:locale\" content=\"fr_FR\" \/>\n<meta property=\"og:type\" content=\"article\" \/>\n<meta property=\"og:title\" content=\"D\u2019autres Ressources de Formation - AbR Media\" \/>\n<meta property=\"og:description\" content=\"It involves the design, production, and operation of machinery.\" \/>\n<meta property=\"og:url\" content=\"https:\/\/abrmedia.org\/fr\/training\/dautres-ressources-de-formation\/\" \/>\n<meta property=\"og:site_name\" content=\"AbR Media\" \/>\n<meta property=\"article:modified_time\" content=\"2021-07-05T12:44:46+00:00\" \/>\n<meta name=\"twitter:card\" content=\"summary_large_image\" \/>\n<meta name=\"twitter:label1\" content=\"Dur\u00e9e de lecture estim\u00e9e\" \/>\n\t<meta name=\"twitter:data1\" content=\"1 minute\" \/>\n<script type=\"application\/ld+json\" class=\"yoast-schema-graph\">{\"@context\":\"https:\/\/schema.org\",\"@graph\":[{\"@type\":\"WebPage\",\"@id\":\"https:\/\/abrmedia.org\/fr\/training\/dautres-ressources-de-formation\/\",\"url\":\"https:\/\/abrmedia.org\/fr\/training\/dautres-ressources-de-formation\/\",\"name\":\"D\u2019autres Ressources de Formation - AbR Media\",\"isPartOf\":{\"@id\":\"https:\/\/abrmedia.org\/#website\"},\"datePublished\":\"2021-07-05T12:15:23+00:00\",\"dateModified\":\"2021-07-05T12:44:46+00:00\",\"description\":\"It involves the design, production, and operation of machinery.\",\"breadcrumb\":{\"@id\":\"https:\/\/abrmedia.org\/fr\/training\/dautres-ressources-de-formation\/#breadcrumb\"},\"inLanguage\":\"fr-FR\",\"potentialAction\":[{\"@type\":\"ReadAction\",\"target\":[\"https:\/\/abrmedia.org\/fr\/training\/dautres-ressources-de-formation\/\"]}]},{\"@type\":\"BreadcrumbList\",\"@id\":\"https:\/\/abrmedia.org\/fr\/training\/dautres-ressources-de-formation\/#breadcrumb\",\"itemListElement\":[{\"@type\":\"ListItem\",\"position\":1,\"name\":\"Home\",\"item\":\"https:\/\/abrmedia.org\/fr\/\"},{\"@type\":\"ListItem\",\"position\":2,\"name\":\"La Formation\",\"item\":\"https:\/\/abrmedia.org\/fr\/training\/\"},{\"@type\":\"ListItem\",\"position\":3,\"name\":\"D\u2019autres Ressources de Formation\"}]},{\"@type\":\"WebSite\",\"@id\":\"https:\/\/abrmedia.org\/#website\",\"url\":\"https:\/\/abrmedia.org\/\",\"name\":\"AbR Media\",\"description\":\"This is a tagline\",\"potentialAction\":[{\"@type\":\"SearchAction\",\"target\":{\"@type\":\"EntryPoint\",\"urlTemplate\":\"https:\/\/abrmedia.org\/?s={search_term_string}\"},\"query-input\":\"required name=search_term_string\"}],\"inLanguage\":\"fr-FR\"}]}<\/script>\n<!-- \/ Yoast SEO plugin. -->","yoast_head_json":{"title":"D\u2019autres Ressources de Formation - AbR Media","description":"It involves the design, production, and operation of machinery.","robots":{"index":"index","follow":"follow","max-snippet":"max-snippet:-1","max-image-preview":"max-image-preview:large","max-video-preview":"max-video-preview:-1"},"canonical":"https:\/\/abrmedia.org\/fr\/training\/dautres-ressources-de-formation\/","og_locale":"fr_FR","og_type":"article","og_title":"D\u2019autres Ressources de Formation - AbR Media","og_description":"It involves the design, production, and operation of machinery.","og_url":"https:\/\/abrmedia.org\/fr\/training\/dautres-ressources-de-formation\/","og_site_name":"AbR Media","article_modified_time":"2021-07-05T12:44:46+00:00","twitter_card":"summary_large_image","twitter_misc":{"Dur\u00e9e de lecture estim\u00e9e":"1 minute"},"schema":{"@context":"https:\/\/schema.org","@graph":[{"@type":"WebPage","@id":"https:\/\/abrmedia.org\/fr\/training\/dautres-ressources-de-formation\/","url":"https:\/\/abrmedia.org\/fr\/training\/dautres-ressources-de-formation\/","name":"D\u2019autres Ressources de Formation - AbR Media","isPartOf":{"@id":"https:\/\/abrmedia.org\/#website"},"datePublished":"2021-07-05T12:15:23+00:00","dateModified":"2021-07-05T12:44:46+00:00","description":"It involves the design, production, and operation of machinery.","breadcrumb":{"@id":"https:\/\/abrmedia.org\/fr\/training\/dautres-ressources-de-formation\/#breadcrumb"},"inLanguage":"fr-FR","potentialAction":[{"@type":"ReadAction","target":["https:\/\/abrmedia.org\/fr\/training\/dautres-ressources-de-formation\/"]}]},{"@type":"BreadcrumbList","@id":"https:\/\/abrmedia.org\/fr\/training\/dautres-ressources-de-formation\/#breadcrumb","itemListElement":[{"@type":"ListItem","position":1,"name":"Home","item":"https:\/\/abrmedia.org\/fr\/"},{"@type":"ListItem","position":2,"name":"La Formation","item":"https:\/\/abrmedia.org\/fr\/training\/"},{"@type":"ListItem","position":3,"name":"D\u2019autres Ressources de Formation"}]},{"@type":"WebSite","@id":"https:\/\/abrmedia.org\/#website","url":"https:\/\/abrmedia.org\/","name":"AbR Media","description":"This is a tagline","potentialAction":[{"@type":"SearchAction","target":{"@type":"EntryPoint","urlTemplate":"https:\/\/abrmedia.org\/?s={search_term_string}"},"query-input":"required name=search_term_string"}],"inLanguage":"fr-FR"}]}},"_links":{"self":[{"href":"https:\/\/abrmedia.org\/fr\/wp-json\/wp\/v2\/pages\/71337","targetHints":{"allow":["GET"]}}],"collection":[{"href":"https:\/\/abrmedia.org\/fr\/wp-json\/wp\/v2\/pages"}],"about":[{"href":"https:\/\/abrmedia.org\/fr\/wp-json\/wp\/v2\/types\/page"}],"author":[{"embeddable":true,"href":"https:\/\/abrmedia.org\/fr\/wp-json\/wp\/v2\/users\/1"}],"replies":[{"embeddable":true,"href":"https:\/\/abrmedia.org\/fr\/wp-json\/wp\/v2\/comments?post=71337"}],"version-history":[{"count":5,"href":"https:\/\/abrmedia.org\/fr\/wp-json\/wp\/v2\/pages\/71337\/revisions"}],"predecessor-version":[{"id":71346,"href":"https:\/\/abrmedia.org\/fr\/wp-json\/wp\/v2\/pages\/71337\/revisions\/71346"}],"up":[{"embeddable":true,"href":"https:\/\/abrmedia.org\/fr\/wp-json\/wp\/v2\/pages\/71277"}],"wp:attachment":[{"href":"https:\/\/abrmedia.org\/fr\/wp-json\/wp\/v2\/media?parent=71337"}],"curies":[{"name":"wp","href":"https:\/\/api.w.org\/{rel}","templated":true}]}}