{"id":71358,"date":"2021-07-05T14:13:28","date_gmt":"2021-07-05T14:13:28","guid":{"rendered":"https:\/\/abrmedia.org\/site-inicial\/"},"modified":"2021-07-05T15:20:29","modified_gmt":"2021-07-05T15:20:29","slug":"site-inicial","status":"publish","type":"page","link":"https:\/\/abrmedia.org\/pt-pt\/","title":{"rendered":"Site Inicial"},"content":{"rendered":"<p>[vc_row type=&#8221;full_page_width&#8221; padding_top=&#8221;&#8221; padding_bottom=&#8221;&#8221; css=&#8221;.vc_custom_1451747024312{margin-bottom: 12px !important;}&#8221;][vc_column css=&#8221;.vc_custom_1451675335363{margin-bottom: -35px !important;padding-right: 0px !important;padding-left: 0px !important;}&#8221;][layerslider_vc id=&#8221;3&#8243;][\/vc_column][\/vc_row][vc_row type=&#8221;container&#8221; padding_top=&#8221;&#8221; padding_bottom=&#8221;&#8221; css=&#8221;.vc_custom_1451747032411{margin-bottom: 12px !important;}&#8221;][vc_column][vc_column_text]<\/p>\n<h3 style=\"text-align: center;\">A m\u00eddia \u00e9 um meio essencial para influenciar a sociedade e transmitir conhecimento e motiva\u00e7\u00e3o para permitir o progresso tanto para os indiv\u00edduos quanto para a sociedade em geral.<\/h3>\n<p>[\/vc_column_text][\/vc_column][\/vc_row][vc_row type=&#8221;container&#8221; padding_top=&#8221;&#8221; padding_bottom=&#8221;&#8221; css=&#8221;.vc_custom_1451746433787{margin-bottom: 15px !important;}&#8221;][vc_column width=&#8221;1\/3&#8243;][vc_single_image image=&#8221;71367&#8243; img_size=&#8221;large&#8221; onclick=&#8221;custom_link&#8221; link=&#8221;https:\/\/abrmedia.org\/pt-pt\/vision\/&#8221; el_class=&#8221;zoom&#8221; css=&#8221;.vc_custom_1625498349876{margin-bottom: -10px !important;}&#8221;][vc_column_text]<\/p>\n<h4 class=\"feature\"><a href=\"https:\/\/abrmedia.org\/pt-pt\/vision\/\">Nossa Vis\u00e3o<\/a><\/h4>\n<p><span style=\"color: #999999;\">Cada homem, mulher e crian\u00e7a na \u00c1frica podra ouvir o Evangelho de Jesus Cristo.<\/span>[\/vc_column_text][\/vc_column][vc_column width=&#8221;1\/3&#8243;][vc_single_image image=&#8221;71364&#8243; img_size=&#8221;large&#8221; onclick=&#8221;custom_link&#8221; link=&#8221;https:\/\/abrmedia.org\/pt-pt\/training\/&#8221; el_class=&#8221;zoom&#8221; css=&#8221;.vc_custom_1625498382344{margin-bottom: -10px !important;}&#8221;][vc_column_text]<\/p>\n<h4 class=\"feature\"><a href=\"https:\/\/abrmedia.org\/pt-pt\/treinamento\/\">Treinamento de M\u00eddia<\/a><\/h4>\n<p><span style=\"color: #999999;\">Promovemos e facilitamos o treinamento e o desenvolvimento em v\u00e1rios locais.<\/span>[\/vc_column_text][\/vc_column][vc_column width=&#8221;1\/3&#8243;][vc_single_image image=&#8221;71361&#8243; img_size=&#8221;large&#8221; onclick=&#8221;custom_link&#8221; link=&#8221;https:\/\/abrmedia.org\/category\/conferences\/&#8221; el_class=&#8221;zoom&#8221; css=&#8221;.vc_custom_1625498406778{margin-bottom: -10px !important;}&#8221;][vc_column_text]<\/p>\n<h4 class=\"feature\"><a href=\"https:\/\/abrmedia.org\/category\/conferences\/\">Confer\u00eancias<\/a><\/h4>\n<p><span style=\"color: #999999;\">Organizamos confer\u00eancias para equipar aqueles com o fardo de alcan\u00e7ar os perdidos usando a m\u00eddia.<\/span>[\/vc_column_text][\/vc_column][\/vc_row][vc_row type=&#8221;container&#8221; padding_top=&#8221;&#8221; padding_bottom=&#8221;&#8221; css=&#8221;.vc_custom_1444833000148{margin-bottom: 15px !important;}&#8221;][vc_column][vc_separator color=&#8221;#eeeeee&#8221; type=&#8221;normal&#8221; thickness=&#8221;1&#8243; up=&#8221;&#8221; down=&#8221;&#8221;][\/vc_column][\/vc_row][vc_row type=&#8221;container&#8221; padding_top=&#8221;&#8221; padding_bottom=&#8221;&#8221; css=&#8221;.vc_custom_1451746323872{margin-bottom: 35px !important;padding-top: 30px !important;}&#8221;][vc_column width=&#8221;1\/3&#8243; css=&#8221;.vc_custom_1451773427166{margin-bottom: 0px !important;}&#8221;][vc_column_text css=&#8221;.vc_custom_1619872744814{margin-bottom: 0px !important;}&#8221;]<\/p>\n<h2 style=\"margin-top: 22px;\">Sobre AbR Media<\/h2>\n<p>[\/vc_column_text][\/vc_column][vc_column width=&#8221;2\/3&#8243;][vc_column_text]<\/p>\n<h5>AbR Media \u00e9 uma rede de parceiros associados igualmente que reconhece o trabalho de \u00f3rg\u00e3os de m\u00eddia locais, regionais e internacionais existentes que trabalham na \u00c1frica Subsaariana.<\/h5>\n<h5>AbR Media se esfor\u00e7a para ser a mais inclusiva poss\u00edvel de todas essas organiza\u00e7\u00f5es para que juntos possamos apoiar a divulga\u00e7\u00e3o do Evangelho de Jesus Cristo em toda a \u00c1frica Subsaariana.<\/h5>\n<p>[\/vc_column_text][\/vc_column][\/vc_row][vc_row type=&#8221;container&#8221; padding_top=&#8221;&#8221; padding_bottom=&#8221;&#8221; css=&#8221;.vc_custom_1449270557833{margin-bottom: 75px !important;}&#8221;][vc_column]        \n\t<script type=\"text\/javascript\">\n\n\tjQuery(document).ready(function($) {\n\n\t\t$(\"#owlslider_1594344294\").owlCarousel({\n\t\t\tautoPlay: 4000, \n\t\t\titems : 5,\n\t\t\tpagination : false,\n\t\t\tstopOnHover : true,\n\t\t\titemsDesktop : [1199,4],\n\t\t\titemsDesktopSmall : [979,3]\n\t\t}); \n\t});\n\n\t<\/script>\n\n<div class=\"cg-logos\">\n\t<div class=\"row\">\n\t\t<div id=\"owlslider_1594344294\" class=\"owl-carousel\">\n\t\t\t\t\t\t\t\n\t\t\t\t\n\t\t\t\t<div class=\"item\">\n\t\t\t\t\t<a href=\"\">\n\t\t\t\t\t\t<img decoding=\"async\" alt=\"logo\" src=\"https:\/\/abrmedia.org\/wp-content\/uploads\/2021\/05\/13-theovision-new-2.jpg\">\n\t\t\t\t\t<\/a>\n\t\t\t\t<\/div>\n\n\t\t\t\n\t\t\t\t\n\t\t\t\t<div class=\"item\">\n\t\t\t\t\t<a href=\"\">\n\t\t\t\t\t\t<img decoding=\"async\" alt=\"logo\" src=\"https:\/\/abrmedia.org\/wp-content\/uploads\/2021\/05\/12-sim-new.jpg\">\n\t\t\t\t\t<\/a>\n\t\t\t\t<\/div>\n\n\t\t\t\n\t\t\t\t\n\t\t\t\t<div class=\"item\">\n\t\t\t\t\t<a href=\"\">\n\t\t\t\t\t\t<img decoding=\"async\" alt=\"logo\" src=\"https:\/\/abrmedia.org\/wp-content\/uploads\/2021\/05\/11-praise-live-new.jpg\">\n\t\t\t\t\t<\/a>\n\t\t\t\t<\/div>\n\n\t\t\t\n\t\t\t\t\n\t\t\t\t<div class=\"item\">\n\t\t\t\t\t<a href=\"\">\n\t\t\t\t\t\t<img decoding=\"async\" alt=\"logo\" src=\"https:\/\/abrmedia.org\/wp-content\/uploads\/2021\/05\/10-new-life-africa-new.jpg\">\n\t\t\t\t\t<\/a>\n\t\t\t\t<\/div>\n\n\t\t\t\n\t\t\t\t\n\t\t\t\t<div class=\"item\">\n\t\t\t\t\t<a href=\"\">\n\t\t\t\t\t\t<img decoding=\"async\" alt=\"logo\" src=\"https:\/\/abrmedia.org\/wp-content\/uploads\/2021\/05\/09-diguna-new.jpg\">\n\t\t\t\t\t<\/a>\n\t\t\t\t<\/div>\n\n\t\t\t\n\t\t\t\t\n\t\t\t\t<div class=\"item\">\n\t\t\t\t\t<a href=\"\">\n\t\t\t\t\t\t<img decoding=\"async\" alt=\"logo\" src=\"https:\/\/abrmedia.org\/wp-content\/uploads\/2021\/05\/08-christianity-works-new.jpg\">\n\t\t\t\t\t<\/a>\n\t\t\t\t<\/div>\n\n\t\t\t\n\t\t\t\t\n\t\t\t\t<div class=\"item\">\n\t\t\t\t\t<a href=\"\">\n\t\t\t\t\t\t<img decoding=\"async\" alt=\"logo\" src=\"https:\/\/abrmedia.org\/wp-content\/uploads\/2021\/05\/07-ucb-new.jpg\">\n\t\t\t\t\t<\/a>\n\t\t\t\t<\/div>\n\n\t\t\t\n\t\t\t\t\n\t\t\t\t<div class=\"item\">\n\t\t\t\t\t<a href=\"\">\n\t\t\t\t\t\t<img decoding=\"async\" alt=\"logo\" src=\"https:\/\/abrmedia.org\/wp-content\/uploads\/2021\/05\/06-twr-new.jpg\">\n\t\t\t\t\t<\/a>\n\t\t\t\t<\/div>\n\n\t\t\t\n\t\t\t\t\n\t\t\t\t<div class=\"item\">\n\t\t\t\t\t<a href=\"\">\n\t\t\t\t\t\t<img decoding=\"async\" alt=\"logo\" src=\"https:\/\/abrmedia.org\/wp-content\/uploads\/2021\/05\/05-ran-new.jpg\">\n\t\t\t\t\t<\/a>\n\t\t\t\t<\/div>\n\n\t\t\t\n\t\t\t\t\n\t\t\t\t<div class=\"item\">\n\t\t\t\t\t<a href=\"\">\n\t\t\t\t\t\t<img decoding=\"async\" alt=\"logo\" src=\"https:\/\/abrmedia.org\/wp-content\/uploads\/2021\/05\/04-ibra-new.jpg\">\n\t\t\t\t\t<\/a>\n\t\t\t\t<\/div>\n\n\t\t\t\n\t\t\t\t\n\t\t\t\t<div class=\"item\">\n\t\t\t\t\t<a href=\"\">\n\t\t\t\t\t\t<img decoding=\"async\" alt=\"logo\" src=\"https:\/\/abrmedia.org\/wp-content\/uploads\/2021\/05\/03-reach-beyond-new.jpg\">\n\t\t\t\t\t<\/a>\n\t\t\t\t<\/div>\n\n\t\t\t\n\t\t\t\t\n\t\t\t\t<div class=\"item\">\n\t\t\t\t\t<a href=\"\">\n\t\t\t\t\t\t<img decoding=\"async\" alt=\"logo\" src=\"https:\/\/abrmedia.org\/wp-content\/uploads\/2021\/05\/02-galcom-new.jpg\">\n\t\t\t\t\t<\/a>\n\t\t\t\t<\/div>\n\n\t\t\t\n\t\t\t\t\n\t\t\t\t<div class=\"item\">\n\t\t\t\t\t<a href=\"\">\n\t\t\t\t\t\t<img decoding=\"async\" alt=\"logo\" src=\"https:\/\/abrmedia.org\/wp-content\/uploads\/2021\/05\/01-feba-new.jpg\">\n\t\t\t\t\t<\/a>\n\t\t\t\t<\/div>\n\n\t\t\t\t\t\t\n\t\t\t\n\t\t<\/div>\n\t<\/div>\n<\/div>\n\n[\/vc_column][\/vc_row][vc_row type=&#8221;full_page_width_inner_container&#8221; padding_top=&#8221;&#8221; padding_bottom=&#8221;&#8221; css=&#8221;.vc_custom_1619876370349{margin-bottom: 55px !important;padding-top: 15px !important;padding-bottom: 15px !important;background-color: #1d961d !important;}&#8221;][vc_column width=&#8221;1\/6&#8243;][\/vc_column][vc_column width=&#8221;2\/3&#8243;][vc_column_text]<\/p>\n<h3 style=\"text-align: center; color: white;\"><em><span class=\"quote\">\u201c<\/span>Nossa vis\u00e3o \u00e9 ver cada homem, mulher e crian\u00e7a na \u00c1frica tendo a oportunidade de ligar um r\u00e1dio e ouvir o Evangelho de Jesus Cristo de uma forma e em uma linguagem que eles possam entender.<span class=\"quote\">\u201d<\/span><\/em><\/h3>\n<p>[\/vc_column_text][\/vc_column][vc_column width=&#8221;1\/6&#8243;][\/vc_column][\/vc_row][vc_row type=&#8221;container&#8221; padding_top=&#8221;&#8221; padding_bottom=&#8221;&#8221; css=&#8221;.vc_custom_1451746675472{margin-bottom: 30px !important;}&#8221;][vc_column width=&#8221;1\/3&#8243; css=&#8221;.vc_custom_1451773467212{margin-bottom: 0px !important;}&#8221;][vc_column_text css=&#8221;.vc_custom_1619875989966{margin-bottom: 0px !important;}&#8221;]<\/p>\n<h2 style=\"margin-top: 0.65em;\">Contate-Nos<\/h2>\n<p>[\/vc_column_text][\/vc_column][vc_column width=&#8221;2\/3&#8243;][vc_column_text]<\/p>\n<h5><span style=\"color: #666666;\">Estamos sempre interessados em novos projetos, grandes ou pequenos. N\u00e3o hesite em contatar nos.<br \/>\n<\/span><\/h5>\n<p><span style=\"color: #666666;\">Se voc\u00ea quiser nos contatar sobre qualquer problema, ligue para <span style=\"color: #000000;\">(+27 21 7854200)<\/span>, ou fale conosco atrav\u00e9s de nossa\u00a0<a href=\"https:\/\/abrmedia.org\/pt-pt\/contate-nos\/\">p\u00e1gina de contato<\/a><br \/>\n<\/span>[\/vc_column_text][\/vc_column][\/vc_row]<\/p>\n","protected":false},"excerpt":{"rendered":"<p>[vc_row type=&#8221;full_page_width&#8221; padding_top=&#8221;&#8221; padding_bottom=&#8221;&#8221; css=&#8221;.vc_custom_1451747024312{margin-bottom: 12px !important;}&#8221;][vc_column css=&#8221;.vc_custom_1451675335363{margin-bottom: -35px !important;padding-right: 0px !important;padding-left: 0px !important;}&#8221;][layerslider_vc id=&#8221;3&#8243;][\/vc_column][\/vc_row][vc_row type=&#8221;container&#8221; padding_top=&#8221;&#8221; padding_bottom=&#8221;&#8221; css=&#8221;.vc_custom_1451747032411{margin-bottom: 12px !important;}&#8221;][vc_column][vc_column_text] A m\u00eddia \u00e9 um meio essencial para influenciar a sociedade e transmitir conhecimento e motiva\u00e7\u00e3o para permitir o progresso tanto para os indiv\u00edduos quanto para a sociedade em geral. [\/vc_column_text][\/vc_column][\/vc_row][vc_row type=&#8221;container&#8221; padding_top=&#8221;&#8221; padding_bottom=&#8221;&#8221; css=&#8221;.vc_custom_1451746433787{margin-bottom: [&hellip;]<\/p>\n","protected":false},"author":1,"featured_media":0,"parent":0,"menu_order":0,"comment_status":"closed","ping_status":"closed","template":"page-full-width.php","meta":{"footnotes":""},"class_list":["post-71358","page","type-page","status-publish","hentry"],"acf":[],"yoast_head":"<!-- This site is optimized with the Yoast SEO plugin v19.11 - https:\/\/yoast.com\/wordpress\/plugins\/seo\/ -->\n<title>Site Inicial - AbR Media<\/title>\n<meta name=\"description\" content=\"A m\u00eddia \u00e9 um meio essencial para influenciar a sociedade e transmitir conhecimento e motiva\u00e7\u00e3o para permitir o progresso tanto para os indiv\u00edduos quanto para a sociedade em geral.\" \/>\n<meta name=\"robots\" content=\"index, follow, max-snippet:-1, max-image-preview:large, max-video-preview:-1\" \/>\n<link rel=\"canonical\" href=\"https:\/\/abrmedia.org\/pt-pt\/\" \/>\n<meta property=\"og:locale\" content=\"pt_PT\" \/>\n<meta property=\"og:type\" content=\"article\" \/>\n<meta property=\"og:title\" content=\"Site Inicial - AbR Media\" \/>\n<meta property=\"og:description\" content=\"A m\u00eddia \u00e9 um meio essencial para influenciar a sociedade e transmitir conhecimento e motiva\u00e7\u00e3o para permitir o progresso tanto para os indiv\u00edduos quanto para a sociedade em geral.\" \/>\n<meta property=\"og:url\" content=\"https:\/\/abrmedia.org\/pt-pt\/\" \/>\n<meta property=\"og:site_name\" content=\"AbR Media\" \/>\n<meta property=\"article:modified_time\" content=\"2021-07-05T15:20:29+00:00\" \/>\n<meta name=\"twitter:card\" content=\"summary_large_image\" \/>\n<meta name=\"twitter:label1\" content=\"Tempo estimado de leitura\" \/>\n\t<meta name=\"twitter:data1\" content=\"2 minutos\" \/>\n<script type=\"application\/ld+json\" class=\"yoast-schema-graph\">{\"@context\":\"https:\/\/schema.org\",\"@graph\":[{\"@type\":\"WebPage\",\"@id\":\"https:\/\/abrmedia.org\/pt-pt\/\",\"url\":\"https:\/\/abrmedia.org\/pt-pt\/\",\"name\":\"Site Inicial - AbR Media\",\"isPartOf\":{\"@id\":\"https:\/\/abrmedia.org\/#website\"},\"datePublished\":\"2021-07-05T14:13:28+00:00\",\"dateModified\":\"2021-07-05T15:20:29+00:00\",\"description\":\"A m\u00eddia \u00e9 um meio essencial para influenciar a sociedade e transmitir conhecimento e motiva\u00e7\u00e3o para permitir o progresso tanto para os indiv\u00edduos quanto para a sociedade em geral.\",\"breadcrumb\":{\"@id\":\"https:\/\/abrmedia.org\/pt-pt\/#breadcrumb\"},\"inLanguage\":\"pt-PT\",\"potentialAction\":[{\"@type\":\"ReadAction\",\"target\":[\"https:\/\/abrmedia.org\/pt-pt\/\"]}]},{\"@type\":\"BreadcrumbList\",\"@id\":\"https:\/\/abrmedia.org\/pt-pt\/#breadcrumb\",\"itemListElement\":[{\"@type\":\"ListItem\",\"position\":1,\"name\":\"Home\",\"item\":\"https:\/\/abrmedia.org\/pt-pt\/\"},{\"@type\":\"ListItem\",\"position\":2,\"name\":\"Site Inicial\"}]},{\"@type\":\"WebSite\",\"@id\":\"https:\/\/abrmedia.org\/#website\",\"url\":\"https:\/\/abrmedia.org\/\",\"name\":\"AbR Media\",\"description\":\"This is a tagline\",\"potentialAction\":[{\"@type\":\"SearchAction\",\"target\":{\"@type\":\"EntryPoint\",\"urlTemplate\":\"https:\/\/abrmedia.org\/?s={search_term_string}\"},\"query-input\":\"required name=search_term_string\"}],\"inLanguage\":\"pt-PT\"}]}<\/script>\n<!-- \/ Yoast SEO plugin. -->","yoast_head_json":{"title":"Site Inicial - AbR Media","description":"A m\u00eddia \u00e9 um meio essencial para influenciar a sociedade e transmitir conhecimento e motiva\u00e7\u00e3o para permitir o progresso tanto para os indiv\u00edduos quanto para a sociedade em geral.","robots":{"index":"index","follow":"follow","max-snippet":"max-snippet:-1","max-image-preview":"max-image-preview:large","max-video-preview":"max-video-preview:-1"},"canonical":"https:\/\/abrmedia.org\/pt-pt\/","og_locale":"pt_PT","og_type":"article","og_title":"Site Inicial - AbR Media","og_description":"A m\u00eddia \u00e9 um meio essencial para influenciar a sociedade e transmitir conhecimento e motiva\u00e7\u00e3o para permitir o progresso tanto para os indiv\u00edduos quanto para a sociedade em geral.","og_url":"https:\/\/abrmedia.org\/pt-pt\/","og_site_name":"AbR Media","article_modified_time":"2021-07-05T15:20:29+00:00","twitter_card":"summary_large_image","twitter_misc":{"Tempo estimado de leitura":"2 minutos"},"schema":{"@context":"https:\/\/schema.org","@graph":[{"@type":"WebPage","@id":"https:\/\/abrmedia.org\/pt-pt\/","url":"https:\/\/abrmedia.org\/pt-pt\/","name":"Site Inicial - AbR Media","isPartOf":{"@id":"https:\/\/abrmedia.org\/#website"},"datePublished":"2021-07-05T14:13:28+00:00","dateModified":"2021-07-05T15:20:29+00:00","description":"A m\u00eddia \u00e9 um meio essencial para influenciar a sociedade e transmitir conhecimento e motiva\u00e7\u00e3o para permitir o progresso tanto para os indiv\u00edduos quanto para a sociedade em geral.","breadcrumb":{"@id":"https:\/\/abrmedia.org\/pt-pt\/#breadcrumb"},"inLanguage":"pt-PT","potentialAction":[{"@type":"ReadAction","target":["https:\/\/abrmedia.org\/pt-pt\/"]}]},{"@type":"BreadcrumbList","@id":"https:\/\/abrmedia.org\/pt-pt\/#breadcrumb","itemListElement":[{"@type":"ListItem","position":1,"name":"Home","item":"https:\/\/abrmedia.org\/pt-pt\/"},{"@type":"ListItem","position":2,"name":"Site Inicial"}]},{"@type":"WebSite","@id":"https:\/\/abrmedia.org\/#website","url":"https:\/\/abrmedia.org\/","name":"AbR Media","description":"This is a tagline","potentialAction":[{"@type":"SearchAction","target":{"@type":"EntryPoint","urlTemplate":"https:\/\/abrmedia.org\/?s={search_term_string}"},"query-input":"required name=search_term_string"}],"inLanguage":"pt-PT"}]}},"_links":{"self":[{"href":"https:\/\/abrmedia.org\/pt-pt\/wp-json\/wp\/v2\/pages\/71358","targetHints":{"allow":["GET"]}}],"collection":[{"href":"https:\/\/abrmedia.org\/pt-pt\/wp-json\/wp\/v2\/pages"}],"about":[{"href":"https:\/\/abrmedia.org\/pt-pt\/wp-json\/wp\/v2\/types\/page"}],"author":[{"embeddable":true,"href":"https:\/\/abrmedia.org\/pt-pt\/wp-json\/wp\/v2\/users\/1"}],"replies":[{"embeddable":true,"href":"https:\/\/abrmedia.org\/pt-pt\/wp-json\/wp\/v2\/comments?post=71358"}],"version-history":[{"count":6,"href":"https:\/\/abrmedia.org\/pt-pt\/wp-json\/wp\/v2\/pages\/71358\/revisions"}],"predecessor-version":[{"id":71492,"href":"https:\/\/abrmedia.org\/pt-pt\/wp-json\/wp\/v2\/pages\/71358\/revisions\/71492"}],"wp:attachment":[{"href":"https:\/\/abrmedia.org\/pt-pt\/wp-json\/wp\/v2\/media?parent=71358"}],"curies":[{"name":"wp","href":"https:\/\/api.w.org\/{rel}","templated":true}]}}