{"id":71381,"date":"2021-07-05T14:25:02","date_gmt":"2021-07-05T14:25:02","guid":{"rendered":"https:\/\/abrmedia.org\/cerca-de\/"},"modified":"2021-07-05T14:26:25","modified_gmt":"2021-07-05T14:26:25","slug":"cerca-de","status":"publish","type":"page","link":"https:\/\/abrmedia.org\/pt-pt\/cerca-de\/","title":{"rendered":"Cerca De"},"content":{"rendered":"<p>[vc_row type=&#8221;container&#8221; padding_top=&#8221;&#8221; padding_bottom=&#8221;&#8221; css=&#8221;.vc_custom_1619870489800{padding-top: 50px !important;}&#8221;][vc_column width=&#8221;1\/2&#8243; css=&#8221;.vc_custom_1449147431196{margin-bottom: 35px !important;}&#8221;][vc_column_text css=&#8221;.vc_custom_1621586478439{padding-right: 10px !important;}&#8221;]<\/p>\n<h2 style=\"margin-top: 0px;\">Quem n\u00f3s somos<\/h2>\n<p>AbR Media \u00e9 uma rede crist\u00e3 de parceiros associados igualmente que reconhece o trabalho de \u00f3rg\u00e3os de m\u00eddia locais, regionais e internacionais existentes que trabalham na \u00c1frica. Portanto, foram implementados mecanismos que permitem que a AbR Media seja a mais inclusiva poss\u00edvel de todas essas organiza\u00e7\u00f5es para que, juntos, possamos apoiar a divulga\u00e7\u00e3o do Evangelho de Jesus Cristo em toda a \u00c1frica.<\/p>\n<h3 style=\"margin-top: 0px;\">Por que AbR Media?<\/h3>\n<p>Em uma reuni\u00e3o em Burkina Faso em julho \/ agosto de 2004, um f\u00f3rum de v\u00e1rias emissoras crist\u00e3s trabalhando em toda a \u00c1frica, foi convidado a pensar de uma nova maneira sobre a estrat\u00e9gia para \u00c1frica. Por meio da discuss\u00e3o, eles concordaram cooperar e trabalhar juntos de forma pr\u00f3-ativa para que, com a ajuda de Deus, o minist\u00e9rio da m\u00eddia fosse maximizado em todos os n\u00edveis.<\/p>\n<h3 style=\"margin-top: 0px;\">C\u00f3digo de Pr\u00e1tica Profissional<\/h3>\n<p>\u00c9 amplamente reconhecido que os meios de comunica\u00e7\u00e3o s\u00e3o um meio essencial para influenciar a sociedade, transmitir conhecimentos, motivar e permitir o progresso tanto dos indiv\u00edduos como da sociedade em geral. O entretenimento de m\u00eddia tamb\u00e9m precisa ser \u00e9ticamente e moralmente s\u00f3lido e relevante, pois tem grande influ\u00eancia na dire\u00e7\u00e3o da sociedade.<\/p>\n<h3 style=\"margin-top: 0px;\">Como Operamos<\/h3>\n<p>As diretrizes para as atividades da AbR Media est\u00e3o expressas no Memorando de Entendimento da AbR Media.<\/p>\n<h3 style=\"margin-top: 0px;\">O Pacto de Lausanne<\/h3>\n<p>AbR Media subscreve \u00e3o Pacto de Lausanne como sua Declara\u00e7\u00e3o de F\u00e9.[\/vc_column_text][\/vc_column][vc_column width=&#8221;1\/2&#8243; css=&#8221;.vc_custom_1451760818909{padding-top: 14px !important;}&#8221;][vc_single_image image=&#8221;71151&#8243; img_size=&#8221;full&#8221;][vc_row_inner css=&#8221;.vc_custom_1449574756848{margin-bottom: 0px !important;}&#8221;][vc_column_inner width=&#8221;1\/2&#8243;][vc_single_image image=&#8221;71386&#8243; img_size=&#8221;full&#8221;][vc_single_image image=&#8221;71392&#8243; img_size=&#8221;full&#8221;][\/vc_column_inner][vc_column_inner width=&#8221;1\/2&#8243; css=&#8221;.vc_custom_1449574764907{margin-bottom: 35px !important;}&#8221;][vc_single_image image=&#8221;71389&#8243; img_size=&#8221;full&#8221;][vc_single_image image=&#8221;71383&#8243; img_size=&#8221;full&#8221;][\/vc_column_inner][\/vc_row_inner][\/vc_column][\/vc_row][vc_row type=&#8221;full_page_width_inner_container&#8221; padding_top=&#8221;&#8221; padding_bottom=&#8221;&#8221; css=&#8221;.vc_custom_1619855350329{margin-bottom: 0px !important;padding-top: 20px !important;padding-bottom: 20px !important;background-color: #1d961d !important;}&#8221;][vc_column width=&#8221;1\/6&#8243;][\/vc_column][vc_column width=&#8221;2\/3&#8243;][vc_column_text]<\/p>\n<h3 style=\"text-align: center; color: white;\"><em><span class=\"quote\">\u201c<\/span>Nossa vis\u00e3o \u00e9 ver cada homem, mulher e crian\u00e7a na \u00c1frica tendo a oportunidade de ligar um r\u00e1dio e ouvir o Evangelho de Jesus Cristo de uma forma e em uma linguagem que eles possam entender.<span class=\"quote\">\u201d<\/span><\/em><\/h3>\n<p>[\/vc_column_text][\/vc_column][vc_column width=&#8221;1\/6&#8243;][\/vc_column][\/vc_row][vc_row type=&#8221;full_page_width_inner_container&#8221; padding_top=&#8221;&#8221; padding_bottom=&#8221;&#8221; css=&#8221;.vc_custom_1619883867911{padding-top: 40px !important;padding-bottom: 20px !important;background-position: center !important;background-repeat: no-repeat !important;background-size: cover !important;}&#8221;][vc_column css=&#8221;.vc_custom_1445098522820{margin-bottom: 35px !important;}&#8221;][vc_row_inner][vc_column_inner][vc_column_text]<\/p>\n<h3 style=\"text-align: center; color: #000000;\">Nossos Fundadores<\/h3>\n<p>[\/vc_column_text]        \n\t<script type=\"text\/javascript\">\n\n\tjQuery(document).ready(function($) {\n\n\t\t$(\"#owlslider_1886897599\").owlCarousel({\n\t\t\tautoPlay: 4000, \n\t\t\titems : 5,\n\t\t\tpagination : false,\n\t\t\tstopOnHover : true,\n\t\t\titemsDesktop : [1199,4],\n\t\t\titemsDesktopSmall : [979,3]\n\t\t}); \n\t});\n\n\t<\/script>\n\n<div class=\"cg-logos\">\n\t<div class=\"row\">\n\t\t<div id=\"owlslider_1886897599\" class=\"owl-carousel\">\n\t\t\t\t\t\t\t\n\t\t\t\t\n\t\t\t\t<div class=\"item\">\n\t\t\t\t\t<a href=\"\">\n\t\t\t\t\t\t<img decoding=\"async\" alt=\"logo\" src=\"https:\/\/abrmedia.org\/wp-content\/uploads\/2021\/05\/13-theovision-new-2.jpg\">\n\t\t\t\t\t<\/a>\n\t\t\t\t<\/div>\n\n\t\t\t\n\t\t\t\t\n\t\t\t\t<div class=\"item\">\n\t\t\t\t\t<a href=\"\">\n\t\t\t\t\t\t<img decoding=\"async\" alt=\"logo\" src=\"https:\/\/abrmedia.org\/wp-content\/uploads\/2021\/05\/12-sim-new.jpg\">\n\t\t\t\t\t<\/a>\n\t\t\t\t<\/div>\n\n\t\t\t\n\t\t\t\t\n\t\t\t\t<div class=\"item\">\n\t\t\t\t\t<a href=\"\">\n\t\t\t\t\t\t<img decoding=\"async\" alt=\"logo\" src=\"https:\/\/abrmedia.org\/wp-content\/uploads\/2021\/05\/11-praise-live-new.jpg\">\n\t\t\t\t\t<\/a>\n\t\t\t\t<\/div>\n\n\t\t\t\n\t\t\t\t\n\t\t\t\t<div class=\"item\">\n\t\t\t\t\t<a href=\"\">\n\t\t\t\t\t\t<img decoding=\"async\" alt=\"logo\" src=\"https:\/\/abrmedia.org\/wp-content\/uploads\/2021\/05\/10-new-life-africa-new.jpg\">\n\t\t\t\t\t<\/a>\n\t\t\t\t<\/div>\n\n\t\t\t\n\t\t\t\t\n\t\t\t\t<div class=\"item\">\n\t\t\t\t\t<a href=\"\">\n\t\t\t\t\t\t<img decoding=\"async\" alt=\"logo\" src=\"https:\/\/abrmedia.org\/wp-content\/uploads\/2021\/05\/09-diguna-new.jpg\">\n\t\t\t\t\t<\/a>\n\t\t\t\t<\/div>\n\n\t\t\t\n\t\t\t\t\n\t\t\t\t<div class=\"item\">\n\t\t\t\t\t<a href=\"\">\n\t\t\t\t\t\t<img decoding=\"async\" alt=\"logo\" src=\"https:\/\/abrmedia.org\/wp-content\/uploads\/2021\/05\/08-christianity-works-new.jpg\">\n\t\t\t\t\t<\/a>\n\t\t\t\t<\/div>\n\n\t\t\t\n\t\t\t\t\n\t\t\t\t<div class=\"item\">\n\t\t\t\t\t<a href=\"\">\n\t\t\t\t\t\t<img decoding=\"async\" alt=\"logo\" src=\"https:\/\/abrmedia.org\/wp-content\/uploads\/2021\/05\/07-ucb-new.jpg\">\n\t\t\t\t\t<\/a>\n\t\t\t\t<\/div>\n\n\t\t\t\n\t\t\t\t\n\t\t\t\t<div class=\"item\">\n\t\t\t\t\t<a href=\"\">\n\t\t\t\t\t\t<img decoding=\"async\" alt=\"logo\" src=\"https:\/\/abrmedia.org\/wp-content\/uploads\/2021\/05\/06-twr-new.jpg\">\n\t\t\t\t\t<\/a>\n\t\t\t\t<\/div>\n\n\t\t\t\n\t\t\t\t\n\t\t\t\t<div class=\"item\">\n\t\t\t\t\t<a href=\"\">\n\t\t\t\t\t\t<img decoding=\"async\" alt=\"logo\" src=\"https:\/\/abrmedia.org\/wp-content\/uploads\/2021\/05\/05-ran-new.jpg\">\n\t\t\t\t\t<\/a>\n\t\t\t\t<\/div>\n\n\t\t\t\n\t\t\t\t\n\t\t\t\t<div class=\"item\">\n\t\t\t\t\t<a href=\"\">\n\t\t\t\t\t\t<img decoding=\"async\" alt=\"logo\" src=\"https:\/\/abrmedia.org\/wp-content\/uploads\/2021\/05\/04-ibra-new.jpg\">\n\t\t\t\t\t<\/a>\n\t\t\t\t<\/div>\n\n\t\t\t\n\t\t\t\t\n\t\t\t\t<div class=\"item\">\n\t\t\t\t\t<a href=\"\">\n\t\t\t\t\t\t<img decoding=\"async\" alt=\"logo\" src=\"https:\/\/abrmedia.org\/wp-content\/uploads\/2021\/05\/03-reach-beyond-new.jpg\">\n\t\t\t\t\t<\/a>\n\t\t\t\t<\/div>\n\n\t\t\t\n\t\t\t\t\n\t\t\t\t<div class=\"item\">\n\t\t\t\t\t<a href=\"\">\n\t\t\t\t\t\t<img decoding=\"async\" alt=\"logo\" src=\"https:\/\/abrmedia.org\/wp-content\/uploads\/2021\/05\/02-galcom-new.jpg\">\n\t\t\t\t\t<\/a>\n\t\t\t\t<\/div>\n\n\t\t\t\n\t\t\t\t\n\t\t\t\t<div class=\"item\">\n\t\t\t\t\t<a href=\"\">\n\t\t\t\t\t\t<img decoding=\"async\" alt=\"logo\" src=\"https:\/\/abrmedia.org\/wp-content\/uploads\/2021\/05\/01-feba-new.jpg\">\n\t\t\t\t\t<\/a>\n\t\t\t\t<\/div>\n\n\t\t\t\t\t\t\n\t\t\t\n\t\t<\/div>\n\t<\/div>\n<\/div>\n\n[\/vc_column_inner][\/vc_row_inner][\/vc_column][\/vc_row]<\/p>\n","protected":false},"excerpt":{"rendered":"<p>[vc_row type=&#8221;container&#8221; padding_top=&#8221;&#8221; padding_bottom=&#8221;&#8221; css=&#8221;.vc_custom_1619870489800{padding-top: 50px !important;}&#8221;][vc_column width=&#8221;1\/2&#8243; css=&#8221;.vc_custom_1449147431196{margin-bottom: 35px !important;}&#8221;][vc_column_text css=&#8221;.vc_custom_1621586478439{padding-right: 10px !important;}&#8221;] Quem n\u00f3s somos AbR Media \u00e9 uma rede crist\u00e3 de parceiros associados igualmente que reconhece o trabalho de \u00f3rg\u00e3os de m\u00eddia locais, regionais e internacionais existentes que trabalham na \u00c1frica. Portanto, foram implementados mecanismos que permitem que a AbR Media seja [&hellip;]<\/p>\n","protected":false},"author":1,"featured_media":0,"parent":0,"menu_order":0,"comment_status":"closed","ping_status":"closed","template":"page-full-width.php","meta":{"footnotes":""},"class_list":["post-71381","page","type-page","status-publish","hentry"],"acf":[],"yoast_head":"<!-- This site is optimized with the Yoast SEO plugin v19.11 - https:\/\/yoast.com\/wordpress\/plugins\/seo\/ -->\n<title>Cerca De - AbR Media<\/title>\n<meta name=\"description\" content=\"We work on the cusp of innovation and technology to take products from an idea all the way to the end consumer.\" \/>\n<meta name=\"robots\" content=\"index, follow, max-snippet:-1, max-image-preview:large, max-video-preview:-1\" \/>\n<link rel=\"canonical\" href=\"https:\/\/abrmedia.org\/pt-pt\/cerca-de\/\" \/>\n<meta property=\"og:locale\" content=\"pt_PT\" \/>\n<meta property=\"og:type\" content=\"article\" \/>\n<meta property=\"og:title\" content=\"Cerca De - AbR Media\" \/>\n<meta property=\"og:description\" content=\"We work on the cusp of innovation and technology to take products from an idea all the way to the end consumer.\" \/>\n<meta property=\"og:url\" content=\"https:\/\/abrmedia.org\/pt-pt\/cerca-de\/\" \/>\n<meta property=\"og:site_name\" content=\"AbR Media\" \/>\n<meta property=\"article:modified_time\" content=\"2021-07-05T14:26:25+00:00\" \/>\n<meta name=\"twitter:card\" content=\"summary_large_image\" \/>\n<meta name=\"twitter:label1\" content=\"Tempo estimado de leitura\" \/>\n\t<meta name=\"twitter:data1\" content=\"2 minutos\" \/>\n<script type=\"application\/ld+json\" class=\"yoast-schema-graph\">{\"@context\":\"https:\/\/schema.org\",\"@graph\":[{\"@type\":\"WebPage\",\"@id\":\"https:\/\/abrmedia.org\/pt-pt\/cerca-de\/\",\"url\":\"https:\/\/abrmedia.org\/pt-pt\/cerca-de\/\",\"name\":\"Cerca De - AbR Media\",\"isPartOf\":{\"@id\":\"https:\/\/abrmedia.org\/#website\"},\"datePublished\":\"2021-07-05T14:25:02+00:00\",\"dateModified\":\"2021-07-05T14:26:25+00:00\",\"description\":\"We work on the cusp of innovation and technology to take products from an idea all the way to the end consumer.\",\"breadcrumb\":{\"@id\":\"https:\/\/abrmedia.org\/pt-pt\/cerca-de\/#breadcrumb\"},\"inLanguage\":\"pt-PT\",\"potentialAction\":[{\"@type\":\"ReadAction\",\"target\":[\"https:\/\/abrmedia.org\/pt-pt\/cerca-de\/\"]}]},{\"@type\":\"BreadcrumbList\",\"@id\":\"https:\/\/abrmedia.org\/pt-pt\/cerca-de\/#breadcrumb\",\"itemListElement\":[{\"@type\":\"ListItem\",\"position\":1,\"name\":\"Home\",\"item\":\"https:\/\/abrmedia.org\/pt-pt\/\"},{\"@type\":\"ListItem\",\"position\":2,\"name\":\"Cerca De\"}]},{\"@type\":\"WebSite\",\"@id\":\"https:\/\/abrmedia.org\/#website\",\"url\":\"https:\/\/abrmedia.org\/\",\"name\":\"AbR Media\",\"description\":\"This is a tagline\",\"potentialAction\":[{\"@type\":\"SearchAction\",\"target\":{\"@type\":\"EntryPoint\",\"urlTemplate\":\"https:\/\/abrmedia.org\/?s={search_term_string}\"},\"query-input\":\"required name=search_term_string\"}],\"inLanguage\":\"pt-PT\"}]}<\/script>\n<!-- \/ Yoast SEO plugin. -->","yoast_head_json":{"title":"Cerca De - AbR Media","description":"We work on the cusp of innovation and technology to take products from an idea all the way to the end consumer.","robots":{"index":"index","follow":"follow","max-snippet":"max-snippet:-1","max-image-preview":"max-image-preview:large","max-video-preview":"max-video-preview:-1"},"canonical":"https:\/\/abrmedia.org\/pt-pt\/cerca-de\/","og_locale":"pt_PT","og_type":"article","og_title":"Cerca De - AbR Media","og_description":"We work on the cusp of innovation and technology to take products from an idea all the way to the end consumer.","og_url":"https:\/\/abrmedia.org\/pt-pt\/cerca-de\/","og_site_name":"AbR Media","article_modified_time":"2021-07-05T14:26:25+00:00","twitter_card":"summary_large_image","twitter_misc":{"Tempo estimado de leitura":"2 minutos"},"schema":{"@context":"https:\/\/schema.org","@graph":[{"@type":"WebPage","@id":"https:\/\/abrmedia.org\/pt-pt\/cerca-de\/","url":"https:\/\/abrmedia.org\/pt-pt\/cerca-de\/","name":"Cerca De - AbR Media","isPartOf":{"@id":"https:\/\/abrmedia.org\/#website"},"datePublished":"2021-07-05T14:25:02+00:00","dateModified":"2021-07-05T14:26:25+00:00","description":"We work on the cusp of innovation and technology to take products from an idea all the way to the end consumer.","breadcrumb":{"@id":"https:\/\/abrmedia.org\/pt-pt\/cerca-de\/#breadcrumb"},"inLanguage":"pt-PT","potentialAction":[{"@type":"ReadAction","target":["https:\/\/abrmedia.org\/pt-pt\/cerca-de\/"]}]},{"@type":"BreadcrumbList","@id":"https:\/\/abrmedia.org\/pt-pt\/cerca-de\/#breadcrumb","itemListElement":[{"@type":"ListItem","position":1,"name":"Home","item":"https:\/\/abrmedia.org\/pt-pt\/"},{"@type":"ListItem","position":2,"name":"Cerca De"}]},{"@type":"WebSite","@id":"https:\/\/abrmedia.org\/#website","url":"https:\/\/abrmedia.org\/","name":"AbR Media","description":"This is a tagline","potentialAction":[{"@type":"SearchAction","target":{"@type":"EntryPoint","urlTemplate":"https:\/\/abrmedia.org\/?s={search_term_string}"},"query-input":"required name=search_term_string"}],"inLanguage":"pt-PT"}]}},"_links":{"self":[{"href":"https:\/\/abrmedia.org\/pt-pt\/wp-json\/wp\/v2\/pages\/71381","targetHints":{"allow":["GET"]}}],"collection":[{"href":"https:\/\/abrmedia.org\/pt-pt\/wp-json\/wp\/v2\/pages"}],"about":[{"href":"https:\/\/abrmedia.org\/pt-pt\/wp-json\/wp\/v2\/types\/page"}],"author":[{"embeddable":true,"href":"https:\/\/abrmedia.org\/pt-pt\/wp-json\/wp\/v2\/users\/1"}],"replies":[{"embeddable":true,"href":"https:\/\/abrmedia.org\/pt-pt\/wp-json\/wp\/v2\/comments?post=71381"}],"version-history":[{"count":5,"href":"https:\/\/abrmedia.org\/pt-pt\/wp-json\/wp\/v2\/pages\/71381\/revisions"}],"predecessor-version":[{"id":71450,"href":"https:\/\/abrmedia.org\/pt-pt\/wp-json\/wp\/v2\/pages\/71381\/revisions\/71450"}],"wp:attachment":[{"href":"https:\/\/abrmedia.org\/pt-pt\/wp-json\/wp\/v2\/media?parent=71381"}],"curies":[{"name":"wp","href":"https:\/\/api.w.org\/{rel}","templated":true}]}}