{"id":71451,"date":"2021-07-05T14:54:25","date_gmt":"2021-07-05T14:54:25","guid":{"rendered":"https:\/\/abrmedia.org\/nossa-visao\/"},"modified":"2021-07-05T14:54:25","modified_gmt":"2021-07-05T14:54:25","slug":"nossa-visao","status":"publish","type":"page","link":"https:\/\/abrmedia.org\/pt-pt\/nossa-visao\/","title":{"rendered":"Nossa Vis\u00e3o"},"content":{"rendered":"<p>[vc_row type=&#8221;container&#8221; padding_top=&#8221;&#8221; padding_bottom=&#8221;&#8221;][vc_column][vc_column_text]<\/p>\n<h2>Nossa Vis\u00e3o<\/h2>\n<p>AbR Media \u00e9 um corpo de trabalhadores da m\u00eddia crist\u00e3 unidos por uma estrat\u00e9gia acordada, apoiando o plano de Deus para a \u00c1frica.<\/p>\n<p>Estamos empenhados em fazer com que cada homem, mulher e crian\u00e7a na \u00c1frica tenha a oportunidade de ouvir o Evangelho de Jesus Cristo por um meio que eles possam acessar, em uma linguagem que possam entender, para que possam se tornar disc\u00edpulos de Jesus.[\/vc_column_text][\/vc_column][\/vc_row][vc_row type=&#8221;container&#8221; padding_top=&#8221;&#8221; padding_bottom=&#8221;&#8221; css=&#8221;.vc_custom_1449063285344{margin-bottom: 50px !important;}&#8221;][vc_column][vc_tta_tabs style=&#8221;flat&#8221; active_section=&#8221;1&#8243;][vc_tta_section title=&#8221;Declara\u00e7\u00e3o de Miss\u00e3o&#8221; tab_id=&#8221;1444300654474-2bfb86dc-fd3a&#8221;][vc_column_text]<\/p>\n<ul>\n<li>Apoiar um quadro estrat\u00e9gico para os radiodifusores crist\u00e3os africanos com vista a evitar a duplica\u00e7\u00e3o de esfor\u00e7os, encorajando a coopera\u00e7\u00e3o na proclama\u00e7\u00e3o do Evangelho de Jesus Cristo aos africanos subsarianos.<\/li>\n<li>Promover a coordena\u00e7\u00e3o em mat\u00e9ria de radiodifus\u00e3o de natureza estrat\u00e9gica.<\/li>\n<li>Promover oportunidades de rede continental, regional e local para emissoras crist\u00e3s.<\/li>\n<li>Estimular e apoiar pesquisas estrat\u00e9gicas que ir\u00e3o apoiar a vis\u00e3o AbR Media.<\/li>\n<li>Para manter um extenso banco de dados para capacitar minist\u00e9rios de m\u00eddia novos e existentes.<\/li>\n<li>Promover e unificar esfor\u00e7os para proclamar o Evangelho de Jesus Cristo atrav\u00e9s da m\u00eddia na \u00c1frica Subsaariana.<\/li>\n<li>Estimular o desenvolvimento de m\u00eddias direcionadas a grupos espec\u00edficos de ouvintes de car\u00e1ter estrat\u00e9gico.<\/li>\n<li>Promover a forma\u00e7\u00e3o e o desenvolvimento de radiodifusores crist\u00e3os, reconhecendo o papel da rede Africa Media Trainers.<\/li>\n<\/ul>\n<p>[\/vc_column_text][\/vc_tta_section][vc_tta_section title=&#8221;Declara\u00e7\u00e3o de F\u00e9&#8221; tab_id=&#8221;1444300654691-e081e086-5ad3&#8243;][vc_column_text]N\u00f3s acreditamos:<\/p>\n<ul>\n<li>Que a B\u00edblia, dada por Deus, \u00e9 divinamente inspirada, infal\u00edvel e a autoridade suprema em todos os assuntos de f\u00e9 e pr\u00e1tica.<\/li>\n<li>Em um Deus, eternamente existente em tr\u00eas pessoas, Pai, Filho e Esp\u00edrito Santo.<\/li>\n<li>Em nosso Senhor Jesus Cristo, Deus se manifestou na carne, Seu nascimento virginal, Sua vida sem pecado, Seus milagres e Sua morte expiat\u00f3ria.<\/li>\n<li>Na ressurrei\u00e7\u00e3o corporal de Jesus Cristo dentre os mortos e Seu retorno pessoal.<\/li>\n<li>Que todos pecaram e est\u00e3o com justi\u00e7a sujeitos ao julgamento de Deus.<\/li>\n<li>Essa reden\u00e7\u00e3o do pecado s\u00f3 \u00e9 poss\u00edvel por meio da morte, derramamento de sangue e ressurrei\u00e7\u00e3o de Jesus Cristo.<\/li>\n<li>Na necessidade da obra do Esp\u00edrito Santo para tornar a morte de Cristo efetiva para o pecador individual, concedendo arrependimento para com Deus e f\u00e9 em nosso Senhor Jesus Cristo, capacitando o crente a viver uma vida santa e a testemunhar e trabalhar para Ele.<\/li>\n<li>Na ressurrei\u00e7\u00e3o do corpo, a recompensa eterna dos justos e a penalidade eterna dos injustos.<\/li>\n<li>\uf0a7\tQue todo crente seja batizado no corpo de Cristo pelo Esp\u00edrito Santo. Os crentes s\u00e3o, portanto, membros uns dos outros, respons\u00e1veis por manter a unidade do Esp\u00edrito e o v\u00ednculo da paz, amando uns aos outros com fervor e pureza de cora\u00e7\u00e3o.<\/li>\n<\/ul>\n<p>[\/vc_column_text][\/vc_tta_section][vc_tta_section title=&#8221;Assuntos Estrat\u00e9gicos&#8221; tab_id=&#8221;1444412836340-fe4dda89-2f8e&#8221;][vc_column_text]A\u00e7\u00f5es em quest\u00f5es estrat\u00e9gicas:<\/p>\n<ul>\n<li>C\u00f3digo de Pr\u00e1tica profissional\n<ul>\n<li>(Objetivo) Promover um alto n\u00edvel de profissionalismo midi\u00e1tico e conduta \u00e9tica entre os associados da AbRMedia, incentivando a ado\u00e7\u00e3o e implementa\u00e7\u00e3o do C\u00f3digo de Conduta Profissional.\n<ul>\n<li>(A\u00e7\u00e3o) O C\u00f3digo de Pr\u00e1tica Profissional deve ser inclu\u00eddo como anexo com a primeira introdu\u00e7\u00e3o do AbR Media.<\/li>\n<li>(A\u00e7\u00e3o) Fa\u00e7a do C\u00f3digo de Pr\u00e1tica Profissional uma considera\u00e7\u00e3o de treinamento quando planejamos eventos de treinamento.<\/li>\n<\/ul>\n<\/li>\n<\/ul>\n<\/li>\n<li>Localiza\u00e7\u00e3o de locais chave\n<ul>\n<li>(Objetivo) Identificar os principais locais na \u00c1frica e manter um banco de dados de onde existem minist\u00e9rios de m\u00eddia crist\u00e3 e onde eles precisam ser fortalecidos ou iniciados.\n<ul>\n<li>(A\u00e7\u00e3o) Os membros do Comit\u00ea Diretivo devem revisar a lista AbR Media de esta\u00e7\u00f5es existentes em uma base regular e fornecer atualiza\u00e7\u00f5es ao secretariado para manter a precis\u00e3o do banco de dados.<\/li>\n<li>(A\u00e7\u00e3o) O assunto ser\u00e1 um item da agenda em cada reuni\u00e3o do Comit\u00ea Gestor da AbR Media.<\/li>\n<\/ul>\n<\/li>\n<li>(Objetivo) Facilitar o compartilhamento de programas, id\u00e9ias e estrat\u00e9gias de programa\u00e7\u00e3o, bem como conceitos adequados aos moradores da cidade.\n<ul>\n<li>(A\u00e7\u00e3o) Os membros do Comit\u00ea Diretivo devem compartilhar novas informa\u00e7\u00f5es quando estiverem dispon\u00edveis na rede AbR Media.<\/li>\n<li>(A\u00e7\u00e3o) Realizar pesquisas de longo prazo para identificar quest\u00f5es exclusivas de \u00e1reas urbanas para equipar os associados para abord\u00e1-las em seu contexto, por exemplo, quest\u00f5es ambientais das cidades s\u00e3o diferentes das quest\u00f5es rurais.<\/li>\n<\/ul>\n<\/li>\n<li>(Objetivo) Identificar oportunidades para estabelecer esta\u00e7\u00f5es de r\u00e1dio em cidades-chave.\n<ul>\n<li>(A\u00e7\u00e3o) AbR Media atuar\u00e1 como um catalisador para capacitar e equipar a Igreja local e outros parceiros para cumprir sua vis\u00e3o.<\/li>\n<\/ul>\n<\/li>\n<\/ul>\n<\/li>\n<li>\u201cOs Gigantes\u201d da \u00c1frica: A Pobreza \/O desemprego, HIV \/ AIDS,O sexismo,O tribalismo, A viol\u00eancia,A fam\u00edlia em crise,O crime e A corrup\u00e7\u00e3o,A gan\u00e2ncia e O meio ambiente.\n<ul>\n<li>(Objetivo) Incentivar os associados da AbR Media a abordar essas quest\u00f5es sociais, desenvolvendo uma programa\u00e7\u00e3o relevante e compartilhando estrat\u00e9gias eficazes.\n<ul>\n<li>(A\u00e7\u00e3o) Incentivar todas as esta\u00e7\u00f5es e casas de produ\u00e7\u00e3o a produzir programas mais relevantes e compartilhar suas experi\u00eancias e estrat\u00e9gias ao abordar esses gigantes, incluindo programas que lidam de forma relevante com quest\u00f5es sociais.<\/li>\n<\/ul>\n<\/li>\n<\/ul>\n<\/li>\n<li>A Rede de Ora\u00e7\u00e3o\n<ul>\n<li>(Objetivo) Estimular o compartilhamento das necessidades de ora\u00e7\u00e3o dentro da rede AbR Media.\n<ul>\n<li>(A\u00e7\u00e3o)Os Membros do Comit\u00ea Diretivo e associados da AbR Media enviaram pontos de ora\u00e7\u00e3o ao secretariado. Um boletim de ora\u00e7\u00e3o ser\u00e1 distribu\u00eddo trimestralmente a todos os membros do Comit\u00ea Diretivo e aos endere\u00e7os dos associados dispon\u00edveis.<\/li>\n<\/ul>\n<\/li>\n<\/ul>\n<\/li>\n<li>Treinamento\n<ul>\n<li>(Objetivo) Promover e facilitar a capacita\u00e7\u00e3o e o desenvolvimento que levam a um novo patamar de excel\u00eancia na radiodifus\u00e3o. Reconhecemos a Africa Media Trainers (AMT) como um dos principais facilitadores.\n<ul>\n<li>(A\u00e7\u00e3o) Promover a necessidade de capacita\u00e7\u00e3o com um objetivo para \u00e0 excel\u00eancia em radiodifus\u00e3o. (Todos os membros do Comit\u00ea Diretivo)<\/li>\n<li>(A\u00e7\u00e3o) Envolver diretamente provedores de treinamento confi\u00e1veis (por exemplo, Africa Media Trainers em \u00e1reas reconhecidas de necessidades de treinamento).<\/li>\n<\/ul>\n<\/li>\n<\/ul>\n<\/li>\n<li>Planejamento conjunto\n<ul>\n<li>(Objetivo) Discutir quest\u00f5es estrat\u00e9gicas e formular um quadro estrat\u00e9gico para a \u00c1frica e atualiz\u00e1-lo anualmente.\n<ul>\n<li>(A\u00e7\u00e3o) Implementar o que fizemos at\u00e9 agora. (Todos os membros do Comit\u00ea Diretivo)<\/li>\n<\/ul>\n<\/li>\n<li>(Objetivo) Facilitar o compartilhamento de informa\u00e7\u00f5es operacionais relevantes, a fim de evitar a duplica\u00e7\u00e3o de trabalhos e promover a coopera\u00e7\u00e3o e a coordena\u00e7\u00e3o.\n<ul>\n<li>(A\u00e7\u00e3o) Preparar para compartilhar informa\u00e7\u00f5es nas reuni\u00f5es anuais do Comit\u00ea Gestor da AbR Media. (Todos os membros do Comit\u00ea Diretivo).<\/li>\n<\/ul>\n<\/li>\n<li>(Objetivo) Incentivar a coopera\u00e7\u00e3o e a coordena\u00e7\u00e3o nos n\u00edveis regionais e locais.\n<ul>\n<li>(A\u00e7\u00e3o) Ter reuni\u00f5es onde e quando apropriado. Mantener uma comunica\u00e7\u00e3o cont\u00ednua por e-mail. (Todos os membros do Comit\u00ea Diretivo).<\/li>\n<\/ul>\n<\/li>\n<li>(Objetivo) Ajudar os associados a identificar os elementos-chave de um plano de projeto eficaz.\n<ul>\n<li>(A\u00e7\u00e3o) Definir as caracter\u00edsticas dos resultados, os produtos e o que e preciso para avaliar projetos eficazes.<\/li>\n<li>(A\u00e7\u00e3o) Compartilhar experi\u00eancias com os associados e equip\u00e1-los com ferramentas de planejamento para maximizar a conclus\u00e3o eficiente de seus projetos.<\/li>\n<\/ul>\n<\/li>\n<\/ul>\n<\/li>\n<li>Grupos de pessoas n\u00e3o alcan\u00e7adas\n<ul>\n<li>\u00a0(Objetivo) Pesquisar e verificar informa\u00e7\u00f5es sobre os grupos de pessoas n\u00e3o alcan\u00e7ados pela m\u00eddia crist\u00e3.\n<ul>\n<li>(A\u00e7\u00e3o) Os membros do Comit\u00ea Diretivo devem revisar a lista de AbR Media de esta\u00e7\u00f5es existentes em uma base regular e fornecer atualiza\u00e7\u00f5es ao secretariado para manter a precis\u00e3o do banco de dados.<\/li>\n<li>(A\u00e7\u00e3o) O assunto ser\u00e1 um item da pauta em cada reuni\u00e3o do Comit\u00ea Gestor da AbR Media.<\/li>\n<\/ul>\n<\/li>\n<li>(Objetivo) Encorajar os principais parceiros internacionais a se concentrarem nas l\u00ednguas n\u00e3o alcan\u00e7adas restantes na \u00c1frica e desenvolver uma estrat\u00e9gia cooperativa para concluir a tarefa.\n<ul>\n<li>(A\u00e7\u00e3o) Priorizar de acordo com as informa\u00e7\u00f5es dispon\u00edveis.<\/li>\n<\/ul>\n<\/li>\n<\/ul>\n<\/li>\n<li>Acompanhamento estrat\u00e9gico e a\u00e7\u00e3o\n<ul>\n<li>(Objetivo) Monitorar e estar alerta ao contexto em constante mudan\u00e7a do minist\u00e9rio na \u00c1frica para desenvolver estrat\u00e9gias relevantes.\n<ul>\n<li>(A\u00e7\u00e3o) Os membros do Comit\u00ea Diretor manter\u00e3o contato e se informar\u00e3o uns aos outros \u00e3o tomarem conhecimento de qualquer mudan\u00e7a cr\u00edtica no continente.<\/li>\n<li>(A\u00e7\u00e3o) Discutir poss\u00edveis parcerias conjuntas para implementar estrat\u00e9gias revisadas.<\/li>\n<\/ul>\n<\/li>\n<\/ul>\n<\/li>\n<li>Comunica\u00e7\u00e3o ABR\n<ul>\n<li>(Objetivo) Padronizar a documenta\u00e7\u00e3o sobre AbR Media e divulg\u00e1-la a todos os nossos contatos existentes.\n<ul>\n<li>(A\u00e7\u00e3o) Desenvolver e implementar formata\u00e7\u00e3o consistente de documentos que os identifique como comunica\u00e7\u00e3o oficial da AbR Media.<\/li>\n<\/ul>\n<\/li>\n<li>(Objetivo) Utilizar os f\u00f3runs regionais e locais existentes para promover a participa\u00e7\u00e3o na AbR Media.\n<ul>\n<li>(A\u00e7\u00e3o) Os membros do Comit\u00ea Diretivo assumem a responsabilidade de promover a AbR Media em quaisquer f\u00f3runs regionais ou locais relevantes que participem ou dos quais tenham conhecimento.<\/li>\n<\/ul>\n<\/li>\n<\/ul>\n<\/li>\n<li>M\u00eddia e Igreja \/ Miss\u00e3o\n<ul>\n<li>(Objetivo) Atuar como um catalisador para que a Igreja se engaje e se integre \u00e0s comunidades ao seu redor, usando a m\u00eddia para cumprir seu mandato de fazer disc\u00edpulos.\n<ul>\n<li>(A\u00e7\u00e3o) Treinar l\u00edderes de igreja e mission\u00e1rios (associados) sobre como usar a m\u00eddia para ajud\u00e1-los a alcan\u00e7ar aqueles que n\u00e3o conhecem Jesus.<\/li>\n<li>(A\u00e7\u00e3o) Fornecer uma c\u00e2mara de compensa\u00e7\u00e3o de oportunidades de treinamento para os minist\u00e9rios interessados em usar a m\u00eddia como parte de sua estrat\u00e9gia de divulga\u00e7\u00e3o.<\/li>\n<li>(A\u00e7\u00e3o) Vamos conectar nossos associados aos membros da AbR Media com experi\u00eancia em minist\u00e9rio de m\u00eddia para que os associados sejam capazes de entregar resultados de seus projetos de m\u00eddia.<\/li>\n<\/ul>\n<\/li>\n<\/ul>\n<\/li>\n<\/ul>\n<p>[\/vc_column_text][\/vc_tta_section][\/vc_tta_tabs][\/vc_column][\/vc_row]<\/p>\n","protected":false},"excerpt":{"rendered":"<p>[vc_row type=&#8221;container&#8221; padding_top=&#8221;&#8221; padding_bottom=&#8221;&#8221;][vc_column][vc_column_text] Nossa Vis\u00e3o AbR Media \u00e9 um corpo de trabalhadores da m\u00eddia crist\u00e3 unidos por uma estrat\u00e9gia acordada, apoiando o plano de Deus para a \u00c1frica. Estamos empenhados em fazer com que cada homem, mulher e crian\u00e7a na \u00c1frica tenha a oportunidade de ouvir o Evangelho de Jesus Cristo por um meio [&hellip;]<\/p>\n","protected":false},"author":1,"featured_media":0,"parent":0,"menu_order":1,"comment_status":"closed","ping_status":"closed","template":"page-full-width.php","meta":{"footnotes":""},"class_list":["post-71451","page","type-page","status-publish","hentry"],"acf":[],"yoast_head":"<!-- This site is optimized with the Yoast SEO plugin v19.11 - https:\/\/yoast.com\/wordpress\/plugins\/seo\/ -->\n<title>Nossa Vis\u00e3o - AbR Media<\/title>\n<meta name=\"description\" content=\"Agricultural science is a broad multidisciplinary field of biology that encompasses the parts of exact, natural, economic and social sciences that are used in the practice and understanding of agriculture.\" \/>\n<meta name=\"robots\" content=\"index, follow, max-snippet:-1, max-image-preview:large, max-video-preview:-1\" \/>\n<link rel=\"canonical\" href=\"https:\/\/abrmedia.org\/pt-pt\/nossa-visao\/\" \/>\n<meta property=\"og:locale\" content=\"pt_PT\" \/>\n<meta property=\"og:type\" content=\"article\" \/>\n<meta property=\"og:title\" content=\"Nossa Vis\u00e3o - AbR Media\" \/>\n<meta property=\"og:description\" content=\"Agricultural science is a broad multidisciplinary field of biology that encompasses the parts of exact, natural, economic and social sciences that are used in the practice and understanding of agriculture.\" \/>\n<meta property=\"og:url\" content=\"https:\/\/abrmedia.org\/pt-pt\/nossa-visao\/\" \/>\n<meta property=\"og:site_name\" content=\"AbR Media\" \/>\n<meta name=\"twitter:card\" content=\"summary_large_image\" \/>\n<meta name=\"twitter:label1\" content=\"Tempo estimado de leitura\" \/>\n\t<meta name=\"twitter:data1\" content=\"8 minutos\" \/>\n<script type=\"application\/ld+json\" class=\"yoast-schema-graph\">{\"@context\":\"https:\/\/schema.org\",\"@graph\":[{\"@type\":\"WebPage\",\"@id\":\"https:\/\/abrmedia.org\/pt-pt\/nossa-visao\/\",\"url\":\"https:\/\/abrmedia.org\/pt-pt\/nossa-visao\/\",\"name\":\"Nossa Vis\u00e3o - AbR Media\",\"isPartOf\":{\"@id\":\"https:\/\/abrmedia.org\/#website\"},\"datePublished\":\"2021-07-05T14:54:25+00:00\",\"dateModified\":\"2021-07-05T14:54:25+00:00\",\"description\":\"Agricultural science is a broad multidisciplinary field of biology that encompasses the parts of exact, natural, economic and social sciences that are used in the practice and understanding of agriculture.\",\"breadcrumb\":{\"@id\":\"https:\/\/abrmedia.org\/pt-pt\/nossa-visao\/#breadcrumb\"},\"inLanguage\":\"pt-PT\",\"potentialAction\":[{\"@type\":\"ReadAction\",\"target\":[\"https:\/\/abrmedia.org\/pt-pt\/nossa-visao\/\"]}]},{\"@type\":\"BreadcrumbList\",\"@id\":\"https:\/\/abrmedia.org\/pt-pt\/nossa-visao\/#breadcrumb\",\"itemListElement\":[{\"@type\":\"ListItem\",\"position\":1,\"name\":\"Home\",\"item\":\"https:\/\/abrmedia.org\/pt-pt\/\"},{\"@type\":\"ListItem\",\"position\":2,\"name\":\"Nossa Vis\u00e3o\"}]},{\"@type\":\"WebSite\",\"@id\":\"https:\/\/abrmedia.org\/#website\",\"url\":\"https:\/\/abrmedia.org\/\",\"name\":\"AbR Media\",\"description\":\"This is a tagline\",\"potentialAction\":[{\"@type\":\"SearchAction\",\"target\":{\"@type\":\"EntryPoint\",\"urlTemplate\":\"https:\/\/abrmedia.org\/?s={search_term_string}\"},\"query-input\":\"required name=search_term_string\"}],\"inLanguage\":\"pt-PT\"}]}<\/script>\n<!-- \/ Yoast SEO plugin. -->","yoast_head_json":{"title":"Nossa Vis\u00e3o - AbR Media","description":"Agricultural science is a broad multidisciplinary field of biology that encompasses the parts of exact, natural, economic and social sciences that are used in the practice and understanding of agriculture.","robots":{"index":"index","follow":"follow","max-snippet":"max-snippet:-1","max-image-preview":"max-image-preview:large","max-video-preview":"max-video-preview:-1"},"canonical":"https:\/\/abrmedia.org\/pt-pt\/nossa-visao\/","og_locale":"pt_PT","og_type":"article","og_title":"Nossa Vis\u00e3o - AbR Media","og_description":"Agricultural science is a broad multidisciplinary field of biology that encompasses the parts of exact, natural, economic and social sciences that are used in the practice and understanding of agriculture.","og_url":"https:\/\/abrmedia.org\/pt-pt\/nossa-visao\/","og_site_name":"AbR Media","twitter_card":"summary_large_image","twitter_misc":{"Tempo estimado de leitura":"8 minutos"},"schema":{"@context":"https:\/\/schema.org","@graph":[{"@type":"WebPage","@id":"https:\/\/abrmedia.org\/pt-pt\/nossa-visao\/","url":"https:\/\/abrmedia.org\/pt-pt\/nossa-visao\/","name":"Nossa Vis\u00e3o - AbR Media","isPartOf":{"@id":"https:\/\/abrmedia.org\/#website"},"datePublished":"2021-07-05T14:54:25+00:00","dateModified":"2021-07-05T14:54:25+00:00","description":"Agricultural science is a broad multidisciplinary field of biology that encompasses the parts of exact, natural, economic and social sciences that are used in the practice and understanding of agriculture.","breadcrumb":{"@id":"https:\/\/abrmedia.org\/pt-pt\/nossa-visao\/#breadcrumb"},"inLanguage":"pt-PT","potentialAction":[{"@type":"ReadAction","target":["https:\/\/abrmedia.org\/pt-pt\/nossa-visao\/"]}]},{"@type":"BreadcrumbList","@id":"https:\/\/abrmedia.org\/pt-pt\/nossa-visao\/#breadcrumb","itemListElement":[{"@type":"ListItem","position":1,"name":"Home","item":"https:\/\/abrmedia.org\/pt-pt\/"},{"@type":"ListItem","position":2,"name":"Nossa Vis\u00e3o"}]},{"@type":"WebSite","@id":"https:\/\/abrmedia.org\/#website","url":"https:\/\/abrmedia.org\/","name":"AbR Media","description":"This is a tagline","potentialAction":[{"@type":"SearchAction","target":{"@type":"EntryPoint","urlTemplate":"https:\/\/abrmedia.org\/?s={search_term_string}"},"query-input":"required name=search_term_string"}],"inLanguage":"pt-PT"}]}},"_links":{"self":[{"href":"https:\/\/abrmedia.org\/pt-pt\/wp-json\/wp\/v2\/pages\/71451","targetHints":{"allow":["GET"]}}],"collection":[{"href":"https:\/\/abrmedia.org\/pt-pt\/wp-json\/wp\/v2\/pages"}],"about":[{"href":"https:\/\/abrmedia.org\/pt-pt\/wp-json\/wp\/v2\/types\/page"}],"author":[{"embeddable":true,"href":"https:\/\/abrmedia.org\/pt-pt\/wp-json\/wp\/v2\/users\/1"}],"replies":[{"embeddable":true,"href":"https:\/\/abrmedia.org\/pt-pt\/wp-json\/wp\/v2\/comments?post=71451"}],"version-history":[{"count":2,"href":"https:\/\/abrmedia.org\/pt-pt\/wp-json\/wp\/v2\/pages\/71451\/revisions"}],"predecessor-version":[{"id":71453,"href":"https:\/\/abrmedia.org\/pt-pt\/wp-json\/wp\/v2\/pages\/71451\/revisions\/71453"}],"wp:attachment":[{"href":"https:\/\/abrmedia.org\/pt-pt\/wp-json\/wp\/v2\/media?parent=71451"}],"curies":[{"name":"wp","href":"https:\/\/api.w.org\/{rel}","templated":true}]}}