{"id":71454,"date":"2021-07-05T14:56:21","date_gmt":"2021-07-05T14:56:21","guid":{"rendered":"https:\/\/abrmedia.org\/media-trainers\/"},"modified":"2021-07-05T15:18:10","modified_gmt":"2021-07-05T15:18:10","slug":"treinadores-de-midia","status":"publish","type":"page","link":"https:\/\/abrmedia.org\/pt-pt\/treinamento\/treinadores-de-midia\/","title":{"rendered":"Treinadores de M\u00eddia"},"content":{"rendered":"<p>[vc_row type=&#8221;container&#8221; padding_top=&#8221;&#8221; padding_bottom=&#8221;&#8221; css=&#8221;.vc_custom_1449063077218{margin-bottom: 20px !important;}&#8221;][vc_column width=&#8221;1\/2&#8243;][vc_column_text]\u201cAfrica Media Trainers\u201d O f\u00f3rum e instrutores de m\u00eddia da \u00c1frica \u00e9 o bra\u00e7o de treinamento reconhecido da AbR Media. AMT \u00e9 uma rede de treinadores de m\u00eddia crist\u00e3 ativa na \u00c1frica, composta por v\u00e1rios \u00f3rg\u00e3os de treinamento e treinadores individuais. AMT promove e coordena um treinamento de qualidade com base no ethos crist\u00e3o. A AMT ap\u00f3ia o desenvolvimento de instrutores locais e participantes do curso, seguindo curr\u00edculos acordados.[\/vc_column_text][\/vc_column][vc_column width=&#8221;1\/2&#8243;][vc_single_image image=&#8221;71296&#8243; img_size=&#8221;full&#8221; add_caption=&#8221;yes&#8221; onclick=&#8221;link_image&#8221;][\/vc_column][\/vc_row][vc_row type=&#8221;container&#8221; padding_top=&#8221;&#8221; padding_bottom=&#8221;&#8221; css=&#8221;.vc_custom_1444504420319{margin-bottom: 0px !important;}&#8221;][vc_column][vc_separator color=&#8221;#e2e2e2&#8243; type=&#8221;normal&#8221; thickness=&#8221;1&#8243; up=&#8221;&#8221; down=&#8221;&#8221; el_class=&#8221;dotted&#8221;][\/vc_column][\/vc_row]<\/p>\n","protected":false},"excerpt":{"rendered":"<p>[vc_row type=&#8221;container&#8221; padding_top=&#8221;&#8221; padding_bottom=&#8221;&#8221; css=&#8221;.vc_custom_1449063077218{margin-bottom: 20px !important;}&#8221;][vc_column width=&#8221;1\/2&#8243;][vc_column_text]\u201cAfrica Media Trainers\u201d O f\u00f3rum e instrutores de m\u00eddia da \u00c1frica \u00e9 o bra\u00e7o de treinamento reconhecido da AbR Media. AMT \u00e9 uma rede de treinadores de m\u00eddia crist\u00e3 ativa na \u00c1frica, composta por v\u00e1rios \u00f3rg\u00e3os de treinamento e treinadores individuais. AMT promove e coordena um treinamento de [&hellip;]<\/p>\n","protected":false},"author":1,"featured_media":0,"parent":71485,"menu_order":2,"comment_status":"closed","ping_status":"closed","template":"","meta":{"footnotes":""},"class_list":["post-71454","page","type-page","status-publish","hentry"],"acf":[],"yoast_head":"<!-- This site is optimized with the Yoast SEO plugin v19.11 - https:\/\/yoast.com\/wordpress\/plugins\/seo\/ -->\n<title>Treinadores de M\u00eddia - AbR Media<\/title>\n<meta name=\"description\" content=\"Chemical engineers design large-scale processes that convert chemicals, raw materials, living cells, microorganisms and energy into useful forms.\" \/>\n<meta name=\"robots\" content=\"index, follow, max-snippet:-1, max-image-preview:large, max-video-preview:-1\" \/>\n<link rel=\"canonical\" href=\"https:\/\/abrmedia.org\/pt-pt\/treinamento\/treinadores-de-midia\/\" \/>\n<meta property=\"og:locale\" content=\"pt_PT\" \/>\n<meta property=\"og:type\" content=\"article\" \/>\n<meta property=\"og:title\" content=\"Treinadores de M\u00eddia - AbR Media\" \/>\n<meta property=\"og:description\" content=\"Chemical engineers design large-scale processes that convert chemicals, raw materials, living cells, microorganisms and energy into useful forms.\" \/>\n<meta property=\"og:url\" content=\"https:\/\/abrmedia.org\/pt-pt\/treinamento\/treinadores-de-midia\/\" \/>\n<meta property=\"og:site_name\" content=\"AbR Media\" \/>\n<meta property=\"article:modified_time\" content=\"2021-07-05T15:18:10+00:00\" \/>\n<meta name=\"twitter:card\" content=\"summary_large_image\" \/>\n<meta name=\"twitter:label1\" content=\"Tempo estimado de leitura\" \/>\n\t<meta name=\"twitter:data1\" content=\"1 minuto\" \/>\n<script type=\"application\/ld+json\" class=\"yoast-schema-graph\">{\"@context\":\"https:\/\/schema.org\",\"@graph\":[{\"@type\":\"WebPage\",\"@id\":\"https:\/\/abrmedia.org\/pt-pt\/treinamento\/treinadores-de-midia\/\",\"url\":\"https:\/\/abrmedia.org\/pt-pt\/treinamento\/treinadores-de-midia\/\",\"name\":\"Treinadores de M\u00eddia - AbR Media\",\"isPartOf\":{\"@id\":\"https:\/\/abrmedia.org\/#website\"},\"datePublished\":\"2021-07-05T14:56:21+00:00\",\"dateModified\":\"2021-07-05T15:18:10+00:00\",\"description\":\"Chemical engineers design large-scale processes that convert chemicals, raw materials, living cells, microorganisms and energy into useful forms.\",\"breadcrumb\":{\"@id\":\"https:\/\/abrmedia.org\/pt-pt\/treinamento\/treinadores-de-midia\/#breadcrumb\"},\"inLanguage\":\"pt-PT\",\"potentialAction\":[{\"@type\":\"ReadAction\",\"target\":[\"https:\/\/abrmedia.org\/pt-pt\/treinamento\/treinadores-de-midia\/\"]}]},{\"@type\":\"BreadcrumbList\",\"@id\":\"https:\/\/abrmedia.org\/pt-pt\/treinamento\/treinadores-de-midia\/#breadcrumb\",\"itemListElement\":[{\"@type\":\"ListItem\",\"position\":1,\"name\":\"Home\",\"item\":\"https:\/\/abrmedia.org\/pt-pt\/\"},{\"@type\":\"ListItem\",\"position\":2,\"name\":\"Treinamento\",\"item\":\"https:\/\/abrmedia.org\/pt-pt\/treinamento\/\"},{\"@type\":\"ListItem\",\"position\":3,\"name\":\"Treinadores de M\u00eddia\"}]},{\"@type\":\"WebSite\",\"@id\":\"https:\/\/abrmedia.org\/#website\",\"url\":\"https:\/\/abrmedia.org\/\",\"name\":\"AbR Media\",\"description\":\"This is a tagline\",\"potentialAction\":[{\"@type\":\"SearchAction\",\"target\":{\"@type\":\"EntryPoint\",\"urlTemplate\":\"https:\/\/abrmedia.org\/?s={search_term_string}\"},\"query-input\":\"required name=search_term_string\"}],\"inLanguage\":\"pt-PT\"}]}<\/script>\n<!-- \/ Yoast SEO plugin. -->","yoast_head_json":{"title":"Treinadores de M\u00eddia - AbR Media","description":"Chemical engineers design large-scale processes that convert chemicals, raw materials, living cells, microorganisms and energy into useful forms.","robots":{"index":"index","follow":"follow","max-snippet":"max-snippet:-1","max-image-preview":"max-image-preview:large","max-video-preview":"max-video-preview:-1"},"canonical":"https:\/\/abrmedia.org\/pt-pt\/treinamento\/treinadores-de-midia\/","og_locale":"pt_PT","og_type":"article","og_title":"Treinadores de M\u00eddia - AbR Media","og_description":"Chemical engineers design large-scale processes that convert chemicals, raw materials, living cells, microorganisms and energy into useful forms.","og_url":"https:\/\/abrmedia.org\/pt-pt\/treinamento\/treinadores-de-midia\/","og_site_name":"AbR Media","article_modified_time":"2021-07-05T15:18:10+00:00","twitter_card":"summary_large_image","twitter_misc":{"Tempo estimado de leitura":"1 minuto"},"schema":{"@context":"https:\/\/schema.org","@graph":[{"@type":"WebPage","@id":"https:\/\/abrmedia.org\/pt-pt\/treinamento\/treinadores-de-midia\/","url":"https:\/\/abrmedia.org\/pt-pt\/treinamento\/treinadores-de-midia\/","name":"Treinadores de M\u00eddia - AbR Media","isPartOf":{"@id":"https:\/\/abrmedia.org\/#website"},"datePublished":"2021-07-05T14:56:21+00:00","dateModified":"2021-07-05T15:18:10+00:00","description":"Chemical engineers design large-scale processes that convert chemicals, raw materials, living cells, microorganisms and energy into useful forms.","breadcrumb":{"@id":"https:\/\/abrmedia.org\/pt-pt\/treinamento\/treinadores-de-midia\/#breadcrumb"},"inLanguage":"pt-PT","potentialAction":[{"@type":"ReadAction","target":["https:\/\/abrmedia.org\/pt-pt\/treinamento\/treinadores-de-midia\/"]}]},{"@type":"BreadcrumbList","@id":"https:\/\/abrmedia.org\/pt-pt\/treinamento\/treinadores-de-midia\/#breadcrumb","itemListElement":[{"@type":"ListItem","position":1,"name":"Home","item":"https:\/\/abrmedia.org\/pt-pt\/"},{"@type":"ListItem","position":2,"name":"Treinamento","item":"https:\/\/abrmedia.org\/pt-pt\/treinamento\/"},{"@type":"ListItem","position":3,"name":"Treinadores de M\u00eddia"}]},{"@type":"WebSite","@id":"https:\/\/abrmedia.org\/#website","url":"https:\/\/abrmedia.org\/","name":"AbR Media","description":"This is a tagline","potentialAction":[{"@type":"SearchAction","target":{"@type":"EntryPoint","urlTemplate":"https:\/\/abrmedia.org\/?s={search_term_string}"},"query-input":"required name=search_term_string"}],"inLanguage":"pt-PT"}]}},"_links":{"self":[{"href":"https:\/\/abrmedia.org\/pt-pt\/wp-json\/wp\/v2\/pages\/71454","targetHints":{"allow":["GET"]}}],"collection":[{"href":"https:\/\/abrmedia.org\/pt-pt\/wp-json\/wp\/v2\/pages"}],"about":[{"href":"https:\/\/abrmedia.org\/pt-pt\/wp-json\/wp\/v2\/types\/page"}],"author":[{"embeddable":true,"href":"https:\/\/abrmedia.org\/pt-pt\/wp-json\/wp\/v2\/users\/1"}],"replies":[{"embeddable":true,"href":"https:\/\/abrmedia.org\/pt-pt\/wp-json\/wp\/v2\/comments?post=71454"}],"version-history":[{"count":3,"href":"https:\/\/abrmedia.org\/pt-pt\/wp-json\/wp\/v2\/pages\/71454\/revisions"}],"predecessor-version":[{"id":71490,"href":"https:\/\/abrmedia.org\/pt-pt\/wp-json\/wp\/v2\/pages\/71454\/revisions\/71490"}],"up":[{"embeddable":true,"href":"https:\/\/abrmedia.org\/pt-pt\/wp-json\/wp\/v2\/pages\/71485"}],"wp:attachment":[{"href":"https:\/\/abrmedia.org\/pt-pt\/wp-json\/wp\/v2\/media?parent=71454"}],"curies":[{"name":"wp","href":"https:\/\/api.w.org\/{rel}","templated":true}]}}