{"id":71463,"date":"2021-07-05T15:02:35","date_gmt":"2021-07-05T15:02:35","guid":{"rendered":"https:\/\/abrmedia.org\/os-parceiros-de-treinamento\/"},"modified":"2021-07-05T15:02:36","modified_gmt":"2021-07-05T15:02:36","slug":"os-parceiros-de-treinamento","status":"publish","type":"page","link":"https:\/\/abrmedia.org\/pt-pt\/treinamento\/os-parceiros-de-treinamento\/","title":{"rendered":"Os Parceiros de Treinamento"},"content":{"rendered":"<p>[vc_row type=&#8221;container&#8221; padding_top=&#8221;&#8221; padding_bottom=&#8221;&#8221; css=&#8221;.vc_custom_1449062960012{margin-bottom: 20px !important;}&#8221;][vc_column width=&#8221;1\/2&#8243;][vc_column_text]AbR Media trabalha em rede com v\u00e1rios organismos de treinamento e indiv\u00edduos e busca continuamente identificar treinadores crist\u00e3os trabalhando em toda a \u00c1frica.<\/p>\n<p>Alguns parceiros existentes s\u00e3o:<\/p>\n<ul>\n<li>Instituto de Treinamento em Comunica\u00e7\u00f5es Internacionais (ICTI)<\/li>\n<li>M\u00eddia \u00e0 dist\u00e2ncia<\/li>\n<li>MediAfrique<\/li>\n<li>Habari Maalum College<\/li>\n<li>R\u00e1dio Mundial<\/li>\n<li>Treinamento de instrutores individuais em v\u00e1rias capacidades e idiomas<\/li>\n<\/ul>\n<p>Treinadores individuais treinando em v\u00e1rias capacidades e idiomas. Esses treinadores oferecem uma variedade de habilidades de treinamento e cursos em algumas das l\u00ednguas da \u00c1frica.[\/vc_column_text][\/vc_column][vc_column width=&#8221;1\/2&#8243;][vc_single_image image=&#8221;71295&#8243; img_size=&#8221;full&#8221; add_caption=&#8221;yes&#8221; onclick=&#8221;link_image&#8221;][\/vc_column][\/vc_row][vc_row type=&#8221;container&#8221; padding_top=&#8221;&#8221; padding_bottom=&#8221;&#8221; css=&#8221;.vc_custom_1449062969962{margin-bottom: 50px !important;}&#8221;][vc_column][vc_tta_tabs style=&#8221;flat&#8221; active_section=&#8221;1&#8243;][vc_tta_section title=&#8221;ICTI&#8221; tab_id=&#8221;1444300654474-2bfb86dc-fd3a&#8221;][vc_column_text]O Instituto Internacional de Treinamento em Comunica\u00e7\u00e3o (ICTI) \u00e9 a iniciativa de educa\u00e7\u00e3o e treinamento para a m\u00eddia do ICMC. O ICTI funciona como uma parceria autorreguladora de ag\u00eancias e indiv\u00edduos comprometidos com o aumento da qualidade da educa\u00e7\u00e3o e aprendizagem na m\u00eddia para os crist\u00e3os.[\/vc_column_text][\/vc_tta_section][vc_tta_section title=&#8221;Distancemedia&#8221; tab_id=&#8221;1444300654691-e081e086-5ad3&#8243;][vc_column_text]Distancemedia \u00e9 um instituto de treinamento de m\u00eddia online administrado pela IBRA media e Radio Worldwide. Oferece cursos online h\u00e1 mais de 10 anos, com alunos na maior parte do mundo. A partir de 2014, o programa de treinamento \u00e9 atualizado e ampliado amplamente, fazendo uso de novas oportunidades de m\u00eddia, da\u00ed o Distancemedia 2.0. Um novo conjunto de cursos \u00e9 oferecido na \u00e1rea de M\u00eddia Online, incluindo habilidades de Jornalismo para texto, imagens est\u00e1ticas, \u00e1udio, v\u00eddeo e fazer disc\u00edpulos. Outra parte, Professional Media, oferece um amplo conjunto de cursos para profissionais de m\u00eddia que compartilham as boas novas. Os estudos podem levar a um Diploma DM em Produ\u00e7\u00e3o de M\u00eddia. Para obter mais informa\u00e7\u00f5es, consulte <a href=\"http:\/\/www.distancemedia.net\/\">www.distancemedia.net<\/a> ou entre em contato com <a href=\"mailto:info@distancemedia.net\">info@distancemedia.net<\/a>[\/vc_column_text][\/vc_tta_section][vc_tta_section title=&#8221;MediAfrique&#8221; tab_id=&#8221;1447253859257-00754f03-0b93&#8243;][vc_column_text]MediAfrique \u00e9 um centro de treinamento de m\u00eddia estabelecido em conjunto pela Radio Worldwide e IBRA em Lom\u00e9, Togo. Seu curso de treinamento oferece aos crist\u00e3os de l\u00edngua francesa de toda a \u00c1frica a capacidade de desenvolver habilidades de produ\u00e7\u00e3o de r\u00e1dio e produzir programas de m\u00eddia, que apresentam uma mensagem clara, mas emocionante do evangelho para aqueles que o ouvem. Os cursos s\u00e3o elaborados para atender \u00e0s necessidades atuais de treinamento em m\u00eddia na \u00c1frica franc\u00f3fona. A MediAfrique oferece um curso de certifica\u00e7\u00e3o de oito meses. Para obter mais informa\u00e7\u00f5es, visite  <a href=\"http:\/\/www.mediafrique.org\/\">www.mediafrique.org<\/a> As informa\u00e7\u00f5es est\u00e3o dispon\u00edveis em franc\u00eas.[\/vc_column_text][\/vc_tta_section][vc_tta_section title=&#8221;Habari Maalum College&#8221; tab_id=&#8221;1619866629136-902841f7-aac7&#8243;][vc_column_text]O Habari Maalum College (HMC) est\u00e1 localizado em Arusha, na Tanz\u00e2nia, e \u00e9 credenciado pelo Conselho Nacional de Educa\u00e7\u00e3o T\u00e9cnica e pelo ICTI. A vis\u00e3o da faculdade \u00e9 fornecer educa\u00e7\u00e3o de alta qualidade, a fim de desenvolver indiv\u00edduos bem informados, qualificados e transformados, com a capacidade de demonstrar excel\u00eancia na profiss\u00e3o e na pr\u00e1tica. Suas faculdades oferecem Certificados e Diplomas em M\u00eddia e Comunica\u00e7\u00e3o, ou Lideran\u00e7a e Gest\u00e3o. Para mais informa\u00e7\u00f5es, visite <a href=\"http:\/\/www.hmcollege.org\/\">www.hmcollege.org<\/a>[\/vc_column_text][\/vc_tta_section][vc_tta_section title=&#8221;Radio Worldwide&#8221; tab_id=&#8221;1619866663594-eb878ebc-0616&#8243;][vc_column_text]Radio Worldwide (RWW) \u00e9 um minist\u00e9rio da WEC International, uma ag\u00eancia mission\u00e1ria crist\u00e3 comprometida em ver Jesus Cristo conhecido, amado e adorado entre aqueles que ainda n\u00e3o ouviram o evangelho. A RWW  capacita crist\u00e3os em todo o mundo para se tornarem melhores comunicadores e usar o r\u00e1dio para alcan\u00e7ar aqueles ao seu redor por meio de:<\/p>\n<ul>\n<li>Programa\u00e7\u00e3o criativa &#8211; produ\u00e7\u00e3o de programas principalmente para um p\u00fablico n\u00e3o crist\u00e3o, que s\u00e3o transmitidos para todo o mundo.<\/li>\n<li>Treinamento Eficaz &#8211; fornecendo treinamento para alunos que desejam adquirir habilidades de transmiss\u00e3o e experi\u00eancia pr\u00e1tica.<\/li>\n<li>Parcerias estrat\u00e9gicas &#8211; trabalhando ao lado de organiza\u00e7\u00f5es de m\u00eddia crist\u00e3s em todo o mundo.<\/li>\n<\/ul>\n<p>Para obter mais informa\u00e7\u00f5es, visite <a href=\"http:\/\/www.radioworldwide.org\/\">www.radioworldwide.org<\/a>[\/vc_column_text][\/vc_tta_section][\/vc_tta_tabs][\/vc_column][\/vc_row]<\/p>\n","protected":false},"excerpt":{"rendered":"<p>[vc_row type=&#8221;container&#8221; padding_top=&#8221;&#8221; padding_bottom=&#8221;&#8221; css=&#8221;.vc_custom_1449062960012{margin-bottom: 20px !important;}&#8221;][vc_column width=&#8221;1\/2&#8243;][vc_column_text]AbR Media trabalha em rede com v\u00e1rios organismos de treinamento e indiv\u00edduos e busca continuamente identificar treinadores crist\u00e3os trabalhando em toda a \u00c1frica. Alguns parceiros existentes s\u00e3o: Instituto de Treinamento em Comunica\u00e7\u00f5es Internacionais (ICTI) M\u00eddia \u00e0 dist\u00e2ncia MediAfrique Habari Maalum College R\u00e1dio Mundial Treinamento de instrutores individuais em [&hellip;]<\/p>\n","protected":false},"author":1,"featured_media":0,"parent":71485,"menu_order":3,"comment_status":"closed","ping_status":"closed","template":"","meta":{"footnotes":""},"class_list":["post-71463","page","type-page","status-publish","hentry"],"acf":[],"yoast_head":"<!-- This site is optimized with the Yoast SEO plugin v19.11 - https:\/\/yoast.com\/wordpress\/plugins\/seo\/ -->\n<title>Os Parceiros de Treinamento - AbR Media<\/title>\n<meta name=\"description\" content=\"The discovery and design of new materials, with an emphasis on solids.\" \/>\n<meta name=\"robots\" content=\"index, follow, max-snippet:-1, max-image-preview:large, max-video-preview:-1\" \/>\n<link rel=\"canonical\" href=\"https:\/\/abrmedia.org\/pt-pt\/treinamento\/os-parceiros-de-treinamento\/\" \/>\n<meta property=\"og:locale\" content=\"pt_PT\" \/>\n<meta property=\"og:type\" content=\"article\" \/>\n<meta property=\"og:title\" content=\"Os Parceiros de Treinamento - AbR Media\" \/>\n<meta property=\"og:description\" content=\"The discovery and design of new materials, with an emphasis on solids.\" \/>\n<meta property=\"og:url\" content=\"https:\/\/abrmedia.org\/pt-pt\/treinamento\/os-parceiros-de-treinamento\/\" \/>\n<meta property=\"og:site_name\" content=\"AbR Media\" \/>\n<meta property=\"article:modified_time\" content=\"2021-07-05T15:02:36+00:00\" \/>\n<meta name=\"twitter:card\" content=\"summary_large_image\" \/>\n<meta name=\"twitter:label1\" content=\"Tempo estimado de leitura\" \/>\n\t<meta name=\"twitter:data1\" content=\"4 minutos\" \/>\n<script type=\"application\/ld+json\" class=\"yoast-schema-graph\">{\"@context\":\"https:\/\/schema.org\",\"@graph\":[{\"@type\":\"WebPage\",\"@id\":\"https:\/\/abrmedia.org\/pt-pt\/treinamento\/os-parceiros-de-treinamento\/\",\"url\":\"https:\/\/abrmedia.org\/pt-pt\/treinamento\/os-parceiros-de-treinamento\/\",\"name\":\"Os Parceiros de Treinamento - AbR Media\",\"isPartOf\":{\"@id\":\"https:\/\/abrmedia.org\/#website\"},\"datePublished\":\"2021-07-05T15:02:35+00:00\",\"dateModified\":\"2021-07-05T15:02:36+00:00\",\"description\":\"The discovery and design of new materials, with an emphasis on solids.\",\"breadcrumb\":{\"@id\":\"https:\/\/abrmedia.org\/pt-pt\/treinamento\/os-parceiros-de-treinamento\/#breadcrumb\"},\"inLanguage\":\"pt-PT\",\"potentialAction\":[{\"@type\":\"ReadAction\",\"target\":[\"https:\/\/abrmedia.org\/pt-pt\/treinamento\/os-parceiros-de-treinamento\/\"]}]},{\"@type\":\"BreadcrumbList\",\"@id\":\"https:\/\/abrmedia.org\/pt-pt\/treinamento\/os-parceiros-de-treinamento\/#breadcrumb\",\"itemListElement\":[{\"@type\":\"ListItem\",\"position\":1,\"name\":\"Home\",\"item\":\"https:\/\/abrmedia.org\/pt-pt\/\"},{\"@type\":\"ListItem\",\"position\":2,\"name\":\"Treinamento\",\"item\":\"https:\/\/abrmedia.org\/pt-pt\/treinamento\/\"},{\"@type\":\"ListItem\",\"position\":3,\"name\":\"Os Parceiros de Treinamento\"}]},{\"@type\":\"WebSite\",\"@id\":\"https:\/\/abrmedia.org\/#website\",\"url\":\"https:\/\/abrmedia.org\/\",\"name\":\"AbR Media\",\"description\":\"This is a tagline\",\"potentialAction\":[{\"@type\":\"SearchAction\",\"target\":{\"@type\":\"EntryPoint\",\"urlTemplate\":\"https:\/\/abrmedia.org\/?s={search_term_string}\"},\"query-input\":\"required name=search_term_string\"}],\"inLanguage\":\"pt-PT\"}]}<\/script>\n<!-- \/ Yoast SEO plugin. -->","yoast_head_json":{"title":"Os Parceiros de Treinamento - AbR Media","description":"The discovery and design of new materials, with an emphasis on solids.","robots":{"index":"index","follow":"follow","max-snippet":"max-snippet:-1","max-image-preview":"max-image-preview:large","max-video-preview":"max-video-preview:-1"},"canonical":"https:\/\/abrmedia.org\/pt-pt\/treinamento\/os-parceiros-de-treinamento\/","og_locale":"pt_PT","og_type":"article","og_title":"Os Parceiros de Treinamento - AbR Media","og_description":"The discovery and design of new materials, with an emphasis on solids.","og_url":"https:\/\/abrmedia.org\/pt-pt\/treinamento\/os-parceiros-de-treinamento\/","og_site_name":"AbR Media","article_modified_time":"2021-07-05T15:02:36+00:00","twitter_card":"summary_large_image","twitter_misc":{"Tempo estimado de leitura":"4 minutos"},"schema":{"@context":"https:\/\/schema.org","@graph":[{"@type":"WebPage","@id":"https:\/\/abrmedia.org\/pt-pt\/treinamento\/os-parceiros-de-treinamento\/","url":"https:\/\/abrmedia.org\/pt-pt\/treinamento\/os-parceiros-de-treinamento\/","name":"Os Parceiros de Treinamento - AbR Media","isPartOf":{"@id":"https:\/\/abrmedia.org\/#website"},"datePublished":"2021-07-05T15:02:35+00:00","dateModified":"2021-07-05T15:02:36+00:00","description":"The discovery and design of new materials, with an emphasis on solids.","breadcrumb":{"@id":"https:\/\/abrmedia.org\/pt-pt\/treinamento\/os-parceiros-de-treinamento\/#breadcrumb"},"inLanguage":"pt-PT","potentialAction":[{"@type":"ReadAction","target":["https:\/\/abrmedia.org\/pt-pt\/treinamento\/os-parceiros-de-treinamento\/"]}]},{"@type":"BreadcrumbList","@id":"https:\/\/abrmedia.org\/pt-pt\/treinamento\/os-parceiros-de-treinamento\/#breadcrumb","itemListElement":[{"@type":"ListItem","position":1,"name":"Home","item":"https:\/\/abrmedia.org\/pt-pt\/"},{"@type":"ListItem","position":2,"name":"Treinamento","item":"https:\/\/abrmedia.org\/pt-pt\/treinamento\/"},{"@type":"ListItem","position":3,"name":"Os Parceiros de Treinamento"}]},{"@type":"WebSite","@id":"https:\/\/abrmedia.org\/#website","url":"https:\/\/abrmedia.org\/","name":"AbR Media","description":"This is a tagline","potentialAction":[{"@type":"SearchAction","target":{"@type":"EntryPoint","urlTemplate":"https:\/\/abrmedia.org\/?s={search_term_string}"},"query-input":"required name=search_term_string"}],"inLanguage":"pt-PT"}]}},"_links":{"self":[{"href":"https:\/\/abrmedia.org\/pt-pt\/wp-json\/wp\/v2\/pages\/71463","targetHints":{"allow":["GET"]}}],"collection":[{"href":"https:\/\/abrmedia.org\/pt-pt\/wp-json\/wp\/v2\/pages"}],"about":[{"href":"https:\/\/abrmedia.org\/pt-pt\/wp-json\/wp\/v2\/types\/page"}],"author":[{"embeddable":true,"href":"https:\/\/abrmedia.org\/pt-pt\/wp-json\/wp\/v2\/users\/1"}],"replies":[{"embeddable":true,"href":"https:\/\/abrmedia.org\/pt-pt\/wp-json\/wp\/v2\/comments?post=71463"}],"version-history":[{"count":3,"href":"https:\/\/abrmedia.org\/pt-pt\/wp-json\/wp\/v2\/pages\/71463\/revisions"}],"predecessor-version":[{"id":71469,"href":"https:\/\/abrmedia.org\/pt-pt\/wp-json\/wp\/v2\/pages\/71463\/revisions\/71469"}],"up":[{"embeddable":true,"href":"https:\/\/abrmedia.org\/pt-pt\/wp-json\/wp\/v2\/pages\/71485"}],"wp:attachment":[{"href":"https:\/\/abrmedia.org\/pt-pt\/wp-json\/wp\/v2\/media?parent=71463"}],"curies":[{"name":"wp","href":"https:\/\/api.w.org\/{rel}","templated":true}]}}