{"id":71470,"date":"2021-07-05T15:04:09","date_gmt":"2021-07-05T15:04:09","guid":{"rendered":"https:\/\/abrmedia.org\/recursos-de-treinamento\/"},"modified":"2021-07-05T15:04:09","modified_gmt":"2021-07-05T15:04:09","slug":"recursos-de-treinamento","status":"publish","type":"page","link":"https:\/\/abrmedia.org\/pt-pt\/treinamento\/recursos-de-treinamento\/","title":{"rendered":"Recursos de Treinamento"},"content":{"rendered":"<p>[vc_row type=&#8221;container&#8221; padding_top=&#8221;&#8221; padding_bottom=&#8221;&#8221; css=&#8221;.vc_custom_1445095550748{margin-bottom: 0px !important;}&#8221;][vc_column width=&#8221;1\/2&#8243;][vc_column_text]AbR Media procura compartilhar recursos para ajudar nossos associados. Inclu\u00edmos alguns recursos de treinamento aqui e convidamos voc\u00ea a nos informar sobre quaisquer outros que conhe\u00e7a.<\/p>\n<p><strong>V\u00eddeo de treinamento e habilidades de entrevista<\/strong><br \/>\nChris Singh, consultor de treinamento de m\u00eddia, produziu um v\u00eddeo sobre Aprendizagem de habilidades de entrevista. Ele j\u00e1 est\u00e1 dispon\u00edvel no Youtube e ele o ofereceu como um download gratuito. Se voc\u00ea tiver alguma ideia para v\u00eddeos de treinamento que gostaria de ver produzidos, Chris o convida a contat\u00e1-lo por e-mail, <a href=\"mailto:chrisrww@gmail.com\">chrisrww@gmail.com<\/a>[\/vc_column_text][\/vc_column][vc_column width=&#8221;1\/2&#8243;][vc_single_image image=&#8221;71294&#8243; img_size=&#8221;full&#8221; add_caption=&#8221;yes&#8221; onclick=&#8221;link_image&#8221;][\/vc_column][\/vc_row]<\/p>\n","protected":false},"excerpt":{"rendered":"<p>[vc_row type=&#8221;container&#8221; padding_top=&#8221;&#8221; padding_bottom=&#8221;&#8221; css=&#8221;.vc_custom_1445095550748{margin-bottom: 0px !important;}&#8221;][vc_column width=&#8221;1\/2&#8243;][vc_column_text]AbR Media procura compartilhar recursos para ajudar nossos associados. Inclu\u00edmos alguns recursos de treinamento aqui e convidamos voc\u00ea a nos informar sobre quaisquer outros que conhe\u00e7a. V\u00eddeo de treinamento e habilidades de entrevista Chris Singh, consultor de treinamento de m\u00eddia, produziu um v\u00eddeo sobre Aprendizagem de habilidades de [&hellip;]<\/p>\n","protected":false},"author":1,"featured_media":0,"parent":71485,"menu_order":4,"comment_status":"closed","ping_status":"closed","template":"","meta":{"footnotes":""},"class_list":["post-71470","page","type-page","status-publish","hentry"],"acf":[],"yoast_head":"<!-- This site is optimized with the Yoast SEO plugin v19.11 - https:\/\/yoast.com\/wordpress\/plugins\/seo\/ -->\n<title>Recursos de Treinamento - AbR Media<\/title>\n<meta name=\"description\" content=\"It involves the design, production, and operation of machinery.\" \/>\n<meta name=\"robots\" content=\"index, follow, max-snippet:-1, max-image-preview:large, max-video-preview:-1\" \/>\n<link rel=\"canonical\" href=\"https:\/\/abrmedia.org\/pt-pt\/treinamento\/recursos-de-treinamento\/\" \/>\n<meta property=\"og:locale\" content=\"pt_PT\" \/>\n<meta property=\"og:type\" content=\"article\" \/>\n<meta property=\"og:title\" content=\"Recursos de Treinamento - AbR Media\" \/>\n<meta property=\"og:description\" content=\"It involves the design, production, and operation of machinery.\" \/>\n<meta property=\"og:url\" content=\"https:\/\/abrmedia.org\/pt-pt\/treinamento\/recursos-de-treinamento\/\" \/>\n<meta property=\"og:site_name\" content=\"AbR Media\" \/>\n<meta name=\"twitter:card\" content=\"summary_large_image\" \/>\n<meta name=\"twitter:label1\" content=\"Tempo estimado de leitura\" \/>\n\t<meta name=\"twitter:data1\" content=\"1 minuto\" \/>\n<script type=\"application\/ld+json\" class=\"yoast-schema-graph\">{\"@context\":\"https:\/\/schema.org\",\"@graph\":[{\"@type\":\"WebPage\",\"@id\":\"https:\/\/abrmedia.org\/pt-pt\/treinamento\/recursos-de-treinamento\/\",\"url\":\"https:\/\/abrmedia.org\/pt-pt\/treinamento\/recursos-de-treinamento\/\",\"name\":\"Recursos de Treinamento - AbR Media\",\"isPartOf\":{\"@id\":\"https:\/\/abrmedia.org\/#website\"},\"datePublished\":\"2021-07-05T15:04:09+00:00\",\"dateModified\":\"2021-07-05T15:04:09+00:00\",\"description\":\"It involves the design, production, and operation of machinery.\",\"breadcrumb\":{\"@id\":\"https:\/\/abrmedia.org\/pt-pt\/treinamento\/recursos-de-treinamento\/#breadcrumb\"},\"inLanguage\":\"pt-PT\",\"potentialAction\":[{\"@type\":\"ReadAction\",\"target\":[\"https:\/\/abrmedia.org\/pt-pt\/treinamento\/recursos-de-treinamento\/\"]}]},{\"@type\":\"BreadcrumbList\",\"@id\":\"https:\/\/abrmedia.org\/pt-pt\/treinamento\/recursos-de-treinamento\/#breadcrumb\",\"itemListElement\":[{\"@type\":\"ListItem\",\"position\":1,\"name\":\"Home\",\"item\":\"https:\/\/abrmedia.org\/pt-pt\/\"},{\"@type\":\"ListItem\",\"position\":2,\"name\":\"Treinamento\",\"item\":\"https:\/\/abrmedia.org\/pt-pt\/treinamento\/\"},{\"@type\":\"ListItem\",\"position\":3,\"name\":\"Recursos de Treinamento\"}]},{\"@type\":\"WebSite\",\"@id\":\"https:\/\/abrmedia.org\/#website\",\"url\":\"https:\/\/abrmedia.org\/\",\"name\":\"AbR Media\",\"description\":\"This is a tagline\",\"potentialAction\":[{\"@type\":\"SearchAction\",\"target\":{\"@type\":\"EntryPoint\",\"urlTemplate\":\"https:\/\/abrmedia.org\/?s={search_term_string}\"},\"query-input\":\"required name=search_term_string\"}],\"inLanguage\":\"pt-PT\"}]}<\/script>\n<!-- \/ Yoast SEO plugin. -->","yoast_head_json":{"title":"Recursos de Treinamento - AbR Media","description":"It involves the design, production, and operation of machinery.","robots":{"index":"index","follow":"follow","max-snippet":"max-snippet:-1","max-image-preview":"max-image-preview:large","max-video-preview":"max-video-preview:-1"},"canonical":"https:\/\/abrmedia.org\/pt-pt\/treinamento\/recursos-de-treinamento\/","og_locale":"pt_PT","og_type":"article","og_title":"Recursos de Treinamento - AbR Media","og_description":"It involves the design, production, and operation of machinery.","og_url":"https:\/\/abrmedia.org\/pt-pt\/treinamento\/recursos-de-treinamento\/","og_site_name":"AbR Media","twitter_card":"summary_large_image","twitter_misc":{"Tempo estimado de leitura":"1 minuto"},"schema":{"@context":"https:\/\/schema.org","@graph":[{"@type":"WebPage","@id":"https:\/\/abrmedia.org\/pt-pt\/treinamento\/recursos-de-treinamento\/","url":"https:\/\/abrmedia.org\/pt-pt\/treinamento\/recursos-de-treinamento\/","name":"Recursos de Treinamento - AbR Media","isPartOf":{"@id":"https:\/\/abrmedia.org\/#website"},"datePublished":"2021-07-05T15:04:09+00:00","dateModified":"2021-07-05T15:04:09+00:00","description":"It involves the design, production, and operation of machinery.","breadcrumb":{"@id":"https:\/\/abrmedia.org\/pt-pt\/treinamento\/recursos-de-treinamento\/#breadcrumb"},"inLanguage":"pt-PT","potentialAction":[{"@type":"ReadAction","target":["https:\/\/abrmedia.org\/pt-pt\/treinamento\/recursos-de-treinamento\/"]}]},{"@type":"BreadcrumbList","@id":"https:\/\/abrmedia.org\/pt-pt\/treinamento\/recursos-de-treinamento\/#breadcrumb","itemListElement":[{"@type":"ListItem","position":1,"name":"Home","item":"https:\/\/abrmedia.org\/pt-pt\/"},{"@type":"ListItem","position":2,"name":"Treinamento","item":"https:\/\/abrmedia.org\/pt-pt\/treinamento\/"},{"@type":"ListItem","position":3,"name":"Recursos de Treinamento"}]},{"@type":"WebSite","@id":"https:\/\/abrmedia.org\/#website","url":"https:\/\/abrmedia.org\/","name":"AbR Media","description":"This is a tagline","potentialAction":[{"@type":"SearchAction","target":{"@type":"EntryPoint","urlTemplate":"https:\/\/abrmedia.org\/?s={search_term_string}"},"query-input":"required name=search_term_string"}],"inLanguage":"pt-PT"}]}},"_links":{"self":[{"href":"https:\/\/abrmedia.org\/pt-pt\/wp-json\/wp\/v2\/pages\/71470","targetHints":{"allow":["GET"]}}],"collection":[{"href":"https:\/\/abrmedia.org\/pt-pt\/wp-json\/wp\/v2\/pages"}],"about":[{"href":"https:\/\/abrmedia.org\/pt-pt\/wp-json\/wp\/v2\/types\/page"}],"author":[{"embeddable":true,"href":"https:\/\/abrmedia.org\/pt-pt\/wp-json\/wp\/v2\/users\/1"}],"replies":[{"embeddable":true,"href":"https:\/\/abrmedia.org\/pt-pt\/wp-json\/wp\/v2\/comments?post=71470"}],"version-history":[{"count":2,"href":"https:\/\/abrmedia.org\/pt-pt\/wp-json\/wp\/v2\/pages\/71470\/revisions"}],"predecessor-version":[{"id":71472,"href":"https:\/\/abrmedia.org\/pt-pt\/wp-json\/wp\/v2\/pages\/71470\/revisions\/71472"}],"up":[{"embeddable":true,"href":"https:\/\/abrmedia.org\/pt-pt\/wp-json\/wp\/v2\/pages\/71485"}],"wp:attachment":[{"href":"https:\/\/abrmedia.org\/pt-pt\/wp-json\/wp\/v2\/media?parent=71470"}],"curies":[{"name":"wp","href":"https:\/\/api.w.org\/{rel}","templated":true}]}}