{"id":71485,"date":"2021-07-05T15:15:46","date_gmt":"2021-07-05T15:15:46","guid":{"rendered":"https:\/\/abrmedia.org\/treinamento\/"},"modified":"2021-07-05T15:15:47","modified_gmt":"2021-07-05T15:15:47","slug":"treinamento","status":"publish","type":"page","link":"https:\/\/abrmedia.org\/pt-pt\/treinamento\/","title":{"rendered":"Treinamento"},"content":{"rendered":"<p>[vc_row type=&#8221;container&#8221;][vc_column][vc_column_text]<\/p>\n<h2>Treinamento<\/h2>\n<p>AbR Media se esfor\u00e7a para promover e facilitar eventos de desenvolvimento de treinamento e oportunidades que ir\u00e3o aprimorar a m\u00eddia crist\u00e3. Africa Media Trainers (AMT) \u00e9 reconhecido como um f\u00f3rum para pessoas que est\u00e3o diretamente envolvidas com o treinamento de m\u00eddia crist\u00e3 na \u00c1frica Subsaariana.<\/p>\n<p>O treinamento \u00e9 realizado por meio de parcerias com v\u00e1rias instala\u00e7\u00f5es e indiv\u00edduos baseados dentro e fora da \u00c1frica Subsaariana.[\/vc_column_text][\/vc_column][\/vc_row][vc_row type=&#8221;container&#8221; padding_top=&#8221;&#8221; padding_bottom=&#8221;&#8221; css=&#8221;.vc_custom_1447263760697{margin-bottom: 0px !important;padding-top: 50px !important;}&#8221;][vc_column width=&#8221;1\/3&#8243; css=&#8221;.vc_custom_1451766735451{margin-bottom: 35px !important;}&#8221;][vc_single_image image=&#8221;71296&#8243; img_size=&#8221;large&#8221; onclick=&#8221;custom_link&#8221; css_animation=&#8221;bottom-to-top&#8221; link=&#8221;#&#8221; css=&#8221;.vc_custom_1621610879169{border-bottom-width: 0px !important;}&#8221;][vc_column_text css=&#8221;.vc_custom_1625489197293{margin-top: -15px !important;margin-bottom: 20px !important;padding-right: 5px !important;}&#8221;]<\/p>\n<h4><a href=\"https:\/\/abrmedia.org\/pt-pt\/training\/media-trainers\/\">Media Trainers<\/a><\/h4>\n<h6>\u201cAfrica Media Trainers\u201d O f\u00f3rum e instrutores de m\u00eddia da \u00c1frica \u00e9 o bra\u00e7o de treinamento reconhecido da AbR Media. AMT \u00e9 uma rede de treinadores de m\u00eddia crist\u00e3 ativa na \u00c1frica, composta por v\u00e1rios \u00f3rg\u00e3os de treinamento e treinadores individuais. <\/h6>\n<p><a class=\"more-link\" href=\"https:\/\/abrmedia.org\/pt-pt\/training\/media-trainers\/\">Consulte mais informa\u00e7\u00e3o<\/a>[\/vc_column_text][\/vc_column][vc_column width=&#8221;1\/3&#8243; css=&#8221;.vc_custom_1451766709466{margin-bottom: 35px !important;}&#8221;][vc_single_image image=&#8221;71295&#8243; img_size=&#8221;large&#8221; onclick=&#8221;custom_link&#8221; css_animation=&#8221;bottom-to-top&#8221; link=&#8221;#&#8221; css=&#8221;.vc_custom_1621610888394{border-bottom-width: 0px !important;}&#8221;][vc_column_text css=&#8221;.vc_custom_1619864954924{margin-top: -15px !important;margin-bottom: 20px !important;padding-right: 5px !important;}&#8221;]<\/p>\n<h4><a href=\"https:\/\/abrmedia.org\/pt-pt\/training\/training-partners\/\">Os Parceiros de Treinamento<\/a><\/h4>\n<h6>AbR Media trabalha em rede com v\u00e1rios organismos de treinamento e indiv\u00edduos e busca continuamente identificar treinadores crist\u00e3os trabalhando em toda a \u00c1frica.<\/h6>\n<p><a class=\"more-link\" href=\"https:\/\/abrmedia.org\/pt-pt\/training\/training-partners\/\">Consulte mais informa\u00e7\u00e3o<\/a>[\/vc_column_text][\/vc_column][vc_column width=&#8221;1\/3&#8243; css=&#8221;.vc_custom_1451766722338{margin-bottom: 35px !important;}&#8221;][vc_single_image image=&#8221;71294&#8243; img_size=&#8221;large&#8221; onclick=&#8221;custom_link&#8221; css_animation=&#8221;bottom-to-top&#8221; link=&#8221;#&#8221; css=&#8221;.vc_custom_1621610897012{border-bottom-width: 0px !important;}&#8221;][vc_column_text css=&#8221;.vc_custom_1619864982904{margin-top: -15px !important;margin-bottom: 20px !important;padding-right: 0px !important;}&#8221;]<\/p>\n<h4><a href=\"https:\/\/abrmedia.org\/pt-pt\/training\/training-resources\/\">Recursos de Treinamento<\/a><\/h4>\n<h6>AbR Media procura compartilhar recursos para ajudar nossos associados. Inclu\u00edmos alguns recursos de treinamento aqui e convidamos voc\u00ea a nos informar sobre quaisquer outros que conhe\u00e7a.<\/h6>\n<p><a class=\"more-link\" href=\"https:\/\/abrmedia.org\/pt-pt\/training\/training-resources\/\">Consulte mais informa\u00e7\u00e3o<\/a>[\/vc_column_text][\/vc_column][\/vc_row]<\/p>\n","protected":false},"excerpt":{"rendered":"<p>[vc_row type=&#8221;container&#8221;][vc_column][vc_column_text] Treinamento AbR Media se esfor\u00e7a para promover e facilitar eventos de desenvolvimento de treinamento e oportunidades que ir\u00e3o aprimorar a m\u00eddia crist\u00e3. Africa Media Trainers (AMT) \u00e9 reconhecido como um f\u00f3rum para pessoas que est\u00e3o diretamente envolvidas com o treinamento de m\u00eddia crist\u00e3 na \u00c1frica Subsaariana. O treinamento \u00e9 realizado por meio de [&hellip;]<\/p>\n","protected":false},"author":1,"featured_media":0,"parent":0,"menu_order":0,"comment_status":"closed","ping_status":"closed","template":"page-full-width.php","meta":{"footnotes":""},"class_list":["post-71485","page","type-page","status-publish","hentry"],"acf":[],"yoast_head":"<!-- This site is optimized with the Yoast SEO plugin v19.11 - https:\/\/yoast.com\/wordpress\/plugins\/seo\/ -->\n<title>Treinamento - AbR Media<\/title>\n<meta name=\"description\" content=\"Discover our solutions\" \/>\n<meta name=\"robots\" content=\"index, follow, max-snippet:-1, max-image-preview:large, max-video-preview:-1\" \/>\n<link rel=\"canonical\" href=\"https:\/\/abrmedia.org\/pt-pt\/treinamento\/\" \/>\n<meta property=\"og:locale\" content=\"pt_PT\" \/>\n<meta property=\"og:type\" content=\"article\" \/>\n<meta property=\"og:title\" content=\"Treinamento - AbR Media\" \/>\n<meta property=\"og:description\" content=\"Discover our solutions\" \/>\n<meta property=\"og:url\" content=\"https:\/\/abrmedia.org\/pt-pt\/treinamento\/\" \/>\n<meta property=\"og:site_name\" content=\"AbR Media\" \/>\n<meta property=\"article:modified_time\" content=\"2021-07-05T15:15:47+00:00\" \/>\n<meta name=\"twitter:card\" content=\"summary_large_image\" \/>\n<meta name=\"twitter:label1\" content=\"Tempo estimado de leitura\" \/>\n\t<meta name=\"twitter:data1\" content=\"2 minutos\" \/>\n<script type=\"application\/ld+json\" class=\"yoast-schema-graph\">{\"@context\":\"https:\/\/schema.org\",\"@graph\":[{\"@type\":\"WebPage\",\"@id\":\"https:\/\/abrmedia.org\/pt-pt\/treinamento\/\",\"url\":\"https:\/\/abrmedia.org\/pt-pt\/treinamento\/\",\"name\":\"Treinamento - AbR Media\",\"isPartOf\":{\"@id\":\"https:\/\/abrmedia.org\/#website\"},\"datePublished\":\"2021-07-05T15:15:46+00:00\",\"dateModified\":\"2021-07-05T15:15:47+00:00\",\"description\":\"Discover our solutions\",\"breadcrumb\":{\"@id\":\"https:\/\/abrmedia.org\/pt-pt\/treinamento\/#breadcrumb\"},\"inLanguage\":\"pt-PT\",\"potentialAction\":[{\"@type\":\"ReadAction\",\"target\":[\"https:\/\/abrmedia.org\/pt-pt\/treinamento\/\"]}]},{\"@type\":\"BreadcrumbList\",\"@id\":\"https:\/\/abrmedia.org\/pt-pt\/treinamento\/#breadcrumb\",\"itemListElement\":[{\"@type\":\"ListItem\",\"position\":1,\"name\":\"Home\",\"item\":\"https:\/\/abrmedia.org\/pt-pt\/\"},{\"@type\":\"ListItem\",\"position\":2,\"name\":\"Treinamento\"}]},{\"@type\":\"WebSite\",\"@id\":\"https:\/\/abrmedia.org\/#website\",\"url\":\"https:\/\/abrmedia.org\/\",\"name\":\"AbR Media\",\"description\":\"This is a tagline\",\"potentialAction\":[{\"@type\":\"SearchAction\",\"target\":{\"@type\":\"EntryPoint\",\"urlTemplate\":\"https:\/\/abrmedia.org\/?s={search_term_string}\"},\"query-input\":\"required name=search_term_string\"}],\"inLanguage\":\"pt-PT\"}]}<\/script>\n<!-- \/ Yoast SEO plugin. -->","yoast_head_json":{"title":"Treinamento - AbR Media","description":"Discover our solutions","robots":{"index":"index","follow":"follow","max-snippet":"max-snippet:-1","max-image-preview":"max-image-preview:large","max-video-preview":"max-video-preview:-1"},"canonical":"https:\/\/abrmedia.org\/pt-pt\/treinamento\/","og_locale":"pt_PT","og_type":"article","og_title":"Treinamento - AbR Media","og_description":"Discover our solutions","og_url":"https:\/\/abrmedia.org\/pt-pt\/treinamento\/","og_site_name":"AbR Media","article_modified_time":"2021-07-05T15:15:47+00:00","twitter_card":"summary_large_image","twitter_misc":{"Tempo estimado de leitura":"2 minutos"},"schema":{"@context":"https:\/\/schema.org","@graph":[{"@type":"WebPage","@id":"https:\/\/abrmedia.org\/pt-pt\/treinamento\/","url":"https:\/\/abrmedia.org\/pt-pt\/treinamento\/","name":"Treinamento - AbR Media","isPartOf":{"@id":"https:\/\/abrmedia.org\/#website"},"datePublished":"2021-07-05T15:15:46+00:00","dateModified":"2021-07-05T15:15:47+00:00","description":"Discover our solutions","breadcrumb":{"@id":"https:\/\/abrmedia.org\/pt-pt\/treinamento\/#breadcrumb"},"inLanguage":"pt-PT","potentialAction":[{"@type":"ReadAction","target":["https:\/\/abrmedia.org\/pt-pt\/treinamento\/"]}]},{"@type":"BreadcrumbList","@id":"https:\/\/abrmedia.org\/pt-pt\/treinamento\/#breadcrumb","itemListElement":[{"@type":"ListItem","position":1,"name":"Home","item":"https:\/\/abrmedia.org\/pt-pt\/"},{"@type":"ListItem","position":2,"name":"Treinamento"}]},{"@type":"WebSite","@id":"https:\/\/abrmedia.org\/#website","url":"https:\/\/abrmedia.org\/","name":"AbR Media","description":"This is a tagline","potentialAction":[{"@type":"SearchAction","target":{"@type":"EntryPoint","urlTemplate":"https:\/\/abrmedia.org\/?s={search_term_string}"},"query-input":"required name=search_term_string"}],"inLanguage":"pt-PT"}]}},"_links":{"self":[{"href":"https:\/\/abrmedia.org\/pt-pt\/wp-json\/wp\/v2\/pages\/71485","targetHints":{"allow":["GET"]}}],"collection":[{"href":"https:\/\/abrmedia.org\/pt-pt\/wp-json\/wp\/v2\/pages"}],"about":[{"href":"https:\/\/abrmedia.org\/pt-pt\/wp-json\/wp\/v2\/types\/page"}],"author":[{"embeddable":true,"href":"https:\/\/abrmedia.org\/pt-pt\/wp-json\/wp\/v2\/users\/1"}],"replies":[{"embeddable":true,"href":"https:\/\/abrmedia.org\/pt-pt\/wp-json\/wp\/v2\/comments?post=71485"}],"version-history":[{"count":3,"href":"https:\/\/abrmedia.org\/pt-pt\/wp-json\/wp\/v2\/pages\/71485\/revisions"}],"predecessor-version":[{"id":71488,"href":"https:\/\/abrmedia.org\/pt-pt\/wp-json\/wp\/v2\/pages\/71485\/revisions\/71488"}],"wp:attachment":[{"href":"https:\/\/abrmedia.org\/pt-pt\/wp-json\/wp\/v2\/media?parent=71485"}],"curies":[{"name":"wp","href":"https:\/\/api.w.org\/{rel}","templated":true}]}}